{"id":3710,"date":"2023-07-24T15:37:56","date_gmt":"2023-07-24T18:37:56","guid":{"rendered":"https:\/\/lidertecsa.com.ar\/catalogo\/?post_type=product&#038;p=3710"},"modified":"2025-06-27T17:59:03","modified_gmt":"2025-06-27T20:59:03","slug":"mezclador-de-mortero-inalambrico-te-mx-18-li-solo","status":"publish","type":"product","link":"https:\/\/lidertecsa.com.ar\/catalogo\/producto\/mezclador-de-mortero-inalambrico-te-mx-18-li-solo\/","title":{"rendered":"Mezclador de mortero Inal\u00e1mbrico TE-MX 18 LI SOLO"},"content":{"rendered":"<p>El agitador de mortero TE-MX 18 Li,pertenece a la familia Power X-Change. No importa si se debe mezclar pintura, pegamento o mortero: con el potente agitador de mortero a bater\u00eda es exactamente la herramienta adecuada para crear una masa homog\u00e9nea. El agitador de mortero\u00a0 est\u00e1 equipado con una electr\u00f3nica de velocidad para trabajos de material, de aplicaci\u00f3n y puede ajustarse individualmente a la consistencia o dureza de la mezcla. El arranque suave proporciona una grabaci\u00f3n lenta del movimiento de mezcla, sin salpicaduras ni polvos de remolque. La forma ergon\u00f3mica del mango proporciona una agradable sensaci\u00f3n de trabajo y un agarre firme en todas las tareas. La ligera y sin embargo robusta carcasa de aluminio est\u00e1 dise\u00f1ada para una larga vida \u00fatil. La robusta bandeja para mezclar est\u00e1 equipada con una rosca M14. El env\u00edo incluye un agitador para mortero (100 mm de di\u00e1metro). Se entrega sin bater\u00eda Power X-Change y sin cargador, se venden por separado. Todas las bater\u00edas de la serie PXC se pueden combinar con el agitador de mortero a color de la bater\u00eda.<\/p>\n<table width=\"418\">\n<tbody>\n<tr>\n<td colspan=\"2\" width=\"418\">T\u00e9cnico<\/td>\n<\/tr>\n<tr>\n<td width=\"250\">Tipo de accesorio agitador<\/td>\n<td width=\"168\">M14<\/td>\n<\/tr>\n<tr>\n<td width=\"250\">Velocidad sin carga (marcha 1)<\/td>\n<td width=\"168\">0-620 min ^ -1<\/td>\n<\/tr>\n<tr>\n<td width=\"250\">Velocidad sin carga m\u00e1x.<\/td>\n<td width=\"168\">620 min ^ -1<\/td>\n<\/tr>\n<\/tbody>\n<\/table>\n","protected":false},"excerpt":{"rendered":"<ul>\n<li>Miembro de la familia Power X-Change<\/li>\n<li>Electr\u00f3nica de velocidad para un trabajo adecuado para el material y la aplicaci\u00f3n<\/li>\n<li>Mango de forma ergon\u00f3mica para una operaci\u00f3n c\u00f3moda<\/li>\n<li>Carcasa de aluminio resistente y duradera<\/li>\n<li>Funci\u00f3n de arranque suave para un trabajo c\u00f3modo y seguro.<\/li>\n<li>Soporte de agitador resistente M14<\/li>\n<li>Incl. agitador de mortero (\u00d8 100 mm)<\/li>\n<li>Se suministra sin bater\u00eda ni cargador (disponible por separado)<\/li>\n<li><\/li>\n<\/ul>\n","protected":false},"featured_media":3712,"template":"","meta":{"_joinchat":[]},"product_cat":[50],"product_tag":[389],"class_list":{"0":"post-3710","1":"product","2":"type-product","3":"status-publish","4":"has-post-thumbnail","6":"product_cat-herramientas-a-bateria","7":"product_tag-mezclador","9":"first","10":"instock","11":"product-type-simple"},"_links":{"self":[{"href":"https:\/\/lidertecsa.com.ar\/catalogo\/wp-json\/wp\/v2\/product\/3710"}],"collection":[{"href":"https:\/\/lidertecsa.com.ar\/catalogo\/wp-json\/wp\/v2\/product"}],"about":[{"href":"https:\/\/lidertecsa.com.ar\/catalogo\/wp-json\/wp\/v2\/types\/product"}],"wp:featuredmedia":[{"embeddable":true,"href":"https:\/\/lidertecsa.com.ar\/catalogo\/wp-json\/wp\/v2\/media\/3712"}],"wp:attachment":[{"href":"https:\/\/lidertecsa.com.ar\/catalogo\/wp-json\/wp\/v2\/media?parent=3710"}],"wp:term":[{"taxonomy":"product_cat","embeddable":true,"href":"https:\/\/lidertecsa.com.ar\/catalogo\/wp-json\/wp\/v2\/product_cat?post=3710"},{"taxonomy":"product_tag","embeddable":true,"href":"https:\/\/lidertecsa.com.ar\/catalogo\/wp-json\/wp\/v2\/product_tag?post=3710"}],"curies":[{"name":"wp","href":"https:\/\/api.w.org\/{rel}","templated":true}]}}