{"id":3691,"date":"2023-07-24T14:53:25","date_gmt":"2023-07-24T17:53:25","guid":{"rendered":"https:\/\/lidertecsa.com.ar\/catalogo\/?post_type=product&#038;p=3691"},"modified":"2024-12-13T16:35:01","modified_gmt":"2024-12-13T19:35:01","slug":"cables-para-baterias-2","status":"publish","type":"product","link":"https:\/\/lidertecsa.com.ar\/catalogo\/producto\/cables-para-baterias-2\/","title":{"rendered":"Cables para Bater\u00edas"},"content":{"rendered":"<div id=\"description\" class=\"section-row -padded-wide--mod-top-only -in-viewport\" data-anchornav=\"Artikelbeschreibung\">\n<div class=\"col-wrapper -max-width-limited\">\n<div class=\"content-item module-description\">\n<div class=\"description-wrapper\">\n<div class=\"col-two\">\n<div class=\"description__content\">\n<div id=\"description\" class=\"section-row -padded-wide--mod-top-only -in-viewport\" data-anchornav=\"Artikelbeschreibung\">\n<div class=\"col-wrapper -max-width-limited\">\n<div class=\"content-item module-description\">\n<div class=\"description-wrapper\">\n<div class=\"col-two\">\n<div class=\"description__content\">\n<p><span>El cable puente BT-BO 16\/1 A LED SP hace un buen trabajo de arranque de motores de gasolina.\u00a0Las pinzas de 4 polos est\u00e1n completamente aisladas y equipadas con iluminaci\u00f3n LED.\u00a0El material del conductor es aluminio de 19,4 mm\u00b2 (= cable de cobre de 16 mm\u00b2).\u00a0La electr\u00f3nica de protecci\u00f3n integrada contra picos de tensi\u00f3n nocivos garantiza una asistencia de arranque fiable.\u00a0Una pr\u00e1ctica bolsa de transporte ya est\u00e1 incluida en el volumen de suministro del cable de puente probado seg\u00fan DIN 72553-16.<\/span><\/p>\n<\/div>\n<\/div>\n<\/div>\n<\/div>\n<\/div>\n<\/div>\n<div id=\"technical-details\" class=\"section-row -padded-wide--mod-top-only -in-viewport\" data-anchornav=\"Technische Daten\">\n<div class=\"col-wrapper -max-width-limited -decrease-width\">\n<div class=\"col\">\n<div class=\"content-item module-headline-paragraph headline paragraph -color-headline-black\">\n<h2 class=\"heading delta\"><span>Especificaciones t\u00e9cnicas<\/span><\/h2>\n<\/div>\n<div class=\"content-item module-table -styling-beta\">\n<table class=\"table__table\">\n<tbody>\n<tr class=\"-show tr-odd\">\n<td><span class=\"bold\"><span>secci\u00f3n transversal del conductor<\/span><\/span><\/td>\n<td><span>19,4 mm\u00b2<\/span><\/td>\n<\/tr>\n<tr class=\"-show tr-even\">\n<td><span class=\"bold\"><span>Longitud del cable de puente<\/span><\/span><\/td>\n<td><span>3m<\/span><\/td>\n<\/tr>\n<tr class=\"-show tr-odd\">\n<td><span class=\"bold\"><span>Motores de gasolina de cilindrada m\u00e1xima<\/span><\/span><\/td>\n<td><span>2500cc<\/span><\/td>\n<\/tr>\n<tr class=\"-show tr-even\">\n<td><span class=\"bold\"><span>Corriente maxima<\/span><\/span><\/td>\n<td><span>220A<\/span><\/td>\n<\/tr>\n<tr class=\"-show tr-odd\">\n<td><span class=\"bold\"><span>Peso del Producto<\/span><\/span><\/td>\n<td><span>1,18 kg<\/span><\/td>\n<\/tr>\n<\/tbody>\n<\/table>\n<\/div>\n<\/div>\n<\/div>\n<\/div>\n<\/div>\n<\/div>\n<\/div>\n<\/div>\n<\/div>\n<\/div>\n<div id=\"technical-details\" class=\"section-row -padded-wide--mod-top-only -in-viewport\" data-anchornav=\"Technische Daten\">\n<div class=\"col-wrapper -max-width-limited -decrease-width\">\n<div class=\"col\"><\/div>\n<\/div>\n<\/div>\n","protected":false},"excerpt":{"rendered":"<ul>\n<li class=\" meta\"><span>Cables puente probados seg\u00fan DIN 72553-16<\/span><\/li>\n<li class=\" meta\"><span>4 abrazaderas de terminal completamente aisladas<\/span><\/li>\n<li class=\" meta\"><span>Material conductor de aluminio de 19,4 mm\u00b2 (= cable de cobre de 16 mm\u00b2)<\/span><\/li>\n<li class=\" meta\"><span>Pinzas con iluminaci\u00f3n LED<\/span><\/li>\n<li class=\" meta\"><span>Protecci\u00f3n electr\u00f3nica contra picos de voltaje da\u00f1inos durante arranques con cables<\/span><\/li>\n<li class=\"meta\"><span>Incl. bolsa de transporte<\/span><\/li>\n<\/ul>\n","protected":false},"featured_media":976,"template":"","meta":{"_joinchat":[]},"product_cat":[50],"product_tag":[277],"class_list":{"0":"post-3691","1":"product","2":"type-product","3":"status-publish","4":"has-post-thumbnail","6":"product_cat-herramientas-a-bateria","7":"product_tag-cables-para-baterias","9":"first","10":"instock","11":"product-type-simple"},"_links":{"self":[{"href":"https:\/\/lidertecsa.com.ar\/catalogo\/wp-json\/wp\/v2\/product\/3691"}],"collection":[{"href":"https:\/\/lidertecsa.com.ar\/catalogo\/wp-json\/wp\/v2\/product"}],"about":[{"href":"https:\/\/lidertecsa.com.ar\/catalogo\/wp-json\/wp\/v2\/types\/product"}],"wp:featuredmedia":[{"embeddable":true,"href":"https:\/\/lidertecsa.com.ar\/catalogo\/wp-json\/wp\/v2\/media\/976"}],"wp:attachment":[{"href":"https:\/\/lidertecsa.com.ar\/catalogo\/wp-json\/wp\/v2\/media?parent=3691"}],"wp:term":[{"taxonomy":"product_cat","embeddable":true,"href":"https:\/\/lidertecsa.com.ar\/catalogo\/wp-json\/wp\/v2\/product_cat?post=3691"},{"taxonomy":"product_tag","embeddable":true,"href":"https:\/\/lidertecsa.com.ar\/catalogo\/wp-json\/wp\/v2\/product_tag?post=3691"}],"curies":[{"name":"wp","href":"https:\/\/api.w.org\/{rel}","templated":true}]}}