{"id":3687,"date":"2023-07-24T14:28:07","date_gmt":"2023-07-24T17:28:07","guid":{"rendered":"https:\/\/lidertecsa.com.ar\/catalogo\/?post_type=product&#038;p=3687"},"modified":"2024-12-13T16:35:01","modified_gmt":"2024-12-13T19:35:01","slug":"kit-de-taladro-inalambrico-12v","status":"publish","type":"product","link":"https:\/\/lidertecsa.com.ar\/catalogo\/producto\/kit-de-taladro-inalambrico-12v\/","title":{"rendered":"Kit de taladro inal\u00e1mbrico 12v"},"content":{"rendered":"<p><span class=\"heading gamma\">Descripci\u00f3n del articulo<\/span><\/p>\n<p>El juego de taladros inal\u00e1mbricos Einhell TE-CD 12\/1 +22+CL (2\u00d72,0 Ah) es la herramienta perfecta para taladrar y atornillar en el hogar, el jard\u00edn y el taller: pr\u00e1cticamente dos herramientas en una, para un uso flexible y compacto.\u00a0Gracias a la tecnolog\u00eda de iones de litio sin autodescarga, el taladro atornillador inal\u00e1mbrico siempre est\u00e1 listo para usar.\u00a0La caja de cambios de 2 velocidades permite taladrar y atornillar con gran potencia.\u00a0La electr\u00f3nica de velocidad asegura un trabajo apropiado para el material y la aplicaci\u00f3n.\u00a0Gracias a la iluminaci\u00f3n LED, se garantiza un trabajo \u00f3ptimo incluso en zonas oscuras.\u00a0El dise\u00f1o ergon\u00f3mico con agarre suave lo hace realmente pr\u00e1ctico.\u00a0Para una m\u00e1xima durabilidad, el taladro atornillador inal\u00e1mbrico est\u00e1 equipado con una robusta caja de engranajes de metal.\u00a0El conjunto incluye un cargador de 45 minutos y dos bater\u00edas de 2,0 Ah.\u00a0La entrega tambi\u00e9n incluye un juego de brocas (taladro) de 22 piezas, para que nada se interponga en el camino del primer uso.<\/p>\n<div class=\"content-item module-headline-paragraph headline paragraph -color-headline-black\">\n<h2 class=\"heading delta\">Detalles t\u00e9cnicos<\/h2>\n<\/div>\n<div class=\"content-item module-table -styling-beta\">\n<table class=\"table__table\">\n<tbody>\n<tr class=\"-show tr-odd\">\n<td><span class=\"bold\">m\u00e1x.\u00a0portabrocas de capacidad<\/span><\/td>\n<td>10mm<\/td>\n<\/tr>\n<tr class=\"-show tr-even\">\n<td><span class=\"bold\">m\u00edn.\u00a0portabrocas de capacidad<\/span><\/td>\n<td>1 mil\u00edmetro<\/td>\n<\/tr>\n<tr class=\"-show tr-odd\">\n<td><span class=\"bold\">Tipo de motor<\/span><\/td>\n<td>motor de cepillo<\/td>\n<\/tr>\n<tr class=\"-show tr-even\">\n<td><span class=\"bold\">Voltaje del motor<\/span><\/td>\n<td>12 voltios<\/td>\n<\/tr>\n<tr class=\"-show tr-odd\">\n<td><span class=\"bold\">N\u00famero de bater\u00edas incluidas en la entrega<\/span><\/td>\n<td>2 piezas<\/td>\n<\/tr>\n<tr class=\"-show tr-even\">\n<td><span class=\"bold\">N\u00famero de cargadores incluidos en la entrega<\/span><\/td>\n<td>PC 1<\/td>\n<\/tr>\n<tr class=\"-show tr-odd\">\n<td><span class=\"bold\">Peso del Producto<\/span><\/td>\n<td>1,61 kg<\/td>\n<\/tr>\n<tr class=\"-show tr-even\">\n<td><span class=\"bold\">Torque (duro)<\/span><\/td>\n<td>30 nm<\/td>\n<\/tr>\n<tr class=\"-show tr-odd\">\n<td><span class=\"bold\">Pasos de ajuste de par<\/span><\/td>\n<td>20<\/td>\n<\/tr>\n<\/tbody>\n<\/table>\n<h2 class=\"-color-alpha heading beta\">Listo para cada tarea<\/h2>\n<h3 class=\"heading epsilon\">Totalmente equipado con una amplia gama de accesorios.<\/h3>\n<p>El taladro atornillador inal\u00e1mbrico TE-CD 12\/1 Li +22+CL (2\u00d72,0 Ah) viene con un amplio juego de accesorios para comenzar de inmediato.\u00a0El volumen de suministro incluye: 2 bater\u00edas de 2,0 Ah, 1 cargador de 45 min y una caja de brocas de 22 piezas con 5 brocas para madera (3, 4, 5, 6, 8 mm), 6 brocas de 25 mm (1x PZ2; 1x PH2; 1x T15; 1x T20; 2x T25), 6x puntas de 50 mm (1x PZ2; 1x PH2; 1x T15; 2x T20; 1x T25), 3x vasos CR-V, 1x tornillo avellanado, 1x magn\u00e9tico portabrocas.<\/p>\n<\/div>\n<p>&nbsp;<\/p>\n","protected":false},"excerpt":{"rendered":"<ul>\n<li class=\" meta\">Siempre listo para usar gracias a la tecnolog\u00eda Li-ion sin autodescarga<\/li>\n<li class=\" meta\">Caja de cambios de 2 velocidades para un taladrado y atornillado potentes<\/li>\n<li class=\" meta\">Electr\u00f3nica de velocidad para un trabajo adecuado al material y la aplicaci\u00f3n<\/li>\n<li class=\" meta\">Trabajo \u00f3ptimo en zonas oscuras gracias a la iluminaci\u00f3n LED.<\/li>\n<li class=\" meta\">Muy pr\u00e1ctico gracias al dise\u00f1o ergon\u00f3mico y al agarre suave<\/li>\n<li class=\"meta\">M\u00e1xima durabilidad gracias a la robusta caja de engranajes de metal<\/li>\n<li class=\"meta\">incluido\u00a0Cargador de 45 min y dos bater\u00edas de 2,0 Ah<\/li>\n<li class=\"meta\">Entregado con juego de brocas de 22 piezas<\/li>\n<li class=\"meta\">incluido\u00a0l\u00e1mpara inal\u00e1mbrica con una intensidad luminosa de 100 l\u00famenes<\/li>\n<li class=\" meta\"><\/li>\n<\/ul>\n","protected":false},"featured_media":3688,"template":"","meta":{"_joinchat":[]},"product_cat":[50],"product_tag":[795,730],"class_list":{"0":"post-3687","1":"product","2":"type-product","3":"status-publish","4":"has-post-thumbnail","6":"product_cat-herramientas-a-bateria","7":"product_tag-principal","8":"product_tag-taladro-atornillador","10":"first","11":"instock","12":"product-type-simple"},"_links":{"self":[{"href":"https:\/\/lidertecsa.com.ar\/catalogo\/wp-json\/wp\/v2\/product\/3687"}],"collection":[{"href":"https:\/\/lidertecsa.com.ar\/catalogo\/wp-json\/wp\/v2\/product"}],"about":[{"href":"https:\/\/lidertecsa.com.ar\/catalogo\/wp-json\/wp\/v2\/types\/product"}],"wp:featuredmedia":[{"embeddable":true,"href":"https:\/\/lidertecsa.com.ar\/catalogo\/wp-json\/wp\/v2\/media\/3688"}],"wp:attachment":[{"href":"https:\/\/lidertecsa.com.ar\/catalogo\/wp-json\/wp\/v2\/media?parent=3687"}],"wp:term":[{"taxonomy":"product_cat","embeddable":true,"href":"https:\/\/lidertecsa.com.ar\/catalogo\/wp-json\/wp\/v2\/product_cat?post=3687"},{"taxonomy":"product_tag","embeddable":true,"href":"https:\/\/lidertecsa.com.ar\/catalogo\/wp-json\/wp\/v2\/product_tag?post=3687"}],"curies":[{"name":"wp","href":"https:\/\/api.w.org\/{rel}","templated":true}]}}