{"id":3664,"date":"2023-07-24T13:11:14","date_gmt":"2023-07-24T16:11:14","guid":{"rendered":"https:\/\/lidertecsa.com.ar\/catalogo\/?post_type=product&#038;p=3664"},"modified":"2024-12-13T16:34:58","modified_gmt":"2024-12-13T19:34:58","slug":"set-de15-piezas-kwb-diametro-180-mm","status":"publish","type":"product","link":"https:\/\/lidertecsa.com.ar\/catalogo\/producto\/set-de15-piezas-kwb-diametro-180-mm\/","title":{"rendered":"Set de15 Piezas KWB Di\u00e1metro 180 mm"},"content":{"rendered":"<p>Set de 15 piezas. 6x (4x grano 80 y 2x 120) para acrilico 6x (4x grano 80 y 2x 120 ) sintetico 3 X (2x grano 80 y 1x 120 ) para metal y plastico<\/p>\n<ul>\n<li>El juego de accesorios para el sistema de procesamiento de pared Einhell contiene 15 piezas con 3 diferentes papeles de lija y parrillas de 180mm di\u00e1metro.<\/li>\n<li>Se incluyen un total de 10 abrasivos con grano P-80 y 5 granos P-120.<\/li>\n<li>Las diferentes hojas son ideales para suavizar el relleno y la irregularidad en paredes de yeso o revestimientos de piso, as\u00ed como para eliminar pintura, \u00f3xido, papel pintado, yeso suelto. Tambi\u00e9n es posible el procesamiento de madera, pl\u00e1sticos y mamposter\u00eda.<\/li>\n<li>Adecuado para, por ejemplo, el Einhell sistema de procesamiento de pared TE-DW 180<\/li>\n<\/ul>\n","protected":false},"excerpt":{"rendered":"<ul>\n<li>Marca: Einhell<\/li>\n<li>Con Velcro: SI<\/li>\n<li>Compatible: Amoladora, Lustradora y Pulidoras<\/li>\n<li>6x (4x grano 80 y 2x 120) para acr\u00edlico<\/li>\n<li>6x (4x grano 80 y 2x 120 ) sint\u00e9tico<\/li>\n<li>3 X (2x grano 80 y 1x 120 ) para metal y pl\u00e1stico<\/li>\n<li><\/li>\n<\/ul>\n","protected":false},"featured_media":3665,"template":"","meta":{"_joinchat":[]},"product_cat":[736],"product_tag":[754],"class_list":{"0":"post-3664","1":"product","2":"type-product","3":"status-publish","4":"has-post-thumbnail","6":"product_cat-accesorios-varios","7":"product_tag-lijas","9":"first","10":"instock","11":"taxable","12":"shipping-taxable","13":"product-type-simple"},"_links":{"self":[{"href":"https:\/\/lidertecsa.com.ar\/catalogo\/wp-json\/wp\/v2\/product\/3664"}],"collection":[{"href":"https:\/\/lidertecsa.com.ar\/catalogo\/wp-json\/wp\/v2\/product"}],"about":[{"href":"https:\/\/lidertecsa.com.ar\/catalogo\/wp-json\/wp\/v2\/types\/product"}],"wp:featuredmedia":[{"embeddable":true,"href":"https:\/\/lidertecsa.com.ar\/catalogo\/wp-json\/wp\/v2\/media\/3665"}],"wp:attachment":[{"href":"https:\/\/lidertecsa.com.ar\/catalogo\/wp-json\/wp\/v2\/media?parent=3664"}],"wp:term":[{"taxonomy":"product_cat","embeddable":true,"href":"https:\/\/lidertecsa.com.ar\/catalogo\/wp-json\/wp\/v2\/product_cat?post=3664"},{"taxonomy":"product_tag","embeddable":true,"href":"https:\/\/lidertecsa.com.ar\/catalogo\/wp-json\/wp\/v2\/product_tag?post=3664"}],"curies":[{"name":"wp","href":"https:\/\/api.w.org\/{rel}","templated":true}]}}