{"id":3662,"date":"2023-07-24T13:04:15","date_gmt":"2023-07-24T16:04:15","guid":{"rendered":"https:\/\/lidertecsa.com.ar\/catalogo\/?post_type=product&#038;p=3662"},"modified":"2024-12-13T16:34:58","modified_gmt":"2024-12-13T19:34:58","slug":"set-de-5-discos-abrasivos-diametro-180-mm","status":"publish","type":"product","link":"https:\/\/lidertecsa.com.ar\/catalogo\/producto\/set-de-5-discos-abrasivos-diametro-180-mm\/","title":{"rendered":"Set de 5 Discos Abrasivos Di\u00e1metro 180 mm"},"content":{"rendered":"<p>Incluye: 5 discos abrasivos 180 mm (3 grano 80 Y 2 grano 120). Para pintura acr\u00edlica y sint\u00e9tica<\/p>\n<p>Para\u00a0la TE-DW 180<\/p>\n<p class=\"ui-pdp-description__content\">CONTENIDO DE LA PUBLICACI\u00d3N<\/p>\n<p class=\"ui-pdp-description__content\">\u2022 3 Lijas grano 80<br \/>\n\u2022 2 Lijas grano 120<\/p>\n","protected":false},"excerpt":{"rendered":"<ul>\n<li>Marca: Einhell<\/li>\n<li>Con Velcro: No<\/li>\n<li>Compatible: Amoladora, Lustradora y Pulidoras<\/li>\n<\/ul>\n","protected":false},"featured_media":3663,"template":"","meta":{"_joinchat":[]},"product_cat":[736],"product_tag":[754],"class_list":{"0":"post-3662","1":"product","2":"type-product","3":"status-publish","4":"has-post-thumbnail","6":"product_cat-accesorios-varios","7":"product_tag-lijas","9":"first","10":"instock","11":"taxable","12":"shipping-taxable","13":"product-type-simple"},"_links":{"self":[{"href":"https:\/\/lidertecsa.com.ar\/catalogo\/wp-json\/wp\/v2\/product\/3662"}],"collection":[{"href":"https:\/\/lidertecsa.com.ar\/catalogo\/wp-json\/wp\/v2\/product"}],"about":[{"href":"https:\/\/lidertecsa.com.ar\/catalogo\/wp-json\/wp\/v2\/types\/product"}],"wp:featuredmedia":[{"embeddable":true,"href":"https:\/\/lidertecsa.com.ar\/catalogo\/wp-json\/wp\/v2\/media\/3663"}],"wp:attachment":[{"href":"https:\/\/lidertecsa.com.ar\/catalogo\/wp-json\/wp\/v2\/media?parent=3662"}],"wp:term":[{"taxonomy":"product_cat","embeddable":true,"href":"https:\/\/lidertecsa.com.ar\/catalogo\/wp-json\/wp\/v2\/product_cat?post=3662"},{"taxonomy":"product_tag","embeddable":true,"href":"https:\/\/lidertecsa.com.ar\/catalogo\/wp-json\/wp\/v2\/product_tag?post=3662"}],"curies":[{"name":"wp","href":"https:\/\/api.w.org\/{rel}","templated":true}]}}