{"id":3656,"date":"2023-07-24T12:51:57","date_gmt":"2023-07-24T15:51:57","guid":{"rendered":"https:\/\/lidertecsa.com.ar\/catalogo\/?post_type=product&#038;p=3656"},"modified":"2024-12-13T16:34:57","modified_gmt":"2024-12-13T19:34:57","slug":"mezclador-de-pintura-y-cemento-tc-mx-1400-e","status":"publish","type":"product","link":"https:\/\/lidertecsa.com.ar\/catalogo\/producto\/mezclador-de-pintura-y-cemento-tc-mx-1400-e\/","title":{"rendered":"Mezclador de Pintura y Cemento TC-MX 1400 E"},"content":{"rendered":"<ul>\n<li>Durante la mezcla de materiales de construcci\u00f3n l\u00edquidos y pulverulentos, los expertos apuestan por el potente agitador de mortero y pintura de alto valor TC-MX 1400 E. Su engranaje de dos velocidades en la carcasa de aluminio robusta y de larga vida convierte la potencia del fuerte motor de 1400 W, opcionalmente en un par de giro elevado o n\u00famero de revoluciones elevado, de modo que se puede ajustar la velocidad del agitador de forma \u00f3ptima a la consistencia de la mezcla.\n<p>Gracias al gran estribo de asido ergon\u00f3mico siempre se ase perfectamente el agitador de mortero, y el cable de goma largo y robusto ofrece en todo momento un radio de movimiento suficiente. El agitador se pone en marcha de forma delicada por el arranque suave, y la din\u00e1mica regulaci\u00f3n de velocidad de giro construida con preselecci\u00f3n del n\u00famero de revoluciones posibilita la adaptaci\u00f3n de la velocidad de giro.<\/p>\n<p>Para el c\u00f3modo funcionamiento permanente, el equipo dispone de un interruptor de funcionamiento bloqueable, as\u00ed como una recepci\u00f3n de eje en el cuello de engranaje para trabajar tambi\u00e9n con el tr\u00edpode del agitador presente. En la robusta recepci\u00f3n del agitador se pueden hacer funcionar todas las herramientas convencionales de agitaci\u00f3n con rosca de M14. En el alcance del suministro se encuentra adem\u00e1s un agitador de mortero con \u00d8 133 mm.<\/p>\n<table width=\"394\">\n<tbody>\n<tr>\n<td colspan=\"2\" width=\"394\">T\u00e9cnico<\/td>\n<\/tr>\n<tr>\n<td width=\"250\">Suministro de red<\/td>\n<td width=\"144\">230 V |\u00a050 Hz<\/td>\n<\/tr>\n<tr>\n<td width=\"250\">Poder<\/td>\n<td width=\"144\">1400 W<\/td>\n<\/tr>\n<tr>\n<td width=\"250\">Velocidad de ralent\u00ed (marcha 1)<\/td>\n<td width=\"144\">0-750 min ^ -1<\/td>\n<\/tr>\n<\/tbody>\n<\/table>\n<\/li>\n<\/ul>\n","protected":false},"excerpt":{"rendered":"<ul>\n<li>Engranaje de 2 velocidades para un par de giro elevado y potencia mixta elevada<\/li>\n<li>Unidad electr\u00f3nica para regular el n\u00famero de revoluciones con preselecci\u00f3n del n\u00famero de revoluciones<\/li>\n<li>Carcasa de engranaje de aluminio robusta y de larga vida<\/li>\n<li>Cuello de engranaje con recepci\u00f3n de eje para funcionamiento estacionario<\/li>\n<li>Estribo de agarre ergon\u00f3mico e interruptor de bloqueo para funcionamiento permanente<\/li>\n<li>Con arranque suave para funcionamiento seguro y agradable<\/li>\n<li>Recepci\u00f3n de agitador robusta con rosca M14<\/li>\n<li>Incl. agitador para mortero (di\u00e1metro 133 mm)<\/li>\n<\/ul>\n","protected":false},"featured_media":3657,"template":"","meta":{"_joinchat":[]},"product_cat":[181],"product_tag":[389],"class_list":{"0":"post-3656","1":"product","2":"type-product","3":"status-publish","4":"has-post-thumbnail","6":"product_cat-herramientas-electricas","7":"product_tag-mezclador","9":"first","10":"instock","11":"product-type-simple"},"_links":{"self":[{"href":"https:\/\/lidertecsa.com.ar\/catalogo\/wp-json\/wp\/v2\/product\/3656"}],"collection":[{"href":"https:\/\/lidertecsa.com.ar\/catalogo\/wp-json\/wp\/v2\/product"}],"about":[{"href":"https:\/\/lidertecsa.com.ar\/catalogo\/wp-json\/wp\/v2\/types\/product"}],"wp:featuredmedia":[{"embeddable":true,"href":"https:\/\/lidertecsa.com.ar\/catalogo\/wp-json\/wp\/v2\/media\/3657"}],"wp:attachment":[{"href":"https:\/\/lidertecsa.com.ar\/catalogo\/wp-json\/wp\/v2\/media?parent=3656"}],"wp:term":[{"taxonomy":"product_cat","embeddable":true,"href":"https:\/\/lidertecsa.com.ar\/catalogo\/wp-json\/wp\/v2\/product_cat?post=3656"},{"taxonomy":"product_tag","embeddable":true,"href":"https:\/\/lidertecsa.com.ar\/catalogo\/wp-json\/wp\/v2\/product_tag?post=3656"}],"curies":[{"name":"wp","href":"https:\/\/api.w.org\/{rel}","templated":true}]}}