{"id":3641,"date":"2023-07-21T15:35:29","date_gmt":"2023-07-21T18:35:29","guid":{"rendered":"https:\/\/lidertecsa.com.ar\/catalogo\/?post_type=product&#038;p=3641"},"modified":"2024-12-13T16:34:55","modified_gmt":"2024-12-13T19:34:55","slug":"extension-flexible-para-aspiradora","status":"publish","type":"product","link":"https:\/\/lidertecsa.com.ar\/catalogo\/producto\/extension-flexible-para-aspiradora\/","title":{"rendered":"Extensi\u00f3n Flexible para Aspiradora"},"content":{"rendered":"<p>La robusta manguera de extensi\u00f3n con un di\u00e1metro de 36 mm proporciona tres metros adicionales de alcance durante la limpieza en h\u00famedo y en seco. Se pueden enroscar cuatro adaptadores de conexi\u00f3n (seg\u00fan el tipo de aspiradora) a la manguera con la rosca izquierda.<\/p>\n","protected":false},"excerpt":{"rendered":"<div class=\"woocommerce-product-details__short-description\">\n<ul>\n<li>Manguera extensi\u00f3n 3 metros<\/li>\n<li>Manguera di\u00e1metro 36 mm<\/li>\n<li>Tubo flexible<\/li>\n<li>Tubo flexible para Aspiradoras Einhell.<\/li>\n<li>Encastre apto para todos los modelos.<\/li>\n<\/ul>\n<\/div>\n","protected":false},"featured_media":3642,"template":"","meta":{"_joinchat":[]},"product_cat":[736],"product_tag":[762],"class_list":{"0":"post-3641","1":"product","2":"type-product","3":"status-publish","4":"has-post-thumbnail","6":"product_cat-accesorios-varios","7":"product_tag-extension-para-aspiradora","9":"first","10":"instock","11":"product-type-simple"},"_links":{"self":[{"href":"https:\/\/lidertecsa.com.ar\/catalogo\/wp-json\/wp\/v2\/product\/3641"}],"collection":[{"href":"https:\/\/lidertecsa.com.ar\/catalogo\/wp-json\/wp\/v2\/product"}],"about":[{"href":"https:\/\/lidertecsa.com.ar\/catalogo\/wp-json\/wp\/v2\/types\/product"}],"wp:featuredmedia":[{"embeddable":true,"href":"https:\/\/lidertecsa.com.ar\/catalogo\/wp-json\/wp\/v2\/media\/3642"}],"wp:attachment":[{"href":"https:\/\/lidertecsa.com.ar\/catalogo\/wp-json\/wp\/v2\/media?parent=3641"}],"wp:term":[{"taxonomy":"product_cat","embeddable":true,"href":"https:\/\/lidertecsa.com.ar\/catalogo\/wp-json\/wp\/v2\/product_cat?post=3641"},{"taxonomy":"product_tag","embeddable":true,"href":"https:\/\/lidertecsa.com.ar\/catalogo\/wp-json\/wp\/v2\/product_tag?post=3641"}],"curies":[{"name":"wp","href":"https:\/\/api.w.org\/{rel}","templated":true}]}}