{"id":361,"date":"2023-06-16T18:51:26","date_gmt":"2023-06-16T21:51:26","guid":{"rendered":"https:\/\/lidertecsa.com.ar\/catalogo\/?post_type=product&#038;p=361"},"modified":"2026-02-04T12:29:36","modified_gmt":"2026-02-04T15:29:36","slug":"ciano-cm1-x-20-grs","status":"publish","type":"product","link":"https:\/\/lidertecsa.com.ar\/catalogo\/producto\/ciano-cm1-x-20-grs\/","title":{"rendered":"CIANO CM1 x 20 grs"},"content":{"rendered":"<div class=\"content\">\n<div class=\"ttl-subcat-producto\">USO GENERAL &#8211; ALTA VELOCIDAD<\/div>\n<\/div>\n<p>Para gran variedad de materiales: cauchos, pl\u00e1sticos, cer\u00e1mica porcelana, metales, cueros, madera, cart\u00f3n. Ideal para aplicar en l\u00ednea con dosificadores.<\/p>\n<ul class=\"ficha\">\n<li>Holgura m\u00e1xima diametral (mm.):\u00a00.08<\/li>\n<li>Viscosidad (mPa.s) :\u00a040<\/li>\n<li>Resistencia traccion (MPa):\u00a020-30<\/li>\n<li>Tiempo fijacion acero (Seg):\u00a0M\u00e1x. 8 seg.<\/li>\n<li>Tiempo fijacion acrilico (Seg):\u00a0M\u00e1x. 6 seg.<\/li>\n<li>Tiempo fijacion nitrilo (Seg):\u00a0M\u00e1x. 6 seg.<\/li>\n<li>Tiempo fijacion madera (Seg):\u00a0M\u00e1x. 18 seg.<\/li>\n<li>Usos:\u00a0Pegado de burletes, molduras, colisas y retenes. Armado de o\u00b4rings<\/li>\n<\/ul>\n","protected":false},"excerpt":{"rendered":"<div>Uso general &#8211; Alta velocidad<\/div>\n<p>Para gran variedad de materiales: cauchos, pl\u00e1sticos, cer\u00e1mica porcelana, metales, cueros, madera, cart\u00f3n. Ideal para aplicar en l\u00ednea con dosificadores.<\/p>\n","protected":false},"featured_media":365,"template":"","meta":{"_joinchat":[]},"product_cat":[41],"product_tag":[125],"class_list":{"0":"post-361","1":"product","2":"type-product","3":"status-publish","4":"has-post-thumbnail","6":"product_cat-ciano","7":"product_tag-ciano-cm1-x-20-grs","9":"first","10":"instock","11":"product-type-simple"},"_links":{"self":[{"href":"https:\/\/lidertecsa.com.ar\/catalogo\/wp-json\/wp\/v2\/product\/361"}],"collection":[{"href":"https:\/\/lidertecsa.com.ar\/catalogo\/wp-json\/wp\/v2\/product"}],"about":[{"href":"https:\/\/lidertecsa.com.ar\/catalogo\/wp-json\/wp\/v2\/types\/product"}],"wp:featuredmedia":[{"embeddable":true,"href":"https:\/\/lidertecsa.com.ar\/catalogo\/wp-json\/wp\/v2\/media\/365"}],"wp:attachment":[{"href":"https:\/\/lidertecsa.com.ar\/catalogo\/wp-json\/wp\/v2\/media?parent=361"}],"wp:term":[{"taxonomy":"product_cat","embeddable":true,"href":"https:\/\/lidertecsa.com.ar\/catalogo\/wp-json\/wp\/v2\/product_cat?post=361"},{"taxonomy":"product_tag","embeddable":true,"href":"https:\/\/lidertecsa.com.ar\/catalogo\/wp-json\/wp\/v2\/product_tag?post=361"}],"curies":[{"name":"wp","href":"https:\/\/api.w.org\/{rel}","templated":true}]}}