{"id":3573,"date":"2023-07-21T11:12:25","date_gmt":"2023-07-21T14:12:25","guid":{"rendered":"https:\/\/lidertecsa.com.ar\/catalogo\/?post_type=product&#038;p=3573"},"modified":"2024-12-13T16:34:44","modified_gmt":"2024-12-13T19:34:44","slug":"carcasa-con-retorno-automatico-dlts-manguera-de-arie","status":"publish","type":"product","link":"https:\/\/lidertecsa.com.ar\/catalogo\/producto\/carcasa-con-retorno-automatico-dlts-manguera-de-arie\/","title":{"rendered":"Carcasa con Retorno Autom\u00e1tico DLTS + Manguera de Arie"},"content":{"rendered":"<ul>\n<li>Manguera Neum\u00e1tica Einhell DLST 9+1<\/li>\n<li>Longitud de Manguera 9 m<\/li>\n<li>Acoplamiento r\u00e1pido de larga vida \u00fatil para aire comprimido<\/li>\n<li>Soporte para pared basculante en aproximadamente 180\u00b0<\/li>\n<li>Presi\u00f3n de trabajo m\u00e1xima 12 Bar<\/li>\n<li>Descarga de tracci\u00f3n mediante encastrado autom\u00e1tico<\/li>\n<li>Retroceso autom\u00e1tico por muelle \/ resorte para enrollar la manguera<\/li>\n<li>Bloqueo autom\u00e1tico para aliviar la presi\u00f3n y evitar torsi\u00f3n en la manguera<\/li>\n<\/ul>\n<table width=\"283\">\n<tbody>\n<tr>\n<td colspan=\"2\" width=\"283\">T\u00e9cnico<\/td>\n<\/tr>\n<tr>\n<td width=\"203\">Max.\u00a0presi\u00f3n operacional<\/td>\n<td width=\"80\">12 bares<\/td>\n<\/tr>\n<\/tbody>\n<\/table>\n","protected":false},"excerpt":{"rendered":"<ul>\n<li>Altura: 15,5 cm<\/li>\n<li>Ancho: 27,5 cm<\/li>\n<li>Peso: 2,8 kg<\/li>\n<li>Profundidad: 30 cm<\/li>\n<li>Tipo de producto: Carrete de pared<\/li>\n<li>Capacidad de la manguera: 10m<\/li>\n<\/ul>\n","protected":false},"featured_media":10523,"template":"","meta":{"_joinchat":[]},"product_cat":[736],"product_tag":[749],"class_list":{"0":"post-3573","1":"product","2":"type-product","3":"status-publish","4":"has-post-thumbnail","6":"product_cat-accesorios-varios","7":"product_tag-soporte-y-manguera-de-aire","9":"first","10":"instock","11":"product-type-simple"},"_links":{"self":[{"href":"https:\/\/lidertecsa.com.ar\/catalogo\/wp-json\/wp\/v2\/product\/3573"}],"collection":[{"href":"https:\/\/lidertecsa.com.ar\/catalogo\/wp-json\/wp\/v2\/product"}],"about":[{"href":"https:\/\/lidertecsa.com.ar\/catalogo\/wp-json\/wp\/v2\/types\/product"}],"wp:featuredmedia":[{"embeddable":true,"href":"https:\/\/lidertecsa.com.ar\/catalogo\/wp-json\/wp\/v2\/media\/10523"}],"wp:attachment":[{"href":"https:\/\/lidertecsa.com.ar\/catalogo\/wp-json\/wp\/v2\/media?parent=3573"}],"wp:term":[{"taxonomy":"product_cat","embeddable":true,"href":"https:\/\/lidertecsa.com.ar\/catalogo\/wp-json\/wp\/v2\/product_cat?post=3573"},{"taxonomy":"product_tag","embeddable":true,"href":"https:\/\/lidertecsa.com.ar\/catalogo\/wp-json\/wp\/v2\/product_tag?post=3573"}],"curies":[{"name":"wp","href":"https:\/\/api.w.org\/{rel}","templated":true}]}}