{"id":3544,"date":"2023-07-21T09:06:49","date_gmt":"2023-07-21T12:06:49","guid":{"rendered":"https:\/\/lidertecsa.com.ar\/catalogo\/?post_type=product&#038;p=3544"},"modified":"2024-12-13T16:34:42","modified_gmt":"2024-12-13T19:34:42","slug":"cadena-para-electrosierra-gh-ec-1835","status":"publish","type":"product","link":"https:\/\/lidertecsa.com.ar\/catalogo\/producto\/cadena-para-electrosierra-gh-ec-1835\/","title":{"rendered":"Cadena Para Electrosierra GH-EC 1835"},"content":{"rendered":"<p>Cadena Oregon Para Electrosierra Einhell GH EC 1835<\/p>\n<p>Si tiene dudas:<\/p>\n<p>Lea la informaci\u00f3n que tiene su espada cerca de la tapa.<br \/>\nCuente los eslabones motrices de su cadena.<br \/>\nMida con un calibre la secci\u00f3n que corre por la gu\u00eda de la barra.<br \/>\nLea la informaci\u00f3n que tiene grabado el pi\u00f1\u00f3n del la m\u00e1quina.<\/p>\n","protected":false},"excerpt":{"rendered":"<ul>\n<li>Acero reforzado<\/li>\n<li>Compatible con modelos GH-EC 18\/35<\/li>\n<li>Marca de la cadena : OREGON<\/li>\n<\/ul>\n","protected":false},"featured_media":10518,"template":"","meta":{"_joinchat":[]},"product_cat":[736],"product_tag":[740],"class_list":{"0":"post-3544","1":"product","2":"type-product","3":"status-publish","4":"has-post-thumbnail","6":"product_cat-accesorios-varios","7":"product_tag-cadena-para-motosierra","9":"first","10":"instock","11":"product-type-simple"},"_links":{"self":[{"href":"https:\/\/lidertecsa.com.ar\/catalogo\/wp-json\/wp\/v2\/product\/3544"}],"collection":[{"href":"https:\/\/lidertecsa.com.ar\/catalogo\/wp-json\/wp\/v2\/product"}],"about":[{"href":"https:\/\/lidertecsa.com.ar\/catalogo\/wp-json\/wp\/v2\/types\/product"}],"wp:featuredmedia":[{"embeddable":true,"href":"https:\/\/lidertecsa.com.ar\/catalogo\/wp-json\/wp\/v2\/media\/10518"}],"wp:attachment":[{"href":"https:\/\/lidertecsa.com.ar\/catalogo\/wp-json\/wp\/v2\/media?parent=3544"}],"wp:term":[{"taxonomy":"product_cat","embeddable":true,"href":"https:\/\/lidertecsa.com.ar\/catalogo\/wp-json\/wp\/v2\/product_cat?post=3544"},{"taxonomy":"product_tag","embeddable":true,"href":"https:\/\/lidertecsa.com.ar\/catalogo\/wp-json\/wp\/v2\/product_tag?post=3544"}],"curies":[{"name":"wp","href":"https:\/\/api.w.org\/{rel}","templated":true}]}}