{"id":3542,"date":"2023-07-21T08:49:15","date_gmt":"2023-07-21T11:49:15","guid":{"rendered":"https:\/\/lidertecsa.com.ar\/catalogo\/?post_type=product&#038;p=3542"},"modified":"2024-12-13T16:34:41","modified_gmt":"2024-12-13T19:34:41","slug":"broca-barrena-para-ge-ea-18-150-li","status":"publish","type":"product","link":"https:\/\/lidertecsa.com.ar\/catalogo\/producto\/broca-barrena-para-ge-ea-18-150-li\/","title":{"rendered":"Broca Barrena para GE-EA 18\/150 Li"},"content":{"rendered":"<p>La barrena es un accesorio que se puede utilizar con la barrena de tierra inal\u00e1mbrica Einhell GP-EA 18\/150 Li BL.\u00a0Tiene un di\u00e1metro de perforaci\u00f3n de 120 mm y alcanza una profundidad de perforaci\u00f3n de hasta 80 cm.\u00a0La barrena de tierra inal\u00e1mbrica de Einhell facilita la perforaci\u00f3n de agujeros en el suelo del jard\u00edn de la casa, por ejemplo, para colocar postes de cercas, plantar el jard\u00edn o colocar decoraciones de jard\u00edn.<\/p>\n<table width=\"418\">\n<tbody>\n<tr>\n<td colspan=\"2\" width=\"418\">T\u00e9cnico<\/td>\n<\/tr>\n<tr>\n<td width=\"250\">Velocidad sin carga<\/td>\n<td width=\"168\">\u00a0125 min^-1<\/td>\n<\/tr>\n<tr>\n<td width=\"250\">Di\u00e1metro del sinf\u00edn<\/td>\n<td width=\"168\">150 mm<\/td>\n<\/tr>\n<tr>\n<td width=\"250\">Longitud del taladro<\/td>\n<td width=\"168\">800 mm<\/td>\n<\/tr>\n<\/tbody>\n<\/table>\n","protected":false},"excerpt":{"rendered":"<ul>\n<li>Tipo de producto: Broca<\/li>\n<li>Di\u00e1metro: 12 cm<\/li>\n<li>Longitud: 800 mm<\/li>\n<li>Peso: 2,31 kg<\/li>\n<\/ul>\n","protected":false},"featured_media":10515,"template":"","meta":{"_joinchat":[]},"product_cat":[736],"product_tag":[746],"class_list":{"0":"post-3542","1":"product","2":"type-product","3":"status-publish","4":"has-post-thumbnail","6":"product_cat-accesorios-varios","7":"product_tag-mecha-barrenadora","9":"first","10":"instock","11":"product-type-simple"},"_links":{"self":[{"href":"https:\/\/lidertecsa.com.ar\/catalogo\/wp-json\/wp\/v2\/product\/3542"}],"collection":[{"href":"https:\/\/lidertecsa.com.ar\/catalogo\/wp-json\/wp\/v2\/product"}],"about":[{"href":"https:\/\/lidertecsa.com.ar\/catalogo\/wp-json\/wp\/v2\/types\/product"}],"wp:featuredmedia":[{"embeddable":true,"href":"https:\/\/lidertecsa.com.ar\/catalogo\/wp-json\/wp\/v2\/media\/10515"}],"wp:attachment":[{"href":"https:\/\/lidertecsa.com.ar\/catalogo\/wp-json\/wp\/v2\/media?parent=3542"}],"wp:term":[{"taxonomy":"product_cat","embeddable":true,"href":"https:\/\/lidertecsa.com.ar\/catalogo\/wp-json\/wp\/v2\/product_cat?post=3542"},{"taxonomy":"product_tag","embeddable":true,"href":"https:\/\/lidertecsa.com.ar\/catalogo\/wp-json\/wp\/v2\/product_tag?post=3542"}],"curies":[{"name":"wp","href":"https:\/\/api.w.org\/{rel}","templated":true}]}}