{"id":3510,"date":"2023-07-20T16:41:50","date_gmt":"2023-07-20T19:41:50","guid":{"rendered":"https:\/\/lidertecsa.com.ar\/catalogo\/?post_type=product&#038;p=3510"},"modified":"2024-12-13T16:34:41","modified_gmt":"2024-12-13T19:34:41","slug":"carretel-para-gh-bc-25-as","status":"publish","type":"product","link":"https:\/\/lidertecsa.com.ar\/catalogo\/producto\/carretel-para-gh-bc-25-as\/","title":{"rendered":"Carretel Para GH BC 25 AS"},"content":{"rendered":"<p>La desbrozadora a combustion GH-BC 25 AS es una herramienta poderosa con la que puedes obtener f\u00e1cilmente el control del crecimiento espeso incluso en \u00e1reas de jard\u00edn dif\u00edciles de alcanzar. La potencia necesaria es suministrada por un motor de dos tiempos de baja vibraci\u00f3n y alta calidad, que funciona de manera suave y confiable. Todos los controles de la guada\u00f1a son f\u00e1ciles de alcanzar en el mango de dos manetas de aluminio ajustable universalmente en dise\u00f1o de asa de bicicleta, lo que permite un manejo muy f\u00e1cil y preciso de la guada\u00f1a. Para una siega eficaz, el GH-BC 25 AS se puede equipar con una bobina de l\u00ednea doble con avance de l\u00ednea de avance autom\u00e1tico.<\/p>\n","protected":false},"excerpt":{"rendered":"<div class=\"woocommerce-product-details__short-description\">\n<ul>\n<li>Carretel de tanza para GH BC 25 AS<\/li>\n<li>Diametro de hilo 2 mil\u00edmetros<\/li>\n<li>largo del hilo\u00a0 4 m<\/li>\n<\/ul>\n<\/div>\n<div class=\"product_meta\"><\/div>\n","protected":false},"featured_media":10534,"template":"","meta":{"_joinchat":[]},"product_cat":[736],"product_tag":[743],"class_list":{"0":"post-3510","1":"product","2":"type-product","3":"status-publish","4":"has-post-thumbnail","6":"product_cat-accesorios-varios","7":"product_tag-carretel-para-bordeadora","9":"first","10":"instock","11":"product-type-simple"},"_links":{"self":[{"href":"https:\/\/lidertecsa.com.ar\/catalogo\/wp-json\/wp\/v2\/product\/3510"}],"collection":[{"href":"https:\/\/lidertecsa.com.ar\/catalogo\/wp-json\/wp\/v2\/product"}],"about":[{"href":"https:\/\/lidertecsa.com.ar\/catalogo\/wp-json\/wp\/v2\/types\/product"}],"wp:featuredmedia":[{"embeddable":true,"href":"https:\/\/lidertecsa.com.ar\/catalogo\/wp-json\/wp\/v2\/media\/10534"}],"wp:attachment":[{"href":"https:\/\/lidertecsa.com.ar\/catalogo\/wp-json\/wp\/v2\/media?parent=3510"}],"wp:term":[{"taxonomy":"product_cat","embeddable":true,"href":"https:\/\/lidertecsa.com.ar\/catalogo\/wp-json\/wp\/v2\/product_cat?post=3510"},{"taxonomy":"product_tag","embeddable":true,"href":"https:\/\/lidertecsa.com.ar\/catalogo\/wp-json\/wp\/v2\/product_tag?post=3510"}],"curies":[{"name":"wp","href":"https:\/\/api.w.org\/{rel}","templated":true}]}}