{"id":3497,"date":"2023-07-20T16:14:21","date_gmt":"2023-07-20T19:14:21","guid":{"rendered":"https:\/\/lidertecsa.com.ar\/catalogo\/?post_type=product&#038;p=3497"},"modified":"2024-12-13T16:34:39","modified_gmt":"2024-12-13T19:34:39","slug":"cortacerco-electrico-gf-eh-6560","status":"publish","type":"product","link":"https:\/\/lidertecsa.com.ar\/catalogo\/producto\/cortacerco-electrico-gf-eh-6560\/","title":{"rendered":"Cortacerco El\u00e9ctrico GF-EH 6560"},"content":{"rendered":"<p>Con el cortacerco\u00a0el\u00e9ctrico GE-EH 6560 de Einhell, cortar setos, arbustos y arbustos se hace con facilidad.\u00a0Con una longitud de corte de 600 mil\u00edmetros, es un ayudante potente y de alta calidad para lograr de forma fiable la forma deseada en todo momento gracias a su potencia de 650 W.\u00a0El cortasetos el\u00e9ctrico Einhell GE-EH 6560 realiza 3.000 cortes por minuto con un espacio entre dientes de 30 mil\u00edmetros.\u00a0Los cortadores hechos de acero cortado con l\u00e1ser y pulido con diamante est\u00e1n dise\u00f1ados para brindar precisi\u00f3n y durabilidad.\u00a0Para una larga vida \u00fatil, el cortasetos est\u00e1 equipado con engranajes met\u00e1licos.\u00a0El mango adicional proporciona una ergonom\u00eda \u00f3ptima y una sujeci\u00f3n segura y resistente sea cual sea el \u00e1ngulo de corte.\u00a0El mango trasero se puede girar, lo que permite un funcionamiento incansable.\u00a0El interruptor de seguridad a dos manos proporciona seguridad adicional para detener los cortadores en menos de un segundo.\u00a0El cortacerco\u00a0el\u00e9ctrico Einhell GE-EH 6560 tambi\u00e9n est\u00e1 equipado con un protector de mano grande y una cubierta de aluminio sobre los cortadores.\u00a0El clip de alivio de tensi\u00f3n tambi\u00e9n se proporciona para mayor seguridad durante el uso.\u00a0Para un almacenamiento y transporte \u00f3ptimos, el cortasetos se suministra completo con un resistente protector de cortador.\u00a0La eliminaci\u00f3n perfecta de los esquejes de la parte superior del seto al recortar los setos est\u00e1 asegurada gracias al pr\u00e1ctico recolector de esquejes.<\/p>\n<p>&nbsp;<\/p>\n<table width=\"505\">\n<tbody>\n<tr>\n<td colspan=\"2\" width=\"505\">Datos t\u00e9cnicos<\/td>\n<\/tr>\n<tr>\n<td width=\"253\">Suministro de red<\/td>\n<td width=\"252\">220-240 V |\u00a050 Hz<\/td>\n<\/tr>\n<tr>\n<td width=\"253\">Energ\u00eda<\/td>\n<td width=\"252\">650 W<\/td>\n<\/tr>\n<tr>\n<td width=\"253\">Ralent\u00ed<\/td>\n<td width=\"252\">1500 min ^ -1<\/td>\n<\/tr>\n<tr>\n<td width=\"253\">Longitud de corte<\/td>\n<td width=\"252\">60 cm<\/td>\n<\/tr>\n<tr>\n<td width=\"253\">Longitud de la espada<\/td>\n<td width=\"252\">66 cm<\/td>\n<\/tr>\n<tr>\n<td width=\"253\">Espaciado entre dientes<\/td>\n<td width=\"252\">30 mm<\/td>\n<\/tr>\n<tr>\n<td width=\"253\">Cortes por minuto<\/td>\n<td width=\"252\">3000 min ^ -1<\/td>\n<\/tr>\n<\/tbody>\n<\/table>\n","protected":false},"excerpt":{"rendered":"<ul>\n<li>Interruptor de seguridad a dos manos con parada del cortador &lt;1 seg.<\/li>\n<li>Hojas de seguridad de acero cortado con l\u00e1ser y pulido con diamante<\/li>\n<li>Engranajes met\u00e1licos para una larga vida \u00fatil<\/li>\n<li>Mango adicional para una ergonom\u00eda optimizada<\/li>\n<li>La manija trasera se puede girar<\/li>\n<li>Protector de mano grande<\/li>\n<li>Cubierta de aluminio sobre cortadores<\/li>\n<li>Protector de choque extra\u00edble<\/li>\n<li>Protector de cortador resistente para almacenamiento y transporte<\/li>\n<li>Recolector de esquejes<\/li>\n<li>Clip de alivio de tensi\u00f3n del cable<\/li>\n<\/ul>\n","protected":false},"featured_media":3498,"template":"","meta":{"_joinchat":[]},"product_cat":[181],"product_tag":[247],"class_list":{"0":"post-3497","1":"product","2":"type-product","3":"status-publish","4":"has-post-thumbnail","6":"product_cat-herramientas-electricas","7":"product_tag-cortacercos","9":"first","10":"instock","11":"product-type-simple"},"_links":{"self":[{"href":"https:\/\/lidertecsa.com.ar\/catalogo\/wp-json\/wp\/v2\/product\/3497"}],"collection":[{"href":"https:\/\/lidertecsa.com.ar\/catalogo\/wp-json\/wp\/v2\/product"}],"about":[{"href":"https:\/\/lidertecsa.com.ar\/catalogo\/wp-json\/wp\/v2\/types\/product"}],"wp:featuredmedia":[{"embeddable":true,"href":"https:\/\/lidertecsa.com.ar\/catalogo\/wp-json\/wp\/v2\/media\/3498"}],"wp:attachment":[{"href":"https:\/\/lidertecsa.com.ar\/catalogo\/wp-json\/wp\/v2\/media?parent=3497"}],"wp:term":[{"taxonomy":"product_cat","embeddable":true,"href":"https:\/\/lidertecsa.com.ar\/catalogo\/wp-json\/wp\/v2\/product_cat?post=3497"},{"taxonomy":"product_tag","embeddable":true,"href":"https:\/\/lidertecsa.com.ar\/catalogo\/wp-json\/wp\/v2\/product_tag?post=3497"}],"curies":[{"name":"wp","href":"https:\/\/api.w.org\/{rel}","templated":true}]}}