{"id":3468,"date":"2023-07-20T14:00:28","date_gmt":"2023-07-20T17:00:28","guid":{"rendered":"https:\/\/lidertecsa.com.ar\/catalogo\/?post_type=product&#038;p=3468"},"modified":"2024-12-13T16:34:36","modified_gmt":"2024-12-13T19:34:36","slug":"amoladora-angular-te-ag-125-1010-ce","status":"publish","type":"product","link":"https:\/\/lidertecsa.com.ar\/catalogo\/producto\/amoladora-angular-te-ag-125-1010-ce\/","title":{"rendered":"Amoladora Angular TE-AG 125\/1010 CE"},"content":{"rendered":"<p>La amoladora angular TE-AG 125 CE de la marca Einhell se presenta como una herramienta imprescindible para los aficionados y profesionales de las manualidades. Este producto destaca por su motor de 1100 vatios de potencia, el cual proporciona la fuerza necesaria para trabajar con materiales duros y resistentes. La m\u00e1quina cuenta con un sistema electr\u00f3nico de velocidad variable, permitiendo al usuario ajustar la velocidad para obtener los resultados deseados con precisi\u00f3n.<\/p>\n<p>El dise\u00f1o ergon\u00f3mico y la empu\u00f1adura suave al tacto de la amoladora ofrecen una comodidad excepcional durante su uso prolongado. Adem\u00e1s, el sistema de protecci\u00f3n contra sobrecarga garantiza la seguridad del usuario y prolonga la vida \u00fatil de la m\u00e1quina.<\/p>\n<p>En resumen, si buscas una herramienta de calidad y precisi\u00f3n para realizar cortes y pulidos, la amoladora angular TE-AG 125 CE es la opci\u00f3n ideal. Gracias a sus caracter\u00edsticas t\u00e9cnicas sobresalientes, se presenta como una soluci\u00f3n eficiente para el trabajo en el taller.<\/p>\n<table width=\"388\">\n<tbody>\n<tr>\n<td colspan=\"2\" width=\"388\">T\u00e9cnico<\/td>\n<\/tr>\n<tr>\n<td width=\"178\">Suministro de red<\/td>\n<td width=\"210\">230 V |\u00a050 Hz<\/td>\n<\/tr>\n<tr>\n<td width=\"178\">Poder<\/td>\n<td width=\"210\">1010 W<\/td>\n<\/tr>\n<tr>\n<td width=\"178\">Velocidad<\/td>\n<td width=\"210\">400 rpm \u2013 12000 rpm<\/td>\n<\/tr>\n<tr>\n<td width=\"178\">Di\u00e1metro del disco<\/td>\n<td width=\"210\">125 mm<\/td>\n<\/tr>\n<\/tbody>\n<\/table>\n","protected":false},"excerpt":{"rendered":"<ul>\n<li class=\"prodfeatrow\">Tuerca de fijaci\u00f3n r\u00e1pida para un cambio de disco f\u00e1cil y sin herramientas<\/li>\n<li class=\"prodfeatrow\">Ajuste electr\u00f3nico para un funcionamiento preciso<\/li>\n<li class=\"prodfeatrow\">Cabezal de engranaje de metal plano para un trabajo flexible<\/li>\n<li class=\"prodfeatrow\">Dise\u00f1o delgado con agarre suave ergon\u00f3mico<\/li>\n<li class=\"prodfeatrow\">Protector de disco con ajuste r\u00e1pido<\/li>\n<li class=\"prodfeatrow\">Bloqueo del eje para un cambio de herramienta f\u00e1cil y c\u00f3modo<\/li>\n<li class=\"prodfeatrow\">El mango adicional se puede colocar en 2 posiciones.<\/li>\n<li class=\"prodfeatrow\">Disco de corte no incluido en la entrega<\/li>\n<\/ul>\n","protected":false},"featured_media":3469,"template":"","meta":{"_joinchat":[]},"product_cat":[181],"product_tag":[183],"class_list":{"0":"post-3468","1":"product","2":"type-product","3":"status-publish","4":"has-post-thumbnail","6":"product_cat-herramientas-electricas","7":"product_tag-amoladora-angular","9":"first","10":"instock","11":"product-type-simple"},"_links":{"self":[{"href":"https:\/\/lidertecsa.com.ar\/catalogo\/wp-json\/wp\/v2\/product\/3468"}],"collection":[{"href":"https:\/\/lidertecsa.com.ar\/catalogo\/wp-json\/wp\/v2\/product"}],"about":[{"href":"https:\/\/lidertecsa.com.ar\/catalogo\/wp-json\/wp\/v2\/types\/product"}],"wp:featuredmedia":[{"embeddable":true,"href":"https:\/\/lidertecsa.com.ar\/catalogo\/wp-json\/wp\/v2\/media\/3469"}],"wp:attachment":[{"href":"https:\/\/lidertecsa.com.ar\/catalogo\/wp-json\/wp\/v2\/media?parent=3468"}],"wp:term":[{"taxonomy":"product_cat","embeddable":true,"href":"https:\/\/lidertecsa.com.ar\/catalogo\/wp-json\/wp\/v2\/product_cat?post=3468"},{"taxonomy":"product_tag","embeddable":true,"href":"https:\/\/lidertecsa.com.ar\/catalogo\/wp-json\/wp\/v2\/product_tag?post=3468"}],"curies":[{"name":"wp","href":"https:\/\/api.w.org\/{rel}","templated":true}]}}