{"id":3462,"date":"2023-07-20T13:34:15","date_gmt":"2023-07-20T16:34:15","guid":{"rendered":"https:\/\/lidertecsa.com.ar\/catalogo\/?post_type=product&#038;p=3462"},"modified":"2025-06-27T17:59:45","modified_gmt":"2025-06-27T20:59:45","slug":"martillo-demoledor-sds-max-te-dh-1027","status":"publish","type":"product","link":"https:\/\/lidertecsa.com.ar\/catalogo\/producto\/martillo-demoledor-sds-max-te-dh-1027\/","title":{"rendered":"Martillo Demoledor SDS Max TE-DH 1027"},"content":{"rendered":"<p>El martillo demoledor TE-DH 1027 est\u00e1 dise\u00f1ado para trabajos de demolici\u00f3n dif\u00edciles. Su mecanismo percutor neum\u00e1tico con potente motor de 1500 W impulsa la barrena con una fuerza de impacto de 32 julios. Las vibraciones que se originan adicionalmente se amortiguan por el asa principal amortiguada frente a las oscilaciones y los suplementos de la empu\u00f1adura antideslizante. La herramienta SDS-Max posibilita el cambio de barrena r\u00e1pido y sin herramientas. Las escobillas de carb\u00f3n desconectables autom\u00e1ticamente impiden al mismo tiempo de forma fiable un defecto del equipo.<\/p>\n<table width=\"495\">\n<tbody>\n<tr>\n<td colspan=\"2\" width=\"495\">T\u00e9cnico<\/td>\n<\/tr>\n<tr>\n<td width=\"287\">Suministro de red<\/td>\n<td width=\"208\">230 V |\u00a050 Hz<\/td>\n<\/tr>\n<tr>\n<td width=\"287\">Poder<\/td>\n<td width=\"208\">1500 W<\/td>\n<\/tr>\n<tr>\n<td width=\"287\">Tasa de impacto<\/td>\n<td width=\"208\">1900 min ^ -1<\/td>\n<\/tr>\n<tr>\n<td width=\"287\">Poder de impacto<\/td>\n<td width=\"208\">32 J<\/td>\n<\/tr>\n<tr>\n<td width=\"287\">Cable de alimentaci\u00f3n<\/td>\n<td width=\"208\">400 cm |\u00a0H07RN-F<\/td>\n<\/tr>\n<tr>\n<td width=\"287\">Portaherramientas<\/td>\n<td width=\"208\">SDS-Max<\/td>\n<\/tr>\n<\/tbody>\n<\/table>\n","protected":false},"excerpt":{"rendered":"<ul>\n<li>Elevada potencia de ruptura por mecanismo percutor neum\u00e1tico<\/li>\n<li>Robusta recepci\u00f3n de herramienta SDS-Max<\/li>\n<li>Trabajos con bajo nivel de vibraciones mediante asa principal amortiguada respecto a oscilaciones<\/li>\n<li>Los suplementos de la empu\u00f1adura antideslizante amortiguan las oscilaciones tambi\u00e9n en el asidero adicional<\/li>\n<li>Las escobillas de carbono con desconexi\u00f3n autom\u00e1tica impiden los defectos del aparato<\/li>\n<li>Construcci\u00f3n robusta de larga vida \u00fatil para duro funcionamiento permanente<\/li>\n<li>Cable de goma extra largo y robusto<\/li>\n<\/ul>\n","protected":false},"featured_media":3463,"template":"","meta":{"_joinchat":[]},"product_cat":[181],"product_tag":[733],"class_list":{"0":"post-3462","1":"product","2":"type-product","3":"status-publish","4":"has-post-thumbnail","6":"product_cat-herramientas-electricas","7":"product_tag-demoledor-sds-max","9":"first","10":"instock","11":"product-type-simple"},"_links":{"self":[{"href":"https:\/\/lidertecsa.com.ar\/catalogo\/wp-json\/wp\/v2\/product\/3462"}],"collection":[{"href":"https:\/\/lidertecsa.com.ar\/catalogo\/wp-json\/wp\/v2\/product"}],"about":[{"href":"https:\/\/lidertecsa.com.ar\/catalogo\/wp-json\/wp\/v2\/types\/product"}],"wp:featuredmedia":[{"embeddable":true,"href":"https:\/\/lidertecsa.com.ar\/catalogo\/wp-json\/wp\/v2\/media\/3463"}],"wp:attachment":[{"href":"https:\/\/lidertecsa.com.ar\/catalogo\/wp-json\/wp\/v2\/media?parent=3462"}],"wp:term":[{"taxonomy":"product_cat","embeddable":true,"href":"https:\/\/lidertecsa.com.ar\/catalogo\/wp-json\/wp\/v2\/product_cat?post=3462"},{"taxonomy":"product_tag","embeddable":true,"href":"https:\/\/lidertecsa.com.ar\/catalogo\/wp-json\/wp\/v2\/product_tag?post=3462"}],"curies":[{"name":"wp","href":"https:\/\/api.w.org\/{rel}","templated":true}]}}