{"id":3458,"date":"2023-07-20T13:16:22","date_gmt":"2023-07-20T16:16:22","guid":{"rendered":"https:\/\/lidertecsa.com.ar\/catalogo\/?post_type=product&#038;p=3458"},"modified":"2024-12-13T16:34:35","modified_gmt":"2024-12-13T19:34:35","slug":"bateria-12-v-2-0-ah","status":"publish","type":"product","link":"https:\/\/lidertecsa.com.ar\/catalogo\/producto\/bateria-12-v-2-0-ah\/","title":{"rendered":"Bater\u00eda 12 V 2.0 Ah"},"content":{"rendered":"<p>La bater\u00eda Einhell 12V 2.0Ah Li es una potente fuente de energ\u00eda que hace que el usuario sea flexible e independiente al trabajar con herramientas y m\u00e1quinas.\u00a0Con una capacidad de 2000 mAh y voltaje de 12 V CC, la bater\u00eda es una verdadera fuente de energ\u00eda.\u00a0La gesti\u00f3n proactiva de la bater\u00eda de Einhell garantiza la m\u00e1xima seguridad.\u00a0Los ciclos de carga se ajustan a la situaci\u00f3n espec\u00edfica, prolongando significativamente la vida de la bater\u00eda.\u00a0Las celdas de iones de litio de alta calidad de la bater\u00eda Einhell 12V 2.0Ah Li significan que no hay autodescarga.\u00a0Todos los par\u00e1metros en el proceso de carga son monitoreados permanentemente por componentes de \u00faltima generaci\u00f3n.\u00a0El sistema LED de 3 pasos ofrece al usuario una descripci\u00f3n general de un vistazo del nivel de carga en todo momento.\u00a0La carcasa recubierta de goma garantiza una alta protecci\u00f3n contra impactos y un buen agarre, as\u00ed como un f\u00e1cil manejo y una larga vida \u00fatil.<\/p>\n","protected":false},"excerpt":{"rendered":"<ul>\n<li>M\u00e1xima seguridad gracias a la gesti\u00f3n proactiva de bater\u00edas de<\/li>\n<li>Mayor duraci\u00f3n de la bater\u00eda gracias a los ciclos de carga adaptados a la situaci\u00f3n<\/li>\n<li>Sin autodescarga gracias a las c\u00e9lulas de ion-litio de gran calidad<\/li>\n<li>Supervisi\u00f3n constante de todos los par\u00e1metros mediante componentes de \u00faltima generaci\u00f3n<\/li>\n<li>Es posible controlar en todo momento el nivel de carga gracias a su sistema de LED de 3 fases<\/li>\n<li>Elevada protecci\u00f3n contra golpes y buena adherencia gracias a su carcasa de goma<\/li>\n<\/ul>\n","protected":false},"featured_media":3459,"template":"","meta":{"_joinchat":[]},"product_cat":[50],"product_tag":[732],"class_list":{"0":"post-3458","1":"product","2":"type-product","3":"status-publish","4":"has-post-thumbnail","6":"product_cat-herramientas-a-bateria","7":"product_tag-bateria-12v","9":"first","10":"instock","11":"product-type-simple"},"_links":{"self":[{"href":"https:\/\/lidertecsa.com.ar\/catalogo\/wp-json\/wp\/v2\/product\/3458"}],"collection":[{"href":"https:\/\/lidertecsa.com.ar\/catalogo\/wp-json\/wp\/v2\/product"}],"about":[{"href":"https:\/\/lidertecsa.com.ar\/catalogo\/wp-json\/wp\/v2\/types\/product"}],"wp:featuredmedia":[{"embeddable":true,"href":"https:\/\/lidertecsa.com.ar\/catalogo\/wp-json\/wp\/v2\/media\/3459"}],"wp:attachment":[{"href":"https:\/\/lidertecsa.com.ar\/catalogo\/wp-json\/wp\/v2\/media?parent=3458"}],"wp:term":[{"taxonomy":"product_cat","embeddable":true,"href":"https:\/\/lidertecsa.com.ar\/catalogo\/wp-json\/wp\/v2\/product_cat?post=3458"},{"taxonomy":"product_tag","embeddable":true,"href":"https:\/\/lidertecsa.com.ar\/catalogo\/wp-json\/wp\/v2\/product_tag?post=3458"}],"curies":[{"name":"wp","href":"https:\/\/api.w.org\/{rel}","templated":true}]}}