{"id":3455,"date":"2023-07-20T13:07:10","date_gmt":"2023-07-20T16:07:10","guid":{"rendered":"https:\/\/lidertecsa.com.ar\/catalogo\/?post_type=product&#038;p=3455"},"modified":"2024-12-13T16:34:35","modified_gmt":"2024-12-13T19:34:35","slug":"cargador-de-baterias-power-x-change-12v-45-min","status":"publish","type":"product","link":"https:\/\/lidertecsa.com.ar\/catalogo\/producto\/cargador-de-baterias-power-x-change-12v-45-min\/","title":{"rendered":"Cargador de Bater\u00edas Power-X-Change 12V 45 min"},"content":{"rendered":"<p>El cargador de 12 V de Einhell es un accesorio de herramienta t\u00e9cnicamente experto que garantiza que las bater\u00edas correspondientes est\u00e9n siempre listas para usar y garantiza su larga vida \u00fatil, lo que lo convierte en una parte indispensable de cualquier caja de herramientas de nivel de entrada.\u00a0El cargador de 12 V adapta los ciclos de carga a la situaci\u00f3n concreta, prolongando de forma decisiva la duraci\u00f3n de la bater\u00eda.\u00a0El sistema de gesti\u00f3n de carga inteligente que utiliza la electr\u00f3nica m\u00e1s moderna garantiza la m\u00e1xima seguridad.\u00a0Las bater\u00edas son monitoreadas permanentemente por el cargador de 12 V, lo que garantiza un proceso de carga \u00f3ptimo y suave en todo momento.\u00a0El sistema de carga de 5 etapas proporciona informaci\u00f3n actualizada al minuto sobre el estado de carga actual.\u00a0Los ojales integrados permiten que el cargador de 12 V se monte f\u00e1cilmente en la pared para un acceso f\u00e1cil de usar.<\/p>\n","protected":false},"excerpt":{"rendered":"<ul>\n<li>Cargador r\u00e1pido Power X-Change \/ 12 V<\/li>\n<li>Apto para montaje mural<\/li>\n<\/ul>\n","protected":false},"featured_media":3457,"template":"","meta":{"_joinchat":[]},"product_cat":[50],"product_tag":[731],"class_list":{"0":"post-3455","1":"product","2":"type-product","3":"status-publish","4":"has-post-thumbnail","6":"product_cat-herramientas-a-bateria","7":"product_tag-cargador-de-bateria-12v","9":"first","10":"instock","11":"product-type-simple"},"_links":{"self":[{"href":"https:\/\/lidertecsa.com.ar\/catalogo\/wp-json\/wp\/v2\/product\/3455"}],"collection":[{"href":"https:\/\/lidertecsa.com.ar\/catalogo\/wp-json\/wp\/v2\/product"}],"about":[{"href":"https:\/\/lidertecsa.com.ar\/catalogo\/wp-json\/wp\/v2\/types\/product"}],"wp:featuredmedia":[{"embeddable":true,"href":"https:\/\/lidertecsa.com.ar\/catalogo\/wp-json\/wp\/v2\/media\/3457"}],"wp:attachment":[{"href":"https:\/\/lidertecsa.com.ar\/catalogo\/wp-json\/wp\/v2\/media?parent=3455"}],"wp:term":[{"taxonomy":"product_cat","embeddable":true,"href":"https:\/\/lidertecsa.com.ar\/catalogo\/wp-json\/wp\/v2\/product_cat?post=3455"},{"taxonomy":"product_tag","embeddable":true,"href":"https:\/\/lidertecsa.com.ar\/catalogo\/wp-json\/wp\/v2\/product_tag?post=3455"}],"curies":[{"name":"wp","href":"https:\/\/api.w.org\/{rel}","templated":true}]}}