{"id":3451,"date":"2023-07-20T12:52:46","date_gmt":"2023-07-20T15:52:46","guid":{"rendered":"https:\/\/lidertecsa.com.ar\/catalogo\/?post_type=product&#038;p=3451"},"modified":"2024-12-13T16:34:34","modified_gmt":"2024-12-13T19:34:34","slug":"minitorno-inalambrico-te-mt-72-li","status":"publish","type":"product","link":"https:\/\/lidertecsa.com.ar\/catalogo\/producto\/minitorno-inalambrico-te-mt-72-li\/","title":{"rendered":"Minitorno Inal\u00e1mbrico TE-MT 7,2 Li"},"content":{"rendered":"<p>La herramienta de grabado y esmerilado a bater\u00eda Einhell TE-MT 7.2 Li es una herramienta universal para todo tipo de requisitos al realizar trabajos de grabado, fresado, pulido y cepillado en trabajos manuales en el hogar, el taller o el garaje. Alimentado por una bater\u00eda recargable de larga duraci\u00f3n (7,2 V | 1.500 mAh), el control de velocidad electr\u00f3nico con pantalla LED garantiza que la herramienta siempre se ajuste exactamente a los requisitos de cada material, en cada situaci\u00f3n, con velocidades de 5.500 a 26.000 rpm. Hay una perilla de bloqueo para cambiar las herramientas f\u00e1cilmente. Un anillo de luz LED proporciona una iluminaci\u00f3n \u00f3ptima de la pieza de trabajo para trabajar con mayor eficacia. Adem\u00e1s, el agarre suave ergon\u00f3mico garantiza un agarre seguro y una precisi\u00f3n \u00f3ptima. Tanto para el pulido como para el grabado, la herramienta est\u00e1 siempre lista para la acci\u00f3n gracias a la unidad de carga incluida.<\/p>\n<p>&nbsp;<\/p>\n<table width=\"435\">\n<tbody>\n<tr>\n<td colspan=\"2\" width=\"435\">Datos T\u00e9cnicos<\/td>\n<\/tr>\n<tr>\n<td>Paquete de bater\u00edas<\/td>\n<td>7,2 V |\u00a01500 mAh |\u00a0Li-ion<\/td>\n<\/tr>\n<tr>\n<td>Tiempo de carga<\/td>\n<td>1h<\/td>\n<\/tr>\n<tr>\n<td>Ralent\u00ed<\/td>\n<td>5500 min ^ -1 \u2013 26000 min ^ -1<\/td>\n<\/tr>\n<\/tbody>\n<\/table>\n","protected":false},"excerpt":{"rendered":"<ul>\n<li class=\"prodfeatrow\">Potencia: 7,2 v 1.5 amp<\/li>\n<li class=\"prodfeatrow\">Velocidad : 5.500 a 26.000 rpm<\/li>\n<li class=\"prodfeatrow\">Tiempo de carga: 1 Hora<\/li>\n<li class=\"prodfeatrow\">Autonom\u00eda: 45 minutos aprox<\/li>\n<li class=\"prodfeatrow\">Tipo de bater\u00eda: litio<\/li>\n<li>Incluye: 51 Piezas<\/li>\n<li class=\"prodfeatrow\">Utilizado para cortar, lijar, limpiar, pulir, esculpir, grabar, esmerilar, afilar, fresar y perforar<\/li>\n<li class=\"prodfeatrow\">Aplicado en vidrio, fibra de vidrio, madera, metal, pl\u00e1stico, cer\u00e1mica, azulejo, drywall, avenar\u00eda, cart\u00f3n y EVA<\/li>\n<li class=\"prodfeatrow\">El indicador LED de la duraci\u00f3n de la bater\u00eda le permite saber instant\u00e1neamente cuando debe cargar tu herramienta<\/li>\n<li class=\"prodfeatrow\">Botones de encendido y apagado independientes<\/li>\n<li class=\"prodfeatrow\">Controle la velocidad de rotaci\u00f3n de 5.500 a 26.000 rpm.<\/li>\n<li class=\"prodfeatrow\">El interruptor de encendido y apagado es controlado separado de la velocidad, por lo que siempre ser\u00e1s capaz de recoger a su proyecto donde lo dej\u00f3<\/li>\n<\/ul>\n","protected":false},"featured_media":3448,"template":"","meta":{"_joinchat":[]},"product_cat":[50],"product_tag":[730],"class_list":{"0":"post-3451","1":"product","2":"type-product","3":"status-publish","4":"has-post-thumbnail","6":"product_cat-herramientas-a-bateria","7":"product_tag-taladro-atornillador","9":"first","10":"instock","11":"product-type-simple"},"_links":{"self":[{"href":"https:\/\/lidertecsa.com.ar\/catalogo\/wp-json\/wp\/v2\/product\/3451"}],"collection":[{"href":"https:\/\/lidertecsa.com.ar\/catalogo\/wp-json\/wp\/v2\/product"}],"about":[{"href":"https:\/\/lidertecsa.com.ar\/catalogo\/wp-json\/wp\/v2\/types\/product"}],"wp:featuredmedia":[{"embeddable":true,"href":"https:\/\/lidertecsa.com.ar\/catalogo\/wp-json\/wp\/v2\/media\/3448"}],"wp:attachment":[{"href":"https:\/\/lidertecsa.com.ar\/catalogo\/wp-json\/wp\/v2\/media?parent=3451"}],"wp:term":[{"taxonomy":"product_cat","embeddable":true,"href":"https:\/\/lidertecsa.com.ar\/catalogo\/wp-json\/wp\/v2\/product_cat?post=3451"},{"taxonomy":"product_tag","embeddable":true,"href":"https:\/\/lidertecsa.com.ar\/catalogo\/wp-json\/wp\/v2\/product_tag?post=3451"}],"curies":[{"name":"wp","href":"https:\/\/api.w.org\/{rel}","templated":true}]}}