{"id":3441,"date":"2023-07-20T12:20:43","date_gmt":"2023-07-20T15:20:43","guid":{"rendered":"https:\/\/lidertecsa.com.ar\/catalogo\/?post_type=product&#038;p=3441"},"modified":"2024-12-13T16:34:33","modified_gmt":"2024-12-13T19:34:33","slug":"bolso-para-herramientas-bag-45-29","status":"publish","type":"product","link":"https:\/\/lidertecsa.com.ar\/catalogo\/producto\/bolso-para-herramientas-bag-45-29\/","title":{"rendered":"Bolso para Herramientas Bag 45\/29"},"content":{"rendered":"<p>La bolsa Einhell 45\/29 es manejable, estable y siempre a mano: las herramientas y los accesorios de Einhell se guardan de forma segura, e incluso la bater\u00eda y el cargador Power X-Change tienen su propio lugar en la pr\u00e1ctica bolsa.\u00a0La bolsa Einhell 45\/29 es duradera y robusta y tiene una base reforzada, una verdadera ventaja si desea realizar tareas dif\u00edciles en interiores o exteriores.\u00a0Esto significa que los dispositivos de alta calidad est\u00e1n bien protegidos contra influencias adversas en la obra, en el taller o en el jard\u00edn.\u00a0La bolsa Einhell ofrece almacenamiento universal para varias herramientas y accesorios.\u00a0Todo se transporta r\u00e1pidamente al lugar deseado con un asa.\u00a0La correa de transporte y el asa de transporte son extremadamente \u00fatiles.\u00a0Gracias a los diversos bolsillos, la bolsa Einhell siempre est\u00e1 ordenada y la herramienta deseada est\u00e1 r\u00e1pidamente a mano.<\/p>\n<table class=\"table__table\">\n<tbody>\n<tr class=\"-show tr-odd\">\n<td><span class=\"bold\">Dimensiones interiores<\/span><\/td>\n<td>420 mm x 200 mm x 270 mm<\/td>\n<\/tr>\n<tr class=\"-show tr-even\">\n<td><span class=\"bold\">Dimensiones exteriores<\/span><\/td>\n<td>450 mm x 220 mm x 290 mm<\/td>\n<\/tr>\n<tr class=\"-show tr-odd\">\n<td><span class=\"bold\">m\u00e1x.\u00a0carga \u00fatil<\/span><\/td>\n<td>20 kg<\/td>\n<\/tr>\n<\/tbody>\n<\/table>\n<p>&nbsp;<\/p>\n","protected":false},"excerpt":{"rendered":"<ul>\n<li class=\" meta\">Almacenamiento universal para herramientas y accesorios.<\/li>\n<li class=\" meta\">La base reforzada le da a la bolsa una gran capacidad de carga<\/li>\n<li class=\" meta\">Extremadamente pr\u00e1ctico gracias a la correa de transporte acolchada y al asa de transporte<\/li>\n<li class=\" meta\">Todo est\u00e1 siempre claramente organizado gracias a varios bolsillos y compartimentos.<\/li>\n<li class=\" meta\">Larga vida \u00fatil gracias a materiales robustos y de alta calidad<\/li>\n<li class=\"meta\">Bolsillos internos adicionales para almacenar bater\u00edas PXC<\/li>\n<\/ul>\n","protected":false},"featured_media":10511,"template":"","meta":{"_joinchat":[]},"product_cat":[736],"product_tag":[728],"class_list":{"0":"post-3441","1":"product","2":"type-product","3":"status-publish","4":"has-post-thumbnail","6":"product_cat-accesorios-varios","7":"product_tag-bolso-para-herramientas","9":"first","10":"instock","11":"product-type-simple"},"_links":{"self":[{"href":"https:\/\/lidertecsa.com.ar\/catalogo\/wp-json\/wp\/v2\/product\/3441"}],"collection":[{"href":"https:\/\/lidertecsa.com.ar\/catalogo\/wp-json\/wp\/v2\/product"}],"about":[{"href":"https:\/\/lidertecsa.com.ar\/catalogo\/wp-json\/wp\/v2\/types\/product"}],"wp:featuredmedia":[{"embeddable":true,"href":"https:\/\/lidertecsa.com.ar\/catalogo\/wp-json\/wp\/v2\/media\/10511"}],"wp:attachment":[{"href":"https:\/\/lidertecsa.com.ar\/catalogo\/wp-json\/wp\/v2\/media?parent=3441"}],"wp:term":[{"taxonomy":"product_cat","embeddable":true,"href":"https:\/\/lidertecsa.com.ar\/catalogo\/wp-json\/wp\/v2\/product_cat?post=3441"},{"taxonomy":"product_tag","embeddable":true,"href":"https:\/\/lidertecsa.com.ar\/catalogo\/wp-json\/wp\/v2\/product_tag?post=3441"}],"curies":[{"name":"wp","href":"https:\/\/api.w.org\/{rel}","templated":true}]}}