{"id":3423,"date":"2023-07-20T11:18:00","date_gmt":"2023-07-20T14:18:00","guid":{"rendered":"https:\/\/lidertecsa.com.ar\/catalogo\/?post_type=product&#038;p=3423"},"modified":"2024-12-13T16:34:31","modified_gmt":"2024-12-13T19:34:31","slug":"soporte-para-bateria","status":"publish","type":"product","link":"https:\/\/lidertecsa.com.ar\/catalogo\/producto\/soporte-para-bateria\/","title":{"rendered":"Soporte para Bater\u00eda"},"content":{"rendered":"<p>Todas las bater\u00edas Einhell Power X-Change pueden guardarse de forma segura y ahorrando espacio en el soporte de pared para bater\u00edas Einhell Power X-Change. Gracias a su inteligente dise\u00f1o modular, el soporte de pared para bater\u00edas se puede ampliar sin l\u00edmite para almacenar todas las bater\u00edas que se desee, lo que permite la m\u00e1xima flexibilidad para cada taller. El montaje es sencillo gracias a la conexi\u00f3n de ranura y leng\u00fceta. La funci\u00f3n de retenci\u00f3n del soporte de pared para bater\u00edas garantiza una sujeci\u00f3n segura, incluso cuando se monta sobre la cabeza o en la parte inferior de los bancos de trabajo. Dado que las bater\u00edas encajan de forma segura en los soportes, tambi\u00e9n son adecuados para su uso en veh\u00edculos como coches, autocaravanas o furgonetas. La compra del juego incluye cuatro tornillos para el montaje en una pared de madera y cuatro tacos para el montaje en hormig\u00f3n. El soporte de pared para una bater\u00eda mide 100\u00a0mm x 14\u00a0mm x 74\u00a0mm. El volumen de suministro incluye dos soportes de pared.<\/p>\n","protected":false},"excerpt":{"rendered":"<ul>\n<li class=\" meta\">Compatible con todas las bater\u00edas Power X-Change de Einhell<\/li>\n<li class=\" meta\">se puede ampliar sin l\u00edmite para almacenar todas las bater\u00edas que se desee<\/li>\n<li class=\" meta\">flexibilidad m\u00e1xima gracias a su inteligente dise\u00f1o modular<\/li>\n<li class=\" meta\">Montaje sencillo gracias a la conexi\u00f3n de ranura y leng\u00fceta<\/li>\n<li class=\" meta\">La funci\u00f3n de retenci\u00f3n permite una sujeci\u00f3n segura para el montaje en altura,<\/li>\n<li class=\"meta\">para uso en autocaravanas o veh\u00edculos<\/li>\n<li class=\"meta\">Incluye 4 tornillos y 4 tacos para el montaje<\/li>\n<\/ul>\n","protected":false},"featured_media":3424,"template":"","meta":{"_joinchat":[]},"product_cat":[50],"product_tag":[722],"class_list":{"0":"post-3423","1":"product","2":"type-product","3":"status-publish","4":"has-post-thumbnail","6":"product_cat-herramientas-a-bateria","7":"product_tag-soporte-para-bateria","9":"first","10":"instock","11":"product-type-simple"},"_links":{"self":[{"href":"https:\/\/lidertecsa.com.ar\/catalogo\/wp-json\/wp\/v2\/product\/3423"}],"collection":[{"href":"https:\/\/lidertecsa.com.ar\/catalogo\/wp-json\/wp\/v2\/product"}],"about":[{"href":"https:\/\/lidertecsa.com.ar\/catalogo\/wp-json\/wp\/v2\/types\/product"}],"wp:featuredmedia":[{"embeddable":true,"href":"https:\/\/lidertecsa.com.ar\/catalogo\/wp-json\/wp\/v2\/media\/3424"}],"wp:attachment":[{"href":"https:\/\/lidertecsa.com.ar\/catalogo\/wp-json\/wp\/v2\/media?parent=3423"}],"wp:term":[{"taxonomy":"product_cat","embeddable":true,"href":"https:\/\/lidertecsa.com.ar\/catalogo\/wp-json\/wp\/v2\/product_cat?post=3423"},{"taxonomy":"product_tag","embeddable":true,"href":"https:\/\/lidertecsa.com.ar\/catalogo\/wp-json\/wp\/v2\/product_tag?post=3423"}],"curies":[{"name":"wp","href":"https:\/\/api.w.org\/{rel}","templated":true}]}}