{"id":3398,"date":"2023-07-20T09:59:34","date_gmt":"2023-07-20T12:59:34","guid":{"rendered":"https:\/\/lidertecsa.com.ar\/catalogo\/?post_type=product&#038;p=3398"},"modified":"2024-12-13T16:34:29","modified_gmt":"2024-12-13T19:34:29","slug":"parlante-bluetooth-tc-sr-18-li-bt-solo","status":"publish","type":"product","link":"https:\/\/lidertecsa.com.ar\/catalogo\/producto\/parlante-bluetooth-tc-sr-18-li-bt-solo\/","title":{"rendered":"Parlante Bluetooth TC-SR 18 Li BT &#8211; Solo"},"content":{"rendered":"<p>Bateri\u0301a Compatible con Power X-Change \u2013 18V \/ USB 5 V. USB 2 A. Potencia parlante 2 x 3 W<br \/>\nDb max. 85 dB (A). 120 Hz \u2013 20 kHz<br \/>\nBluetooth Version 5.0 . Equipo sin bateria ni cargador<\/p>\n","protected":false},"excerpt":{"rendered":"<ul>\n<li>Un miembro de la familia Power X-Change<\/li>\n<li>F\u00e1cil conexi\u00f3n con el dispositivo gracias a Bluetooth<\/li>\n<li>Conexi\u00f3n AUX para conectar un reproductor MP3, tel\u00e9fono m\u00f3vil, etc.<\/li>\n<li>Conexi\u00f3n USB para cargar un tel\u00e9fono m\u00f3vil, tableta o reproductor MP3<\/li>\n<li>El panel de control intuitivo facilita su uso<\/li>\n<li>Se suministra sin bater\u00eda ni cargador (disponible por separado)<\/li>\n<\/ul>\n","protected":false},"featured_media":3399,"template":"","meta":{"_joinchat":[]},"product_cat":[50],"product_tag":[715],"class_list":{"0":"post-3398","1":"product","2":"type-product","3":"status-publish","4":"has-post-thumbnail","6":"product_cat-herramientas-a-bateria","7":"product_tag-parlante-bluetooth","9":"first","10":"instock","11":"product-type-simple"},"_links":{"self":[{"href":"https:\/\/lidertecsa.com.ar\/catalogo\/wp-json\/wp\/v2\/product\/3398"}],"collection":[{"href":"https:\/\/lidertecsa.com.ar\/catalogo\/wp-json\/wp\/v2\/product"}],"about":[{"href":"https:\/\/lidertecsa.com.ar\/catalogo\/wp-json\/wp\/v2\/types\/product"}],"wp:featuredmedia":[{"embeddable":true,"href":"https:\/\/lidertecsa.com.ar\/catalogo\/wp-json\/wp\/v2\/media\/3399"}],"wp:attachment":[{"href":"https:\/\/lidertecsa.com.ar\/catalogo\/wp-json\/wp\/v2\/media?parent=3398"}],"wp:term":[{"taxonomy":"product_cat","embeddable":true,"href":"https:\/\/lidertecsa.com.ar\/catalogo\/wp-json\/wp\/v2\/product_cat?post=3398"},{"taxonomy":"product_tag","embeddable":true,"href":"https:\/\/lidertecsa.com.ar\/catalogo\/wp-json\/wp\/v2\/product_tag?post=3398"}],"curies":[{"name":"wp","href":"https:\/\/api.w.org\/{rel}","templated":true}]}}