{"id":3394,"date":"2023-07-20T09:41:38","date_gmt":"2023-07-20T12:41:38","guid":{"rendered":"https:\/\/lidertecsa.com.ar\/catalogo\/?post_type=product&#038;p=3394"},"modified":"2024-12-13T16:34:28","modified_gmt":"2024-12-13T19:34:28","slug":"pistola-de-pintar-tc-sy-18-60-li-solo","status":"publish","type":"product","link":"https:\/\/lidertecsa.com.ar\/catalogo\/producto\/pistola-de-pintar-tc-sy-18-60-li-solo\/","title":{"rendered":"Pistola de Pintar TC-SY 18\/60  Li &#8211; Solo"},"content":{"rendered":"<p>El sistema de pulverizaci\u00f3n de pintura inal\u00e1mbrico TC-SY 18\/60 Li Solo de Einhell es adecuado para pulverizar lacas y esmaltes, agentes de lavado, agentes de impregnaci\u00f3n y aceites. Este sistema port\u00e1til para superficies de trabajo peque\u00f1as y medianas viene con una pistola rociadora con Softgrip para un manejo seguro y c\u00f3modo.\u00a0Como miembro flexible y de alto rendimiento de la familia Power X-Change, todas las bater\u00edas PXC con sus celdas de iones de litio de alta calidad se pueden combinar con la pistola rociadora.\u00a0Este producto no viene con bater\u00eda y cargador PXC;\u00a0estos art\u00edculos est\u00e1n disponibles por separado.\u00a0El motor transporta hasta 650 ml de pintura por minuto a trav\u00e9s del cabezal de aire ajustable para chorros verticales, horizontales y redondos.\u00a0El cabezal de rociado se puede quitar para limpiar todos los elementos que entran en contacto con la pintura.\u00a0Para un ajuste fino de la cantidad de pintura aplicada, hay un controlador de volumen de pintura.\u00a0Un dispositivo de suspensi\u00f3n fijado a la carcasa permite guardar la pistola pulverizadora en un espacio m\u00ednimo.\u00a0La entrega incluye 2 boquillas para lacas y esmaltes de diferentes viscosidades, un recipiente de 100 ml para verificar la viscosidad, un cepillo de limpieza para limpiar el tubo ascendente, un pin de limpieza para limpiar la boquilla de pulverizaci\u00f3n y un bote de pintura de 800 ml con escala de medici\u00f3n y tapa.<\/p>\n<div id=\"tab-label-featuresfull\" class=\"data item title\">\n<div id=\"label-featuresfull\" class=\"data item content\" data-role=\"content\">\n<table width=\"376\">\n<tbody>\n<tr>\n<td colspan=\"2\" width=\"376\">Datos t\u00e9cnicos<\/td>\n<\/tr>\n<tr>\n<td width=\"183\">Tasa de flujo<\/td>\n<td width=\"193\">650 ml \/ min<\/td>\n<\/tr>\n<tr>\n<td width=\"183\">Max.\u00a0viscosidad<\/td>\n<td width=\"193\">60 DIN-seg<\/td>\n<\/tr>\n<tr>\n<td width=\"183\">Volumen del tanque<\/td>\n<td width=\"193\">800 ml<\/td>\n<\/tr>\n<\/tbody>\n<\/table>\n<\/div>\n<\/div>\n","protected":false},"excerpt":{"rendered":"<ul class=\"top-features\">\n<li>Un miembro de la familia Power X-Change<\/li>\n<li>Sistema port\u00e1til para \u00e1reas de trabajo peque\u00f1as y medianas<\/li>\n<li>Adecuado para pulverizaci\u00f3n de lacas y esmaltes.<\/li>\n<li>Cabezal rociador extra\u00edble para limpiar todos los elementos que conducen a la pintura<\/li>\n<li>Regulaci\u00f3n del flujo de pintura para una adaptaci\u00f3n ideal de la aplicaci\u00f3n de pintura.<\/li>\n<li>Cabezal de aire ajustable para chorros verticales, horizontales y redondos<\/li>\n<li>Agarre suave para un manejo seguro y f\u00e1cil de usar<\/li>\n<li>Pr\u00e1ctico dispositivo para colgar para ahorrar espacio.<\/li>\n<li>Incl.\u00a02 boquillas para diferentes viscosidades de lacas y esmaltes<\/li>\n<li>Incl.\u00a0cepillo de purificaci\u00f3n para limpiar la captaci\u00f3n<\/li>\n<li>Incl.\u00a0aguja de purificaci\u00f3n para limpiar la boquilla de pulverizaci\u00f3n<\/li>\n<li>Incl.\u00a0Envase de 100 ml para examen de viscosidad<\/li>\n<li>Incl.\u00a0tapa para recipiente de pintura<\/li>\n<li>Incl.\u00a0Envase de pintura de 800 ml con escala de medida<\/li>\n<\/ul>\n","protected":false},"featured_media":3395,"template":"","meta":{"_joinchat":[]},"product_cat":[50],"product_tag":[713],"class_list":{"0":"post-3394","1":"product","2":"type-product","3":"status-publish","4":"has-post-thumbnail","6":"product_cat-herramientas-a-bateria","7":"product_tag-pistola-de-pintar-inalambrica","9":"first","10":"instock","11":"product-type-simple"},"_links":{"self":[{"href":"https:\/\/lidertecsa.com.ar\/catalogo\/wp-json\/wp\/v2\/product\/3394"}],"collection":[{"href":"https:\/\/lidertecsa.com.ar\/catalogo\/wp-json\/wp\/v2\/product"}],"about":[{"href":"https:\/\/lidertecsa.com.ar\/catalogo\/wp-json\/wp\/v2\/types\/product"}],"wp:featuredmedia":[{"embeddable":true,"href":"https:\/\/lidertecsa.com.ar\/catalogo\/wp-json\/wp\/v2\/media\/3395"}],"wp:attachment":[{"href":"https:\/\/lidertecsa.com.ar\/catalogo\/wp-json\/wp\/v2\/media?parent=3394"}],"wp:term":[{"taxonomy":"product_cat","embeddable":true,"href":"https:\/\/lidertecsa.com.ar\/catalogo\/wp-json\/wp\/v2\/product_cat?post=3394"},{"taxonomy":"product_tag","embeddable":true,"href":"https:\/\/lidertecsa.com.ar\/catalogo\/wp-json\/wp\/v2\/product_tag?post=3394"}],"curies":[{"name":"wp","href":"https:\/\/api.w.org\/{rel}","templated":true}]}}