{"id":3390,"date":"2023-07-20T09:30:15","date_gmt":"2023-07-20T12:30:15","guid":{"rendered":"https:\/\/lidertecsa.com.ar\/catalogo\/?post_type=product&#038;p=3390"},"modified":"2024-12-13T16:34:27","modified_gmt":"2024-12-13T19:34:27","slug":"pistola-de-pegamento-te-cg-18-li-solo","status":"publish","type":"product","link":"https:\/\/lidertecsa.com.ar\/catalogo\/producto\/pistola-de-pegamento-te-cg-18-li-solo\/","title":{"rendered":"Pistola de Pegamento TE-CG 18 Li &#8211; Solo"},"content":{"rendered":"<p>La pistola termofusible inal\u00e1mbrica TE-CG 18 Li \u2013 Solo es la ayuda ideal para aficionados al bricolaje en el taller y en el s\u00f3tano de afici\u00f3n en trabajos de pegado precisos, para rellenar grietas y hendiduras e incluso para el sellado de rotura y grietas del pelo.<br \/>\nComo miembro de la familia Power X-Change de , la pistola de pegamento funciona con una bater\u00eda de iones de litio potente y duradera. Como miembro de la serie PXC, todas las bater\u00edas de la serie pueden combinarse con la pistola de pegamento caliente.<br \/>\nListo para usar, la pr\u00e1ctica pistola de pegamento est\u00e1 lista para su uso en tan solo 120 segundos. La pr\u00e1ctica pantalla LED muestra de un vistazo el estado de calefacci\u00f3n. La placa adhesiva se apaga autom\u00e1ticamente despu\u00e9s de 5 minutos de interrupci\u00f3n.<br \/>\nLa boquilla adhesiva plana adicional es ideal para trabajos de uso adecuados, por ejemplo, en espacios finos o bordes planos. Seguro y c\u00f3modo en el manejo la pistola de pegamento caliente a bater\u00eda gracias al agarre suave.<br \/>\nEn el env\u00edo de la pistola termofusible a bater\u00eda se incluyen cinco barras de pegamento (Di\u00e1metro 11 mm, longitud 200 mm). La entrega se efectuar\u00e1 sin bater\u00eda ni cargador, estos se venden por separado, por ejemplo, como pr\u00e1ctico Power X-Change Starter-Set.<\/p>\n<table width=\"346\">\n<tbody>\n<tr>\n<td colspan=\"2\" width=\"346\">T\u00e9cnico<\/td>\n<\/tr>\n<tr>\n<td width=\"290\">Tiempo de calentamiento<\/td>\n<td width=\"56\">120 s<\/td>\n<\/tr>\n<tr>\n<td width=\"290\">Max.\u00a0temperatura de encolado<\/td>\n<td width=\"56\">170 \u00b0 C<\/td>\n<\/tr>\n<tr>\n<td width=\"290\">Di\u00e1metro de la barra de pegamento<\/td>\n<td width=\"56\">11 mm<\/td>\n<\/tr>\n<\/tbody>\n<\/table>\n","protected":false},"excerpt":{"rendered":"<ul>\n<li>Un miembro de la familia Power X-Change<\/li>\n<li>Pr\u00e1ctico indicador de nivel de calor LED<\/li>\n<li>Operativo para pegar despu\u00e9s de solo 120 segundos de tiempo de calentamiento<\/li>\n<li>Manejo seguro y c\u00f3modo gracias al agarre suave<\/li>\n<li>Auto.\u00a0apagado despu\u00e9s de 5 min.\u00a0en espera para evitar el sobrecalentamiento<\/li>\n<li>LED pr\u00e1ctico para una iluminaci\u00f3n \u00f3ptima del \u00e1rea de trabajo<\/li>\n<li>Boquilla de encolado plana adicional uso \u00f3ptimo en espacios reducidos<\/li>\n<li>Incl.\u00a05 barras de pegamento, con una longitud de 200 mm<\/li>\n<li>Se suministra sin bater\u00eda ni cargador (disponible por separado)<\/li>\n<\/ul>\n","protected":false},"featured_media":3391,"template":"","meta":{"_joinchat":[]},"product_cat":[50],"product_tag":[97],"class_list":{"0":"post-3390","1":"product","2":"type-product","3":"status-publish","4":"has-post-thumbnail","6":"product_cat-herramientas-a-bateria","7":"product_tag-pistola-de-pegamento","9":"first","10":"instock","11":"product-type-simple"},"_links":{"self":[{"href":"https:\/\/lidertecsa.com.ar\/catalogo\/wp-json\/wp\/v2\/product\/3390"}],"collection":[{"href":"https:\/\/lidertecsa.com.ar\/catalogo\/wp-json\/wp\/v2\/product"}],"about":[{"href":"https:\/\/lidertecsa.com.ar\/catalogo\/wp-json\/wp\/v2\/types\/product"}],"wp:featuredmedia":[{"embeddable":true,"href":"https:\/\/lidertecsa.com.ar\/catalogo\/wp-json\/wp\/v2\/media\/3391"}],"wp:attachment":[{"href":"https:\/\/lidertecsa.com.ar\/catalogo\/wp-json\/wp\/v2\/media?parent=3390"}],"wp:term":[{"taxonomy":"product_cat","embeddable":true,"href":"https:\/\/lidertecsa.com.ar\/catalogo\/wp-json\/wp\/v2\/product_cat?post=3390"},{"taxonomy":"product_tag","embeddable":true,"href":"https:\/\/lidertecsa.com.ar\/catalogo\/wp-json\/wp\/v2\/product_tag?post=3390"}],"curies":[{"name":"wp","href":"https:\/\/api.w.org\/{rel}","templated":true}]}}