{"id":3388,"date":"2023-07-20T09:26:22","date_gmt":"2023-07-20T12:26:22","guid":{"rendered":"https:\/\/lidertecsa.com.ar\/catalogo\/?post_type=product&#038;p=3388"},"modified":"2024-12-13T16:34:27","modified_gmt":"2024-12-13T19:34:27","slug":"pistola-aplicadora-te-sg-18-10-li-solo","status":"publish","type":"product","link":"https:\/\/lidertecsa.com.ar\/catalogo\/producto\/pistola-aplicadora-te-sg-18-10-li-solo\/","title":{"rendered":"Pistola Aplicadora TE-SG 18\/10 Li &#8211; Solo"},"content":{"rendered":"<p>La pistola de cartuchos con bater\u00eda TE-SG 18\/10 Li-Solo de Einhell es el complemento ideal para clasificaci\u00f3n base en el taller, pero tambi\u00e9n para el cuarto de bricolaje y en particular cuando en casa hay reparaciones regulares o trabajos regulares de saneamiento y renovaci\u00f3n. Como miembro de la flexible familia Power X-Change y por el dise\u00f1o esbelto, la pistola de cartuchos manejable puede usarse en todo lugar donde se necesite. La pistola de cartuchos con bater\u00eda es adecuada para todos los cartuchos de 310 ml habituales en el mercado. Los robustos materiales aportan larga vida \u00fatil tambi\u00e9n en condiciones adversos y usos regulares, el agarre suave permite una sujeci\u00f3n firme, segura durante el funcionamiento. La pistola de cartuchos dispone de una fuerza de prensado hasta 2.000 N, por la velocidad de prensado regulable se produce una imagen uniforme a trav\u00e9s rueda de ajuste y un interruptor de presi\u00f3n. La velocidad de giro puede adaptarse por la posibilidad de ajuste individual a los diferentes materiales y cantidades con los que se trabaja. Por el mecanismo de retorno se ahorra el goteo y pegado de superficies en las que se deposita la pistola. La intensa luz LED ofrece una visi\u00f3n \u00f3ptima en la zona de uso, tambi\u00e9n en zonas oscuras. El env\u00edo se realiza sin bater\u00eda ni cargador de la serie Power X-Change, estos son adquiribles por separado, por ejemplo, como un pr\u00e1ctico set para principiantes.<\/p>\n<div class=\"content-item module-headline-paragraph headline paragraph -color-headline-black\">\n<h2 class=\"heading delta\">Detalles t\u00e9cnicos<\/h2>\n<\/div>\n<div class=\"content-item module-table -styling-beta\">\n<table class=\"table__table\">\n<tbody>\n<tr class=\"-show tr-odd\">\n<td><span class=\"bold\">fuente de alimentaci\u00f3n<\/span><\/td>\n<td>18 V<\/td>\n<\/tr>\n<tr class=\"-show tr-even\">\n<td><span class=\"bold\">Fuerza de dispensaci\u00f3n<\/span><\/td>\n<td>2000 N<\/td>\n<\/tr>\n<tr class=\"-show tr-odd\">\n<td><span class=\"bold\">Velocidad de alimentaci\u00f3n en modo inactivo<\/span><\/td>\n<td>0,4 mm\/s \u2013 10 mm\/s<\/td>\n<\/tr>\n<tr class=\"-show tr-even\">\n<td><span class=\"bold\">Ajustes de velocidad<\/span><\/td>\n<td>6 niveles<\/td>\n<\/tr>\n<tr class=\"-show tr-odd\">\n<td><span class=\"bold\">Tama\u00f1o del cartucho m\u00e1x.<\/span><\/td>\n<td>310 ml<\/td>\n<\/tr>\n<\/tbody>\n<\/table>\n<\/div>\n","protected":false},"excerpt":{"rendered":"<ul>\n<li class=\" meta\">Miembro de la familia Power X-Change<\/li>\n<li class=\" meta\">Alta fuerza de prensado hasta 2000 N<\/li>\n<li class=\" meta\">Pistola de cartuchos con bater\u00eda para cartuchos de 310 ml<\/li>\n<li class=\" meta\">Con LED luminoso para visi\u00f3n \u00f3ptima de la zona de uso<\/li>\n<li class=\" meta\">Velocidad de giro ajustable para diferentes materiales y cantidad<\/li>\n<li class=\"meta\">Velocidad de prensado regulable por rueda de ajuste e interruptor de presi\u00f3n<\/li>\n<li class=\"meta\">Sin goteo gracias al mecanismo de retorno<\/li>\n<li class=\"meta\">Materiales robustos para el uso regular<\/li>\n<li class=\"meta\">Forma constructiva esbelta con agarre suave ergon\u00f3mico<\/li>\n<li class=\"meta\">Env\u00edo sin bater\u00eda ni cargador (adquiribles por separado)<\/li>\n<\/ul>\n","protected":false},"featured_media":3389,"template":"","meta":{"_joinchat":[]},"product_cat":[50],"product_tag":[711,1081],"class_list":{"0":"post-3388","1":"product","2":"type-product","3":"status-publish","4":"has-post-thumbnail","6":"product_cat-herramientas-a-bateria","7":"product_tag-pistola-aplicadora","8":"product_tag-vidrieria","10":"first","11":"instock","12":"product-type-simple"},"_links":{"self":[{"href":"https:\/\/lidertecsa.com.ar\/catalogo\/wp-json\/wp\/v2\/product\/3388"}],"collection":[{"href":"https:\/\/lidertecsa.com.ar\/catalogo\/wp-json\/wp\/v2\/product"}],"about":[{"href":"https:\/\/lidertecsa.com.ar\/catalogo\/wp-json\/wp\/v2\/types\/product"}],"wp:featuredmedia":[{"embeddable":true,"href":"https:\/\/lidertecsa.com.ar\/catalogo\/wp-json\/wp\/v2\/media\/3389"}],"wp:attachment":[{"href":"https:\/\/lidertecsa.com.ar\/catalogo\/wp-json\/wp\/v2\/media?parent=3388"}],"wp:term":[{"taxonomy":"product_cat","embeddable":true,"href":"https:\/\/lidertecsa.com.ar\/catalogo\/wp-json\/wp\/v2\/product_cat?post=3388"},{"taxonomy":"product_tag","embeddable":true,"href":"https:\/\/lidertecsa.com.ar\/catalogo\/wp-json\/wp\/v2\/product_tag?post=3388"}],"curies":[{"name":"wp","href":"https:\/\/api.w.org\/{rel}","templated":true}]}}