{"id":3386,"date":"2023-07-20T09:14:11","date_gmt":"2023-07-20T12:14:11","guid":{"rendered":"https:\/\/lidertecsa.com.ar\/catalogo\/?post_type=product&#038;p=3386"},"modified":"2024-12-13T16:34:27","modified_gmt":"2024-12-13T19:34:27","slug":"pulidora-inalambrica-ce-cb-18-254-li-solo","status":"publish","type":"product","link":"https:\/\/lidertecsa.com.ar\/catalogo\/producto\/pulidora-inalambrica-ce-cb-18-254-li-solo\/","title":{"rendered":"Pulidora Inal\u00e1mbrica CE-CB 18\/254 Li &#8211; SOLO"},"content":{"rendered":"<p>Con la m\u00e1quina pulidora de coches sin cable CE-CB 18\/254 Li \u2013 Solo, el coche puede lucir un brillo intenso en un abrir y cerrar de ojos. La clave: El usuario trabaja de forma flexible y sin ataduras gracias al potente funcionamiento de la bater\u00eda de iones de litio. La bater\u00eda forma parte de la innovadora familia Power X-Change de y se puede utilizar en todos los dispositivos aut\u00f3nomos de esta serie. El acabado pr\u00e1ctico y robusto de la m\u00e1quina pulidora asegura su larga vida \u00fatil y el agarre suave permite un trabajo agradable y sin esfuerzo con una sujeci\u00f3n perfecta. Las potentes 2500 revoluciones por minuto y la placa de pulido con un di\u00e1metro de 254 mil\u00edmetros garantizan la eficacia del pulido y el brillo del veh\u00edculo. La seguridad es proporcionada por un interruptor de encendido \/ apagado de muy f\u00e1cil acceso y la protecci\u00f3n de sobrecarga. Con la cubierta de pulido textil, se aplica el abrillantador sobre la superficie de tratamiento. La cubierta de pulido sint\u00e9tico genera un brillo duradero al repasar el pulido. Las almohadillas de pulido se incluyen en el contenido de suministro. La bater\u00eda asociada con el cargador se vende por separado si es necesario.<\/p>\n<table width=\"315\">\n<tbody>\n<tr>\n<td colspan=\"2\" width=\"315\">T\u00e9cnico<\/td>\n<\/tr>\n<tr>\n<td width=\"193\">Velocidad de rotaci\u00f3n<\/td>\n<td width=\"122\">2500 min ^ -1<\/td>\n<\/tr>\n<tr>\n<td width=\"193\">Di\u00e1metro<\/td>\n<td width=\"122\">254 mil\u00edmetros<\/td>\n<\/tr>\n<\/tbody>\n<\/table>\n","protected":false},"excerpt":{"rendered":"<ul>\n<li>Miembro de la familia Power X-Change<\/li>\n<li>Pulidora manejable y robusta<\/li>\n<li>Interruptor de encendido\/apagado para un control y seguridad \u00f3ptimos<\/li>\n<li>Protecci\u00f3n contra sobrecargas para un uso seguro<\/li>\n<li>Empu\u00f1adura suave Softgrip para un trabajo c\u00f3modo y una sujeci\u00f3n perfecta<\/li>\n<li>Incl. 1 cubierta de pulido textil<\/li>\n<li>Incl. 1 cubierta de pulido sint\u00e9tica<\/li>\n<li>Se suministra sin bater\u00eda ni cargador (se venden por separado)<\/li>\n<\/ul>\n","protected":false},"featured_media":3387,"template":"","meta":{"_joinchat":[]},"product_cat":[50],"product_tag":[710],"class_list":{"0":"post-3386","1":"product","2":"type-product","3":"status-publish","4":"has-post-thumbnail","6":"product_cat-herramientas-a-bateria","7":"product_tag-pulidora-inalambrica","9":"first","10":"instock","11":"product-type-simple"},"_links":{"self":[{"href":"https:\/\/lidertecsa.com.ar\/catalogo\/wp-json\/wp\/v2\/product\/3386"}],"collection":[{"href":"https:\/\/lidertecsa.com.ar\/catalogo\/wp-json\/wp\/v2\/product"}],"about":[{"href":"https:\/\/lidertecsa.com.ar\/catalogo\/wp-json\/wp\/v2\/types\/product"}],"wp:featuredmedia":[{"embeddable":true,"href":"https:\/\/lidertecsa.com.ar\/catalogo\/wp-json\/wp\/v2\/media\/3387"}],"wp:attachment":[{"href":"https:\/\/lidertecsa.com.ar\/catalogo\/wp-json\/wp\/v2\/media?parent=3386"}],"wp:term":[{"taxonomy":"product_cat","embeddable":true,"href":"https:\/\/lidertecsa.com.ar\/catalogo\/wp-json\/wp\/v2\/product_cat?post=3386"},{"taxonomy":"product_tag","embeddable":true,"href":"https:\/\/lidertecsa.com.ar\/catalogo\/wp-json\/wp\/v2\/product_tag?post=3386"}],"curies":[{"name":"wp","href":"https:\/\/api.w.org\/{rel}","templated":true}]}}