{"id":3384,"date":"2023-07-20T09:13:56","date_gmt":"2023-07-20T12:13:56","guid":{"rendered":"https:\/\/lidertecsa.com.ar\/catalogo\/?post_type=product&#038;p=3384"},"modified":"2024-12-13T16:34:26","modified_gmt":"2024-12-13T19:34:26","slug":"pulidora-inalambrica-ce-cp-18-180-li-solo","status":"publish","type":"product","link":"https:\/\/lidertecsa.com.ar\/catalogo\/producto\/pulidora-inalambrica-ce-cp-18-180-li-solo\/","title":{"rendered":"Pulidora Inal\u00e1mbrica CE-CP 18\/180 Li &#8211; SOLO"},"content":{"rendered":"<p>La m\u00e1quina pulidora \/ lijadora inal\u00e1mbrica CE-CP 18\/180 Li E-Solo ofrece la libertad de operaci\u00f3n inal\u00e1mbrica para el usuario en trabajos en el hogar, taller y garaje. La m\u00e1quina pulidora \/ lijadora inal\u00e1mbrica es miembro de la serie Power X-Change, por lo que las bater\u00edas recargables de esta serie del sistema se pueden usar en todos los dispositivos PXC. La m\u00e1quina pulidora \/ lijadora inal\u00e1mbrica funciona con un motor sin escobillas, un motor el\u00e9ctrico de larga duraci\u00f3n. El producto 2 en 1 lo hace posible: pulido y lijado con una sola herramienta. Un gran disco de pulido con un di\u00e1metro de 180 mil\u00edmetros permite un trabajo r\u00e1pido. Gracias al control electr\u00f3nico de velocidad a trav\u00e9s de la pantalla LCD, los entusiastas del bricolaje pueden ajustar la velocidad a cada aplicaci\u00f3n espec\u00edfica f\u00e1cilmente y con solo un vistazo. Para una operaci\u00f3n c\u00f3moda, hay un mango ergon\u00f3mico para un agarre \u00f3ptimo y un manejo controlado y el dise\u00f1o delgado con agarre suave. El cierre de velcro permite cambiar los archivos adjuntos r\u00e1pidamente. Para la fijaci\u00f3n sin problemas del disco de pulido hay un sistema de bloqueo del husillo. Este producto viene sin bater\u00eda ni cargador. Estos est\u00e1n disponibles por separado, por ejemplo, como un conjunto de inicio pr\u00e1ctico. Para obtener resultados \u00f3ptimos, se recomienda el uso de la bater\u00eda recargable de 2.5 Ah o superior.<\/p>\n<table width=\"427\">\n<tbody>\n<tr>\n<td colspan=\"2\" width=\"427\">T\u00e9cnico<\/td>\n<\/tr>\n<tr>\n<td width=\"236\">Velocidad de rotaci\u00f3n<\/td>\n<td width=\"191\">500 min ^ -1 \u2013 3000 min ^ -1<\/td>\n<\/tr>\n<tr>\n<td width=\"236\">Di\u00e1metro de la placa de lijado<\/td>\n<td width=\"191\">180 mm<\/td>\n<\/tr>\n<\/tbody>\n<\/table>\n","protected":false},"excerpt":{"rendered":"<ul>\n<li>Un miembro de la familia Power X-Change, requiere bater\u00eda de 1x18V<\/li>\n<li>Motor el\u00e9ctrico sin escobillas<\/li>\n<li>Producto 2 en 1: pulido y pulido \/ lijado con una sola herramienta<\/li>\n<li>Control electr\u00f3nico de velocidad a trav\u00e9s de LCD<\/li>\n<li>Asa ergon\u00f3mica para una sujeci\u00f3n \u00f3ptima y operaci\u00f3n controlada<\/li>\n<li>Dise\u00f1o delgado con superficies ergon\u00f3micas de agarre suave.<\/li>\n<li>Cierre de velcro para cambiar los accesorios r\u00e1pidamente<\/li>\n<li>Sistema de bloqueo del husillo para una f\u00e1cil fijaci\u00f3n del disco de pulido.<\/li>\n<li>Disco de pulido grande con 180 mm de di\u00e1metro para un progreso r\u00e1pido<\/li>\n<li>Recomendaci\u00f3n para resultados \u00f3ptimos: bater\u00eda recargable, 2.5 Ah<\/li>\n<li>Se suministra sin bater\u00eda y cargador (disponible por separado)<\/li>\n<\/ul>\n","protected":false},"featured_media":3385,"template":"","meta":{"_joinchat":[]},"product_cat":[50],"product_tag":[710],"class_list":{"0":"post-3384","1":"product","2":"type-product","3":"status-publish","4":"has-post-thumbnail","6":"product_cat-herramientas-a-bateria","7":"product_tag-pulidora-inalambrica","9":"first","10":"instock","11":"product-type-simple"},"_links":{"self":[{"href":"https:\/\/lidertecsa.com.ar\/catalogo\/wp-json\/wp\/v2\/product\/3384"}],"collection":[{"href":"https:\/\/lidertecsa.com.ar\/catalogo\/wp-json\/wp\/v2\/product"}],"about":[{"href":"https:\/\/lidertecsa.com.ar\/catalogo\/wp-json\/wp\/v2\/types\/product"}],"wp:featuredmedia":[{"embeddable":true,"href":"https:\/\/lidertecsa.com.ar\/catalogo\/wp-json\/wp\/v2\/media\/3385"}],"wp:attachment":[{"href":"https:\/\/lidertecsa.com.ar\/catalogo\/wp-json\/wp\/v2\/media?parent=3384"}],"wp:term":[{"taxonomy":"product_cat","embeddable":true,"href":"https:\/\/lidertecsa.com.ar\/catalogo\/wp-json\/wp\/v2\/product_cat?post=3384"},{"taxonomy":"product_tag","embeddable":true,"href":"https:\/\/lidertecsa.com.ar\/catalogo\/wp-json\/wp\/v2\/product_tag?post=3384"}],"curies":[{"name":"wp","href":"https:\/\/api.w.org\/{rel}","templated":true}]}}