{"id":3346,"date":"2023-07-19T16:48:31","date_gmt":"2023-07-19T19:48:31","guid":{"rendered":"https:\/\/lidertecsa.com.ar\/catalogo\/?post_type=product&#038;p=3346"},"modified":"2024-12-13T16:34:26","modified_gmt":"2024-12-13T19:34:26","slug":"soplador-inalambrico-te-cb-18-180-li-solo","status":"publish","type":"product","link":"https:\/\/lidertecsa.com.ar\/catalogo\/producto\/soplador-inalambrico-te-cb-18-180-li-solo\/","title":{"rendered":"Soplador Inal\u00e1mbrico TE-CB 18\/180 LI SOLO"},"content":{"rendered":"<p>El soplador inal\u00e1mbrico TE-CB 18\/78 Li \u2013 Solo de Einhell enciende el turbo a la hora de limpiar. Con tres adaptadores de inflado incluidos, el dispositivo es vers\u00e1til para usar en lugares de construcci\u00f3n y en talleres. El soplador inal\u00e1mbrico de Einhell se puede utilizar de forma flexible gracias a su funcionamiento mediante bater\u00eda. Los cables el\u00e9ctricos y los enchufes son agua pasada. El soplador forma parte de la acreditada familia Power X-Change. Las bater\u00edas son totalmente flexibles intercambiables con aparatos y herramientas de jard\u00edn de la serie de aparatos aut\u00f3nomos de Einhell. Elimine el polvo y la suciedad del lugar de construcci\u00f3n, retire las virutas del taller o sople las perforaciones: Con hasta 180 km\/h y una velocidad de ralent\u00ed de hasta 15.500 revoluciones por minuto, el soplador inal\u00e1mbrico tiene una fuerza y una potencia inmensas. Para ello dispone de unos componentes electr\u00f3nicos para la velocidad que garantizan un trabajo orientado a la aplicaci\u00f3n. El soplador inal\u00e1mbrica es agradable de sujetar gracias a la empu\u00f1adura Softgrip. La entrega no incluye bater\u00eda ni cargador. Estos se pueden adquirir por separado<\/p>\n<table width=\"468\">\n<tbody>\n<tr>\n<td colspan=\"2\" width=\"468\">T\u00e9cnico<\/td>\n<\/tr>\n<tr>\n<td width=\"296\">Paso de velocidad de soplado 1<\/td>\n<td width=\"172\">130 kil\u00f3metros por hora<\/td>\n<\/tr>\n<tr>\n<td width=\"296\">Paso de velocidad de soplado 2<\/td>\n<td width=\"172\">180 kil\u00f3metros por hora<\/td>\n<\/tr>\n<tr>\n<td width=\"296\">Velocidad sin carga (marcha 1)<\/td>\n<td width=\"172\">11500 min ^ -1<\/td>\n<\/tr>\n<tr>\n<td width=\"296\">Velocidad sin carga (marcha 2)<\/td>\n<td width=\"172\">15500 min ^ -1<\/td>\n<\/tr>\n<\/tbody>\n<\/table>\n","protected":false},"excerpt":{"rendered":"<ul>\n<li>Miembro de la familia Power X-Change<\/li>\n<li>2 niveles de velocidad para un trabajo orientado a la aplicaci\u00f3n<\/li>\n<li>Velocidad del aire de hasta 180 km\/h para un trabajo con mejores resultados<\/li>\n<li>Vers\u00e1til: En lugares de construcci\u00f3n, talleres y jardines<\/li>\n<li>Trabajo ameno gracias a la empu\u00f1adura Softgrip<\/li>\n<li>Incluidos 3 adaptadores de inflado para m\u00faltiples aplicaciones<\/li>\n<li>Se suministra sin bater\u00eda ni cargador (se venden por separado)<\/li>\n<\/ul>\n","protected":false},"featured_media":3347,"template":"","meta":{"_joinchat":[]},"product_cat":[50],"product_tag":[709],"class_list":{"0":"post-3346","1":"product","2":"type-product","3":"status-publish","4":"has-post-thumbnail","6":"product_cat-herramientas-a-bateria","7":"product_tag-soplador-inalambrico","9":"first","10":"instock","11":"product-type-simple"},"_links":{"self":[{"href":"https:\/\/lidertecsa.com.ar\/catalogo\/wp-json\/wp\/v2\/product\/3346"}],"collection":[{"href":"https:\/\/lidertecsa.com.ar\/catalogo\/wp-json\/wp\/v2\/product"}],"about":[{"href":"https:\/\/lidertecsa.com.ar\/catalogo\/wp-json\/wp\/v2\/types\/product"}],"wp:featuredmedia":[{"embeddable":true,"href":"https:\/\/lidertecsa.com.ar\/catalogo\/wp-json\/wp\/v2\/media\/3347"}],"wp:attachment":[{"href":"https:\/\/lidertecsa.com.ar\/catalogo\/wp-json\/wp\/v2\/media?parent=3346"}],"wp:term":[{"taxonomy":"product_cat","embeddable":true,"href":"https:\/\/lidertecsa.com.ar\/catalogo\/wp-json\/wp\/v2\/product_cat?post=3346"},{"taxonomy":"product_tag","embeddable":true,"href":"https:\/\/lidertecsa.com.ar\/catalogo\/wp-json\/wp\/v2\/product_tag?post=3346"}],"curies":[{"name":"wp","href":"https:\/\/api.w.org\/{rel}","templated":true}]}}