{"id":3342,"date":"2023-07-19T16:37:09","date_gmt":"2023-07-19T19:37:09","guid":{"rendered":"https:\/\/lidertecsa.com.ar\/catalogo\/?post_type=product&#038;p=3342"},"modified":"2024-12-13T16:34:25","modified_gmt":"2024-12-13T19:34:25","slug":"compresor-manual-inalambrico-ce-cc-18-li-solo","status":"publish","type":"product","link":"https:\/\/lidertecsa.com.ar\/catalogo\/producto\/compresor-manual-inalambrico-ce-cc-18-li-solo\/","title":{"rendered":"Compresor Manual Inalambrico CE-CC 18 Li &#8211; Solo"},"content":{"rendered":"<div class=\"left-40\">\n<p>\u00bfNecesitas inflar los neum\u00e1ticos del coche, volver a inflar el bal\u00f3n de f\u00fatbol y poner tu moto en forma para el verano?\u00a0Con el compresor de aire inal\u00e1mbrico para autom\u00f3vil Einhell CE-CC 18 Li-Solo, las tareas m\u00e1s peque\u00f1as, como inflar neum\u00e1ticos de autom\u00f3viles, neum\u00e1ticos de bicicletas o pelotas, son un juego de ni\u00f1os.\u00a0El compresor de aire manejable y liviano de 0,76 kg es c\u00f3modo de usar gracias al agarre suave.\u00a0Gracias al alto rendimiento (10 l\/min a 4 bar), los neum\u00e1ticos de los autom\u00f3viles tambi\u00e9n se pueden inflar en un abrir y cerrar de ojos.<\/p>\n<\/div>\n<div class=\"clearer\">\n<div id=\"tab-label-febe_content\" class=\"data item title\">\n<div id=\"label-febe_content\" class=\"data item content\" data-role=\"content\">\n<div class=\"product_contents\">\n<section class=\"section-row clearfix bottom40\">\n<div class=\"inner__wrap -max-width-limited clearfix amazon-box-content\">\n<div class=\"left-40\">\n<p>El compresor de aire inal\u00e1mbrico para autom\u00f3vil CE-CC 18 Li-Solo de Einhell es imprescindible para cualquier garaje.\u00a0Ya sea para inflar neum\u00e1ticos de autom\u00f3viles, neum\u00e1ticos de bicicletas, neum\u00e1ticos de scooters o neum\u00e1ticos de motocicletas, puede establecer f\u00e1cilmente la presi\u00f3n deseada de los neum\u00e1ticos digitalmente e inflar los neum\u00e1ticos, en cualquier momento y en cualquier lugar con el compresor de aire inal\u00e1mbrico para autom\u00f3viles.\u00a0El compresor de aire inal\u00e1mbrico para autom\u00f3vil se suministra sin la bater\u00eda Power X-Change de 18 V necesaria para el funcionamiento ni cargador.\u00a0Estos est\u00e1n disponibles por separado, por ejemplo, como un pr\u00e1ctico juego de iniciaci\u00f3n.<\/p>\n<\/div>\n<div class=\"clearer\">\n<table width=\"589\">\n<tbody>\n<tr>\n<td colspan=\"2\" width=\"589\">Datos Tecnicos<\/td>\n<\/tr>\n<tr>\n<td width=\"317\">Longitud de la manguera de aire comprimido<\/td>\n<td width=\"272\">60cm<\/td>\n<\/tr>\n<tr>\n<td width=\"317\">m\u00e1x.\u00a0salida del motor<\/td>\n<td width=\"272\">110 W.<\/td>\n<\/tr>\n<tr>\n<td width=\"317\">m\u00e1x.\u00a0presi\u00f3n operacional<\/td>\n<td width=\"272\">11 barras<\/td>\n<\/tr>\n<tr>\n<td width=\"317\">Velocidad del motor<\/td>\n<td width=\"272\">18000 minutos ^ -1<\/td>\n<\/tr>\n<tr>\n<td width=\"317\">Voltaje del motor<\/td>\n<td width=\"272\">18V<\/td>\n<\/tr>\n<tr>\n<td width=\"317\">N\u00famero de bater\u00edas incluidas en la entrega<\/td>\n<td width=\"272\">0 piezas<\/td>\n<\/tr>\n<tr>\n<td width=\"317\">N\u00famero de cargadores incluidos en la entrega<\/td>\n<td width=\"272\">0 piezas<\/td>\n<\/tr>\n<tr>\n<td width=\"317\">Potencia de salida 0 bar<\/td>\n<td width=\"272\">12 l\/min<\/td>\n<\/tr>\n<tr>\n<td width=\"317\">Potencia de salida 4 bar<\/td>\n<td width=\"272\">10 l\/min<\/td>\n<\/tr>\n<tr>\n<td width=\"317\">Potencia de salida 7 bar<\/td>\n<td width=\"272\">8 l\/min<\/td>\n<\/tr>\n<tr>\n<td width=\"317\">Peso del Producto<\/td>\n<td width=\"272\">0,76 kg<\/td>\n<\/tr>\n<\/tbody>\n<\/table>\n<\/div>\n<\/div>\n<\/section>\n<\/div>\n<\/div>\n<\/div>\n<\/div>\n","protected":false},"excerpt":{"rendered":"<ul class=\"top-features\">\n<li>Miembro de la familia Power X-Change, se necesita una bater\u00eda de 1x18V<\/li>\n<li>Ideal para inflar neum\u00e1ticos de coche, neum\u00e1ticos de bicicleta y pelotas.<\/li>\n<li>Pantalla de presi\u00f3n digital para una lectura r\u00e1pida y f\u00e1cil<\/li>\n<li>Elija entre bar, psi y kpa con solo presionar un bot\u00f3n<\/li>\n<li>Ajuste sencillo de la presi\u00f3n requerida hasta m\u00e1x.\u00a011 barras<\/li>\n<li>Apagado autom\u00e1tico al alcanzar la presi\u00f3n de tarado<\/li>\n<li>Bombeo manual posible sin preselecci\u00f3n<\/li>\n<li>Soporte de almacenamiento integrado para el juego de adaptadores de inflado de 3 piezas<\/li>\n<li>Manguera de aire comprimido de 60 cm con v\u00e1lvula de neum\u00e1tico para un alcance flexible<\/li>\n<li>Mango ergon\u00f3mico para mayor comodidad durante el uso<\/li>\n<li>Suministrado sin bater\u00eda y cargador (disponible por separado)<\/li>\n<\/ul>\n","protected":false},"featured_media":3343,"template":"","meta":{"_joinchat":[]},"product_cat":[50],"product_tag":[707],"class_list":{"0":"post-3342","1":"product","2":"type-product","3":"status-publish","4":"has-post-thumbnail","6":"product_cat-herramientas-a-bateria","7":"product_tag-compresor-manual","9":"first","10":"instock","11":"product-type-simple"},"_links":{"self":[{"href":"https:\/\/lidertecsa.com.ar\/catalogo\/wp-json\/wp\/v2\/product\/3342"}],"collection":[{"href":"https:\/\/lidertecsa.com.ar\/catalogo\/wp-json\/wp\/v2\/product"}],"about":[{"href":"https:\/\/lidertecsa.com.ar\/catalogo\/wp-json\/wp\/v2\/types\/product"}],"wp:featuredmedia":[{"embeddable":true,"href":"https:\/\/lidertecsa.com.ar\/catalogo\/wp-json\/wp\/v2\/media\/3343"}],"wp:attachment":[{"href":"https:\/\/lidertecsa.com.ar\/catalogo\/wp-json\/wp\/v2\/media?parent=3342"}],"wp:term":[{"taxonomy":"product_cat","embeddable":true,"href":"https:\/\/lidertecsa.com.ar\/catalogo\/wp-json\/wp\/v2\/product_cat?post=3342"},{"taxonomy":"product_tag","embeddable":true,"href":"https:\/\/lidertecsa.com.ar\/catalogo\/wp-json\/wp\/v2\/product_tag?post=3342"}],"curies":[{"name":"wp","href":"https:\/\/api.w.org\/{rel}","templated":true}]}}