{"id":3337,"date":"2023-07-19T16:18:01","date_gmt":"2023-07-19T19:18:01","guid":{"rendered":"https:\/\/lidertecsa.com.ar\/catalogo\/?post_type=product&#038;p=3337"},"modified":"2024-12-13T16:34:25","modified_gmt":"2024-12-13T19:34:25","slug":"compresor-hibrido-inalambrico-pressito","status":"publish","type":"product","link":"https:\/\/lidertecsa.com.ar\/catalogo\/producto\/compresor-hibrido-inalambrico-pressito\/","title":{"rendered":"Compresor H\u00edbrido Inal\u00e1mbrico &#8211; PRESSITO 18\/21"},"content":{"rendered":"<div class=\"col-lg-6 col-md-6 col-sm-6 col-xs-12\">\n<p>El compresor para autom\u00f3vil h\u00edbrido Einhell PRESSITO 18\/21 funciona con bater\u00edas\u00a0 18 V de la familia Power X-Change. El compresor combina una bomba de alta presi\u00f3n para inflar neum\u00e1ticos de coche, neum\u00e1ticos de bicicleta y balones, as\u00ed como una bomba de baja presi\u00f3n para inflar\/desinflar colchones de aire y botes de goma (funcionalidad 6 en 1). Un juego de tres adaptadores est\u00e1 incluido en la entrega. Ligero y compacto, el compresor no ocupa mucho espacio y, gracias a su funcionamiento con bater\u00eda, puedes llevarlo contigo de viaje.<\/p>\n<\/div>\n<div class=\"col-lg-6 col-md-6 col-sm-6 col-xs-12\">\n<table width=\"594\">\n<tbody>\n<tr>\n<td colspan=\"2\" width=\"594\">Datos Tecnicos<\/td>\n<\/tr>\n<tr>\n<td width=\"326\">Un tipo<\/td>\n<td width=\"268\">Bater\u00eda<\/td>\n<\/tr>\n<tr>\n<td width=\"326\">Tipo de compresor<\/td>\n<td width=\"268\">Libre de aceite<\/td>\n<\/tr>\n<tr>\n<td width=\"326\">Nutrici\u00f3n<\/td>\n<td width=\"268\">18 voltios<\/td>\n<\/tr>\n<tr>\n<td width=\"326\">Velocidad del eje de la bomba, rpm<\/td>\n<td width=\"268\">3450<\/td>\n<\/tr>\n<tr>\n<td width=\"326\">Capacidad de succi\u00f3n, l\/min<\/td>\n<td width=\"268\">21<\/td>\n<\/tr>\n<tr>\n<td width=\"326\">m\u00e1x.\u00a0presi\u00f3n de trabajo, barra<\/td>\n<td width=\"268\">10.5<\/td>\n<\/tr>\n<tr>\n<td width=\"326\">Potencia de salida a 0 bar de presi\u00f3n, l\/min<\/td>\n<td width=\"268\">14<\/td>\n<\/tr>\n<tr>\n<td width=\"326\">Potencia de salida a una presi\u00f3n de 4 bar, l\/min<\/td>\n<td width=\"268\">9<\/td>\n<\/tr>\n<tr>\n<td width=\"326\">Potencia de salida a una presi\u00f3n de 7 bar, l\/min<\/td>\n<td width=\"268\">6<\/td>\n<\/tr>\n<tr>\n<td width=\"326\">Man\u00f3metro<\/td>\n<td width=\"268\">Hay<\/td>\n<\/tr>\n<tr>\n<td width=\"326\">N\u00famero de revoluciones, rpm<\/td>\n<td width=\"268\">18000<\/td>\n<\/tr>\n<tr>\n<td width=\"326\">Cargador incluido<\/td>\n<td width=\"268\">No<\/td>\n<\/tr>\n<\/tbody>\n<\/table>\n<\/div>\n","protected":false},"excerpt":{"rendered":"<ul>\n<li>Miembro de la familia Power X-Change<\/li>\n<li>Bomba de alta presi\u00f3n para coches y motos<\/li>\n<li>Bomba de baja presi\u00f3n para inflar colchones<\/li>\n<li>Bomba de desinflado de colchones de baja presi\u00f3n<\/li>\n<li>Indicador de presi\u00f3n digital f\u00e1cil de operar<\/li>\n<li>Bomba de alta presi\u00f3n con ajustes de presi\u00f3n ajustables hasta 10,5 bar<\/li>\n<li>Funci\u00f3n de apagado autom\u00e1tico cuando se alcanza la presi\u00f3n requerida<\/li>\n<li>Soporte incorporado para tres accesorios<\/li>\n<li>Se suministra sin bater\u00eda ni cargador (se vende por separado)<\/li>\n<\/ul>\n","protected":false},"featured_media":3338,"template":"","meta":{"_joinchat":[]},"product_cat":[50],"product_tag":[706],"class_list":{"0":"post-3337","1":"product","2":"type-product","3":"status-publish","4":"has-post-thumbnail","6":"product_cat-herramientas-a-bateria","7":"product_tag-compresor-inalambrico","9":"first","10":"instock","11":"product-type-simple"},"_links":{"self":[{"href":"https:\/\/lidertecsa.com.ar\/catalogo\/wp-json\/wp\/v2\/product\/3337"}],"collection":[{"href":"https:\/\/lidertecsa.com.ar\/catalogo\/wp-json\/wp\/v2\/product"}],"about":[{"href":"https:\/\/lidertecsa.com.ar\/catalogo\/wp-json\/wp\/v2\/types\/product"}],"wp:featuredmedia":[{"embeddable":true,"href":"https:\/\/lidertecsa.com.ar\/catalogo\/wp-json\/wp\/v2\/media\/3338"}],"wp:attachment":[{"href":"https:\/\/lidertecsa.com.ar\/catalogo\/wp-json\/wp\/v2\/media?parent=3337"}],"wp:term":[{"taxonomy":"product_cat","embeddable":true,"href":"https:\/\/lidertecsa.com.ar\/catalogo\/wp-json\/wp\/v2\/product_cat?post=3337"},{"taxonomy":"product_tag","embeddable":true,"href":"https:\/\/lidertecsa.com.ar\/catalogo\/wp-json\/wp\/v2\/product_tag?post=3337"}],"curies":[{"name":"wp","href":"https:\/\/api.w.org\/{rel}","templated":true}]}}