{"id":3147,"date":"2023-07-13T16:13:23","date_gmt":"2023-07-13T19:13:23","guid":{"rendered":"https:\/\/lidertecsa.com.ar\/catalogo\/?post_type=product&#038;p=3147"},"modified":"2025-11-17T10:26:12","modified_gmt":"2025-11-17T13:26:12","slug":"fanacola-pu-24","status":"publish","type":"product","link":"https:\/\/lidertecsa.com.ar\/catalogo\/producto\/fanacola-pu-24\/","title":{"rendered":"FANACOLA PU 24"},"content":{"rendered":"<div class=\"vc_column-inner\">\n<div class=\"wpb_wrapper\">\n<div class=\"wpb_text_column wpb_content_element \">\n<div class=\"wpb_wrapper\">\n<p>FANA PU 24 es un adhesivo para PVC, especialmente dise\u00f1ado para la industria del calzado. Tiene excelente resistencia a la tracci\u00f3n y al calor. Se puede aplicar sobre P.U., TR, goma, cueros (a\u00fan con elevado contenido de aceites). Para superficies tales como: crepe, caucho TR, \u00f3 ciertas gomas, imprimar previamente las mismas con agentes halogenantes. Podes encontrarlo en almacenes de suelas, casas de toldos y lonas.<\/p>\n<\/div>\n<\/div>\n<div class=\"wpb_text_column wpb_content_element \">\n<div class=\"wpb_wrapper\">\n<table>\n<tbody>\n<tr>\n<td width=\"132\"><strong>Presentaciones<\/strong><\/td>\n<td width=\"113\"><strong>Precio en USD<\/strong><\/td>\n<\/tr>\n<tr>\n<td width=\"132\">100 grs<\/td>\n<td width=\"113\">1,57<\/td>\n<\/tr>\n<tr>\n<td width=\"132\">200 grs<\/td>\n<td width=\"113\">2,30<\/td>\n<\/tr>\n<tr>\n<td width=\"132\">400 grs<\/td>\n<td width=\"113\">3,91<\/td>\n<\/tr>\n<tr>\n<td width=\"132\">750 grs<\/td>\n<td width=\"113\">6,36<\/td>\n<\/tr>\n<tr>\n<td width=\"132\">2.8 kg<\/td>\n<td width=\"113\">20,84<\/td>\n<\/tr>\n<tr>\n<td width=\"132\">14 kg<\/td>\n<td width=\"113\">87,25<\/td>\n<\/tr>\n<tr>\n<td width=\"132\">170 kg<\/td>\n<td width=\"113\">1.037,70<\/td>\n<\/tr>\n<\/tbody>\n<\/table>\n<\/div>\n<\/div>\n<\/div>\n<\/div>\n","protected":false},"excerpt":{"rendered":"<p>FANA PU 24 es un adhesivo para PVC, especialmente dise\u00f1ado para la industria del calzado.<\/p>\n","protected":false},"featured_media":10459,"template":"","meta":{"_joinchat":[]},"product_cat":[693],"product_tag":[695],"class_list":{"0":"post-3147","1":"product","2":"type-product","3":"status-publish","4":"has-post-thumbnail","6":"product_cat-adhesivos-para-pvc","7":"product_tag-adhesivo-para-pvc","9":"first","10":"instock","11":"taxable","12":"shipping-taxable","13":"product-type-simple"},"_links":{"self":[{"href":"https:\/\/lidertecsa.com.ar\/catalogo\/wp-json\/wp\/v2\/product\/3147"}],"collection":[{"href":"https:\/\/lidertecsa.com.ar\/catalogo\/wp-json\/wp\/v2\/product"}],"about":[{"href":"https:\/\/lidertecsa.com.ar\/catalogo\/wp-json\/wp\/v2\/types\/product"}],"wp:featuredmedia":[{"embeddable":true,"href":"https:\/\/lidertecsa.com.ar\/catalogo\/wp-json\/wp\/v2\/media\/10459"}],"wp:attachment":[{"href":"https:\/\/lidertecsa.com.ar\/catalogo\/wp-json\/wp\/v2\/media?parent=3147"}],"wp:term":[{"taxonomy":"product_cat","embeddable":true,"href":"https:\/\/lidertecsa.com.ar\/catalogo\/wp-json\/wp\/v2\/product_cat?post=3147"},{"taxonomy":"product_tag","embeddable":true,"href":"https:\/\/lidertecsa.com.ar\/catalogo\/wp-json\/wp\/v2\/product_tag?post=3147"}],"curies":[{"name":"wp","href":"https:\/\/api.w.org\/{rel}","templated":true}]}}