{"id":3129,"date":"2023-07-13T15:20:33","date_gmt":"2023-07-13T18:20:33","guid":{"rendered":"https:\/\/lidertecsa.com.ar\/catalogo\/?post_type=product&#038;p=3129"},"modified":"2025-11-13T11:02:13","modified_gmt":"2025-11-13T14:02:13","slug":"adhesivo-de-contacto-profesional-fanacola","status":"publish","type":"product","link":"https:\/\/lidertecsa.com.ar\/catalogo\/producto\/adhesivo-de-contacto-profesional-fanacola\/","title":{"rendered":"FANACOLA 96"},"content":{"rendered":"<div class=\"wpb_text_column wpb_content_element \">\n<div class=\"wpb_wrapper\">\n<p>Fanacola 96 es un adhesivo de contacto de uso profesional. Contiene resistencia a altas temperaturas. Es utilizado para el calzado, armado de muebles, tapicer\u00eda y decoraci\u00f3n. Pega m\u00faltiples materiales entre s\u00ed como;<br \/>\ngoma, tela, madera, y cuero. Podes encontrarlo en almacenes de suela<\/p>\n<\/div>\n<\/div>\n<div class=\"divider-wrap\" data-alignment=\"default\">\n<div class=\"divider\">\n<table>\n<tbody>\n<tr>\n<td width=\"123\"><strong>Presentaciones <\/strong><\/td>\n<td width=\"132\"><strong>Precios en USD<\/strong><\/td>\n<\/tr>\n<tr>\n<td width=\"123\">750 grs<\/td>\n<td width=\"132\">7,53<\/td>\n<\/tr>\n<tr>\n<td width=\"123\">2.8 kg<\/td>\n<td width=\"132\">25,01<\/td>\n<\/tr>\n<tr>\n<td width=\"123\">7 kg<\/td>\n<td width=\"132\">56,16<\/td>\n<\/tr>\n<tr>\n<td width=\"123\">14 k<\/td>\n<td width=\"132\">107,10<\/td>\n<\/tr>\n<tr>\n<td width=\"123\">170 kg<\/td>\n<td width=\"132\">1.277,40<\/td>\n<\/tr>\n<\/tbody>\n<\/table>\n<\/div>\n<\/div>\n<div class=\"wpb_text_column wpb_content_element \">\n<div class=\"wpb_wrapper\"><\/div>\n<\/div>\n","protected":false},"excerpt":{"rendered":"<p>Fanacola 96 es un adhesivo de contacto de uso profesional.<\/p>\n","protected":false},"featured_media":10456,"template":"","meta":{"_joinchat":[]},"product_cat":[684],"product_tag":[689],"class_list":{"0":"post-3129","1":"product","2":"type-product","3":"status-publish","4":"has-post-thumbnail","6":"product_cat-adhesivos-de-contacto","7":"product_tag-adhesivo-de-contacto-extra-fuerte","9":"first","10":"instock","11":"taxable","12":"shipping-taxable","13":"product-type-simple"},"_links":{"self":[{"href":"https:\/\/lidertecsa.com.ar\/catalogo\/wp-json\/wp\/v2\/product\/3129"}],"collection":[{"href":"https:\/\/lidertecsa.com.ar\/catalogo\/wp-json\/wp\/v2\/product"}],"about":[{"href":"https:\/\/lidertecsa.com.ar\/catalogo\/wp-json\/wp\/v2\/types\/product"}],"wp:featuredmedia":[{"embeddable":true,"href":"https:\/\/lidertecsa.com.ar\/catalogo\/wp-json\/wp\/v2\/media\/10456"}],"wp:attachment":[{"href":"https:\/\/lidertecsa.com.ar\/catalogo\/wp-json\/wp\/v2\/media?parent=3129"}],"wp:term":[{"taxonomy":"product_cat","embeddable":true,"href":"https:\/\/lidertecsa.com.ar\/catalogo\/wp-json\/wp\/v2\/product_cat?post=3129"},{"taxonomy":"product_tag","embeddable":true,"href":"https:\/\/lidertecsa.com.ar\/catalogo\/wp-json\/wp\/v2\/product_tag?post=3129"}],"curies":[{"name":"wp","href":"https:\/\/api.w.org\/{rel}","templated":true}]}}