{"id":3127,"date":"2023-07-13T15:13:55","date_gmt":"2023-07-13T18:13:55","guid":{"rendered":"https:\/\/lidertecsa.com.ar\/catalogo\/?post_type=product&#038;p=3127"},"modified":"2025-11-13T10:46:39","modified_gmt":"2025-11-13T13:46:39","slug":"adhesivo-de-contacto-transparente-fanacola","status":"publish","type":"product","link":"https:\/\/lidertecsa.com.ar\/catalogo\/producto\/adhesivo-de-contacto-transparente-fanacola\/","title":{"rendered":"FANACOLA 86"},"content":{"rendered":"<div class=\"wpb_text_column wpb_content_element \">\n<div class=\"wpb_wrapper\">\n<p>Fanacola 86 es un adhesivo de contacto transparente. Es utilizado para el armado de calzado, ya que une una amplia gama de superficies como: cuero, goma, EVA, caucho termopl\u00e1stico (TR). Tambi\u00e9n es utilizado en el rubro de la construcci\u00f3n. Podes encontrarlo en almacenes de suelas, casas de gomas, ferreter\u00edas y comercios de construcci\u00f3n del pa\u00eds.<\/p>\n<\/div>\n<\/div>\n<div class=\"divider-wrap\" data-alignment=\"default\">\n<div class=\"divider\">\n<table>\n<tbody>\n<tr>\n<td width=\"123\"><strong>Presentaciones <\/strong><\/td>\n<td width=\"132\"><strong>Precios en USD<\/strong><\/td>\n<\/tr>\n<tr>\n<td width=\"123\">200 grs<\/td>\n<td width=\"132\">3,40<\/td>\n<\/tr>\n<tr>\n<td width=\"123\">400 grs<\/td>\n<td width=\"132\">6,05<\/td>\n<\/tr>\n<tr>\n<td width=\"123\">750 grs<\/td>\n<td width=\"132\">10,33<\/td>\n<\/tr>\n<tr>\n<td width=\"123\">2.8 kg<\/td>\n<td width=\"132\">35,50<\/td>\n<\/tr>\n<tr>\n<td width=\"123\">14 kg<\/td>\n<td width=\"132\">159,51<\/td>\n<\/tr>\n<tr>\n<td width=\"123\">170 kg<\/td>\n<td width=\"132\">1.913,83<\/td>\n<\/tr>\n<\/tbody>\n<\/table>\n<\/div>\n<\/div>\n<div class=\"wpb_text_column wpb_content_element \">\n<div class=\"wpb_wrapper\"><\/div>\n<\/div>\n","protected":false},"excerpt":{"rendered":"<p>Fanacola 86 es un adhesivo de contacto transparente. Es utilizado para el armado de calzado.<\/p>\n","protected":false},"featured_media":10451,"template":"","meta":{"_joinchat":[]},"product_cat":[684],"product_tag":[688],"class_list":{"0":"post-3127","1":"product","2":"type-product","3":"status-publish","4":"has-post-thumbnail","6":"product_cat-adhesivos-de-contacto","7":"product_tag-adhesivo-de-contacto-transparente","9":"first","10":"instock","11":"taxable","12":"shipping-taxable","13":"product-type-simple"},"_links":{"self":[{"href":"https:\/\/lidertecsa.com.ar\/catalogo\/wp-json\/wp\/v2\/product\/3127"}],"collection":[{"href":"https:\/\/lidertecsa.com.ar\/catalogo\/wp-json\/wp\/v2\/product"}],"about":[{"href":"https:\/\/lidertecsa.com.ar\/catalogo\/wp-json\/wp\/v2\/types\/product"}],"wp:featuredmedia":[{"embeddable":true,"href":"https:\/\/lidertecsa.com.ar\/catalogo\/wp-json\/wp\/v2\/media\/10451"}],"wp:attachment":[{"href":"https:\/\/lidertecsa.com.ar\/catalogo\/wp-json\/wp\/v2\/media?parent=3127"}],"wp:term":[{"taxonomy":"product_cat","embeddable":true,"href":"https:\/\/lidertecsa.com.ar\/catalogo\/wp-json\/wp\/v2\/product_cat?post=3127"},{"taxonomy":"product_tag","embeddable":true,"href":"https:\/\/lidertecsa.com.ar\/catalogo\/wp-json\/wp\/v2\/product_tag?post=3127"}],"curies":[{"name":"wp","href":"https:\/\/api.w.org\/{rel}","templated":true}]}}