{"id":3123,"date":"2023-07-13T15:06:36","date_gmt":"2023-07-13T18:06:36","guid":{"rendered":"https:\/\/lidertecsa.com.ar\/catalogo\/?post_type=product&#038;p=3123"},"modified":"2025-11-13T10:57:56","modified_gmt":"2025-11-13T13:57:56","slug":"fanacola-90","status":"publish","type":"product","link":"https:\/\/lidertecsa.com.ar\/catalogo\/producto\/fanacola-90\/","title":{"rendered":"FANACOLA 90"},"content":{"rendered":"<p>Fanacola 90 es un adhesivo de doble contacto para uso profesional y hogare\u00f1o. Es utilizado para el armado de muebles, tapicer\u00eda y decoraci\u00f3n. Es apto para pegado de alfombras y pisos vin\u00edlicos. Pegas m\u00faltiples materiales entre s\u00ed como; goma, tela,<br \/>\nmadera, y cuero.<\/p>\n<table>\n<tbody>\n<tr>\n<td width=\"123\"><strong>Presentaciones <\/strong><\/td>\n<td width=\"132\"><strong>Precios en USD<\/strong><\/td>\n<\/tr>\n<tr>\n<td width=\"123\">40 grs<\/td>\n<td width=\"132\">1,40<\/td>\n<\/tr>\n<tr>\n<td width=\"123\">100 grs<\/td>\n<td width=\"132\">1,71<\/td>\n<\/tr>\n<tr>\n<td width=\"123\">200 grs<\/td>\n<td width=\"132\">2,53<\/td>\n<\/tr>\n<tr>\n<td width=\"123\">400 grs<\/td>\n<td width=\"132\">4,36<\/td>\n<\/tr>\n<tr>\n<td width=\"123\">750 grs<\/td>\n<td width=\"132\">7,20<\/td>\n<\/tr>\n<tr>\n<td width=\"123\">2.8 kg<\/td>\n<td width=\"132\">23,82<\/td>\n<\/tr>\n<tr>\n<td width=\"123\">7 kg<\/td>\n<td width=\"132\">53,39<\/td>\n<\/tr>\n<tr>\n<td width=\"123\">14 kg<\/td>\n<td width=\"132\">101,71<\/td>\n<\/tr>\n<tr>\n<td width=\"123\">170 kg<\/td>\n<td width=\"132\">1.212,67<\/td>\n<\/tr>\n<\/tbody>\n<\/table>\n","protected":false},"excerpt":{"rendered":"<p>Fanacola 90 es un adhesivo de doble contacto para uso profesional y hogare\u00f1o.<\/p>\n<p>&nbsp;<\/p>\n","protected":false},"featured_media":10452,"template":"","meta":{"_joinchat":[]},"product_cat":[684],"product_tag":[685],"class_list":{"0":"post-3123","1":"product","2":"type-product","3":"status-publish","4":"has-post-thumbnail","6":"product_cat-adhesivos-de-contacto","7":"product_tag-adhesivo-de-contacto","9":"first","10":"instock","11":"taxable","12":"shipping-taxable","13":"product-type-simple"},"_links":{"self":[{"href":"https:\/\/lidertecsa.com.ar\/catalogo\/wp-json\/wp\/v2\/product\/3123"}],"collection":[{"href":"https:\/\/lidertecsa.com.ar\/catalogo\/wp-json\/wp\/v2\/product"}],"about":[{"href":"https:\/\/lidertecsa.com.ar\/catalogo\/wp-json\/wp\/v2\/types\/product"}],"wp:featuredmedia":[{"embeddable":true,"href":"https:\/\/lidertecsa.com.ar\/catalogo\/wp-json\/wp\/v2\/media\/10452"}],"wp:attachment":[{"href":"https:\/\/lidertecsa.com.ar\/catalogo\/wp-json\/wp\/v2\/media?parent=3123"}],"wp:term":[{"taxonomy":"product_cat","embeddable":true,"href":"https:\/\/lidertecsa.com.ar\/catalogo\/wp-json\/wp\/v2\/product_cat?post=3123"},{"taxonomy":"product_tag","embeddable":true,"href":"https:\/\/lidertecsa.com.ar\/catalogo\/wp-json\/wp\/v2\/product_tag?post=3123"}],"curies":[{"name":"wp","href":"https:\/\/api.w.org\/{rel}","templated":true}]}}