{"id":3070,"date":"2023-07-12T13:50:26","date_gmt":"2023-07-12T16:50:26","guid":{"rendered":"https:\/\/lidertecsa.com.ar\/catalogo\/?post_type=product&#038;p=3070"},"modified":"2024-12-13T16:34:18","modified_gmt":"2024-12-13T19:34:18","slug":"tornillos-caser-plast","status":"publish","type":"product","link":"https:\/\/lidertecsa.com.ar\/catalogo\/producto\/tornillos-caser-plast\/","title":{"rendered":"Tornillos CASER Plast"},"content":{"rendered":"<p>Tornillos para roscas pl\u00e1sticas<\/p>\n<p>Aplicaci\u00f3n en pl\u00e1sticos en general con perforaci\u00f3n previa.<\/p>\n<p>Tornillo sin punta y material de acero bajo carbono con ranura philips<\/p>\n<p>Cincado amarillo (ZA) Cincado azul (ZC)<\/p>\n","protected":false},"excerpt":{"rendered":"<p>Aplicaci\u00f3n en pl\u00e1sticos en general con perforaci\u00f3n previa.<\/p>\n","protected":false},"featured_media":3071,"template":"","meta":{"_joinchat":[]},"product_cat":[675],"product_tag":[672],"class_list":{"0":"post-3070","1":"product","2":"type-product","3":"status-publish","4":"has-post-thumbnail","6":"product_cat-caser-plast","7":"product_tag-tornillos-para-plasticos","9":"first","10":"instock","11":"taxable","12":"shipping-taxable","13":"product-type-simple"},"_links":{"self":[{"href":"https:\/\/lidertecsa.com.ar\/catalogo\/wp-json\/wp\/v2\/product\/3070"}],"collection":[{"href":"https:\/\/lidertecsa.com.ar\/catalogo\/wp-json\/wp\/v2\/product"}],"about":[{"href":"https:\/\/lidertecsa.com.ar\/catalogo\/wp-json\/wp\/v2\/types\/product"}],"wp:featuredmedia":[{"embeddable":true,"href":"https:\/\/lidertecsa.com.ar\/catalogo\/wp-json\/wp\/v2\/media\/3071"}],"wp:attachment":[{"href":"https:\/\/lidertecsa.com.ar\/catalogo\/wp-json\/wp\/v2\/media?parent=3070"}],"wp:term":[{"taxonomy":"product_cat","embeddable":true,"href":"https:\/\/lidertecsa.com.ar\/catalogo\/wp-json\/wp\/v2\/product_cat?post=3070"},{"taxonomy":"product_tag","embeddable":true,"href":"https:\/\/lidertecsa.com.ar\/catalogo\/wp-json\/wp\/v2\/product_tag?post=3070"}],"curies":[{"name":"wp","href":"https:\/\/api.w.org\/{rel}","templated":true}]}}