{"id":3042,"date":"2023-07-12T11:32:14","date_gmt":"2023-07-12T14:32:14","guid":{"rendered":"https:\/\/lidertecsa.com.ar\/catalogo\/?post_type=product&#038;p=3042"},"modified":"2024-12-13T16:34:16","modified_gmt":"2024-12-13T19:34:16","slug":"lubrimota","status":"publish","type":"product","link":"https:\/\/lidertecsa.com.ar\/catalogo\/producto\/lubrimota\/","title":{"rendered":"LUBRIMOTA"},"content":{"rendered":"<p>La nueva generaci\u00f3n de lubricantes multiuso con insuperables resultados en sus m\u00faltiples aplicaciones.<\/p>\n<p>Lubrica piezas m\u00f3viles, desplaza la humedad, protege contra el \u00f3xido y la corrosi\u00f3n, penetra y desbloquea.<\/p>\n<p>Posee una v\u00e1lvula 360\u00ba para aplicar el producto en cualquier posici\u00f3n e incluye una c\u00e1nula independiente que al colocarla permite pulverizar en zonas precisas y de dif\u00edcil acceso.<\/p>\n<p>Presentaci\u00f3n en 125 ml, 216 ml, 450 ml.<\/p>\n","protected":false},"excerpt":{"rendered":"<p>Lubrica piezas m\u00f3viles, desplaza la humedad, protege contra el \u00f3xido y la corrosi\u00f3n, penetra y desbloquea.<\/p>\n","protected":false},"featured_media":3043,"template":"","meta":{"_joinchat":[]},"product_cat":[654],"product_tag":[661],"class_list":{"0":"post-3042","1":"product","2":"type-product","3":"status-publish","4":"has-post-thumbnail","6":"product_cat-aerosoles","7":"product_tag-lubricante-en-aerosol","9":"first","10":"instock","11":"taxable","12":"shipping-taxable","13":"product-type-simple"},"_links":{"self":[{"href":"https:\/\/lidertecsa.com.ar\/catalogo\/wp-json\/wp\/v2\/product\/3042"}],"collection":[{"href":"https:\/\/lidertecsa.com.ar\/catalogo\/wp-json\/wp\/v2\/product"}],"about":[{"href":"https:\/\/lidertecsa.com.ar\/catalogo\/wp-json\/wp\/v2\/types\/product"}],"wp:featuredmedia":[{"embeddable":true,"href":"https:\/\/lidertecsa.com.ar\/catalogo\/wp-json\/wp\/v2\/media\/3043"}],"wp:attachment":[{"href":"https:\/\/lidertecsa.com.ar\/catalogo\/wp-json\/wp\/v2\/media?parent=3042"}],"wp:term":[{"taxonomy":"product_cat","embeddable":true,"href":"https:\/\/lidertecsa.com.ar\/catalogo\/wp-json\/wp\/v2\/product_cat?post=3042"},{"taxonomy":"product_tag","embeddable":true,"href":"https:\/\/lidertecsa.com.ar\/catalogo\/wp-json\/wp\/v2\/product_tag?post=3042"}],"curies":[{"name":"wp","href":"https:\/\/api.w.org\/{rel}","templated":true}]}}