{"id":2909,"date":"2023-07-07T13:18:58","date_gmt":"2023-07-07T16:18:58","guid":{"rendered":"https:\/\/lidertecsa.com.ar\/catalogo\/?post_type=product&#038;p=2909"},"modified":"2024-12-13T16:34:15","modified_gmt":"2024-12-13T19:34:15","slug":"campera-liviana-de-poliester","status":"publish","type":"product","link":"https:\/\/lidertecsa.com.ar\/catalogo\/producto\/campera-liviana-de-poliester\/","title":{"rendered":"Campera Liviana de Poli\u00e9ster"},"content":{"rendered":"<section id=\"sectionCarac\" class=\"blocAccordion\">\n<div class=\"titreAccordion ui-accordion-header ui-accordion-header-active ui-state-active\">\n<section id=\"sectionCarac\" class=\"blocAccordion\">\n<div class=\"titreAccordion ui-accordion-header ui-accordion-header-active ui-state-active\">\n<section id=\"sectionCarac\" class=\"blocAccordion\">\n<div class=\"titreAccordion ui-accordion-header ui-accordion-header-active ui-state-active\">\n<section id=\"sectionCarac\" class=\"blocAccordion\">\n<div class=\"titreAccordion ui-accordion-header ui-accordion-header-active ui-state-active\">CARACTER\u00cdSTICAS DEL PRODUCTO<\/div>\n<div class=\"contentAccordion ui-accordion-content ui-accordion-content-active\">\n<section class=\"blocContenu blocContenu-first\">\n<div>Camepra ligera. Costuras selladas. Cierre por cremallera antifr\u00edo. Pu\u00f1os y bajo de la prenda el\u00e1sticos. 5 bolsillos.<\/div>\n<\/section>\n<section class=\"blocContenu\">\n<div>Este art\u00edculo no es un EPI.<\/div>\n<\/section>\n<section class=\"blocContenu\">\n<div>Tejido poli\u00e9ster impregnado de PVC.<br \/>\nForro malla poli\u00e9ster.<\/div>\n<\/section>\n<section class=\"blocContenu\">\n<div>\n<div class=\"titleh1\"><span class=\"titre\">Ref. :\u00a0<\/span><span class=\"lib\">LITE<\/span><\/div>\n<div><\/div>\n<\/div>\n<\/section>\n<\/div>\n<\/section>\n<section id=\"sectionUtilisations\" class=\"blocAccordion\">\n<div class=\"titreAccordion ui-accordion-header ui-accordion-header-active ui-state-active\">USOS DEL PRODUCTO &#8211; RIESGOS<\/div>\n<div class=\"contentAccordion ui-accordion-content ui-accordion-content-active\">\n<div class=\"linePictos blocContenu\">\n<div class=\"blocProductUse\"><span id=\"picto_8575992\">-Agriculture \/ Industrie foresti\u00e8re &amp; P\u00eache<\/span><\/div>\n<p>-Second \u0153uvre \/ Artisans<br \/>\n-Autres industries extractives<br \/>\n-Travailleurs temporaires \/ \u00c9ducation<\/p>\n<\/div>\n<div class=\"linePictos blocContenu\">-Intemp\u00e9ries<\/div>\n<div><\/div>\n<\/div>\n<\/section>\n<section id=\"sectionPlusProduits\" class=\"blocAccordion\">\n<div class=\"titreAccordion ui-accordion-header ui-accordion-header-active ui-state-active\">LOS PRODUCTOS + &#8211; BENEFICIOS PARA EL USUARIO<\/div>\n<div class=\"contentAccordion ui-accordion-content ui-accordion-content-active\">\n<section class=\"blocContenu row-fluid benefit\">\n<div class=\"span2 image\">\n<div class=\"row-fluid\">\n<div class=\"span10 offset1\"><\/div>\n<\/div>\n<\/div>\n<div class=\"span5\">\n<p>-Ribete decorativo retroreflectante delante y en la espalda<\/p>\n<\/div>\n<div class=\"span5\">\n<p>&nbsp;<\/p>\n<\/div>\n<\/section>\n<\/div>\n<\/section>\n<section id=\"sectionReferences\" class=\"blocAccordion\">\n<div class=\"titreAccordion ui-accordion-header ui-accordion-header-active ui-state-active\">REFERENCIAS<\/div>\n<div class=\"contentAccordion ui-accordion-content ui-accordion-content-active\">\n<table id=\"tabReferences\" class=\"table table-hover footable toggle-circle default footable-loaded\">\n<thead>\n<tr>\n<th class=\"refArticle footable-visible footable-first-column\">REFERENCIA<\/th>\n<th class=\"eanArticle footable-visible\">C\u00d3DIGO DE BARRAS<\/th>\n<th class=\"pcbArticle footable-visible\"><\/th>\n<th class=\"spcbArticle footable-visible\"><\/th>\n<th class=\"groupingRuleArticle footable-visible\" data-hide=\"phone\" data-grouping-label=\"Color Art\u00edculo\">COLOR ART\u00cdCULO<\/th>\n<th class=\"groupingRuleArticle footable-visible footable-last-column\" data-hide=\"phone\" data-grouping-label=\"Talla Art\u00edculo\">TALLA ART\u00cdCULO<\/th>\n<\/tr>\n<\/thead>\n<tfoot><\/tfoot>\n<tbody>\n<tr>\n<td class=\"refArticle footable-visible footable-first-column\" data-ref=\"LITEGRPT\">LITEGRPT-LITE<\/td>\n<td class=\"eanArticle footable-visible\">3295249212438<\/td>\n<td class=\"pcbArticle footable-visible\" data-vl=\"11\" data-pcb=\"10\" data-spcb=\"0\" data-partitionable=\"true\">10<\/td>\n<td class=\"spcbArticle footable-visible\"><\/td>\n<td class=\"groupingRuleArticle footable-visible\" data-grouping-label=\"Color Art\u00edculo\" data-grouping-value=\"Gris-Naranja\">Gris-Naranja<\/td>\n<td class=\"groupingRuleArticle footable-visible footable-last-column\" data-grouping-label=\"Talla Art\u00edculo\" data-grouping-value=\"S\">S<\/td>\n<\/tr>\n<tr>\n<td class=\"refArticle footable-visible footable-first-column\" data-ref=\"LITEGRTM\">LITEGRTM-LITE<\/td>\n<td class=\"eanArticle footable-visible\">3295249212445<\/td>\n<td class=\"pcbArticle footable-visible\" data-vl=\"11\" data-pcb=\"10\" data-spcb=\"0\" data-partitionable=\"true\">10<\/td>\n<td class=\"spcbArticle footable-visible\"><\/td>\n<td class=\"groupingRuleArticle footable-visible\" data-grouping-label=\"Color Art\u00edculo\" data-grouping-value=\"Gris-Naranja\">Gris-Naranja<\/td>\n<td class=\"groupingRuleArticle footable-visible footable-last-column\" data-grouping-label=\"Talla Art\u00edculo\" data-grouping-value=\"M\">M<\/td>\n<\/tr>\n<tr>\n<td class=\"refArticle footable-visible footable-first-column\" data-ref=\"LITEGRGT\">LITEGRGT-LITE<\/td>\n<td class=\"eanArticle footable-visible\">3295249212452<\/td>\n<td class=\"pcbArticle footable-visible\" data-vl=\"11\" data-pcb=\"10\" data-spcb=\"0\" data-partitionable=\"true\">10<\/td>\n<td class=\"spcbArticle footable-visible\"><\/td>\n<td class=\"groupingRuleArticle footable-visible\" data-grouping-label=\"Color Art\u00edculo\" data-grouping-value=\"Gris-Naranja\">Gris-Naranja<\/td>\n<td class=\"groupingRuleArticle footable-visible footable-last-column\" data-grouping-label=\"Talla Art\u00edculo\" data-grouping-value=\"L\">L<\/td>\n<\/tr>\n<tr>\n<td class=\"refArticle footable-visible footable-first-column\" data-ref=\"LITEGRXG\">LITEGRXG-LITE<\/td>\n<td class=\"eanArticle footable-visible\">3295249212469<\/td>\n<td class=\"pcbArticle footable-visible\" data-vl=\"11\" data-pcb=\"10\" data-spcb=\"0\" data-partitionable=\"true\">10<\/td>\n<td class=\"spcbArticle footable-visible\"><\/td>\n<td class=\"groupingRuleArticle footable-visible\" data-grouping-label=\"Color Art\u00edculo\" data-grouping-value=\"Gris-Naranja\">Gris-Naranja<\/td>\n<td class=\"groupingRuleArticle footable-visible footable-last-column\" data-grouping-label=\"Talla Art\u00edculo\" data-grouping-value=\"XL\">XL<\/td>\n<\/tr>\n<tr>\n<td class=\"refArticle footable-visible footable-first-column\" data-ref=\"LITEGRXX\">LITEGRXX-LITE<\/td>\n<td class=\"eanArticle footable-visible\">3295249212476<\/td>\n<td class=\"pcbArticle footable-visible\" data-vl=\"11\" data-pcb=\"10\" data-spcb=\"0\" data-partitionable=\"true\">10<\/td>\n<td class=\"spcbArticle footable-visible\"><\/td>\n<td class=\"groupingRuleArticle footable-visible\" data-grouping-label=\"Color Art\u00edculo\" data-grouping-value=\"Gris-Naranja\">Gris-Naranja<\/td>\n<td class=\"groupingRuleArticle footable-visible footable-last-column\" data-grouping-label=\"Talla Art\u00edculo\" data-grouping-value=\"XXL\">XXL<\/td>\n<\/tr>\n<tr>\n<td class=\"refArticle footable-visible footable-first-column\" data-ref=\"LITEGR3X\">LITEGR3X-LITE<\/td>\n<td class=\"eanArticle footable-visible\">3295249212483<\/td>\n<td class=\"pcbArticle footable-visible\" data-vl=\"11\" data-pcb=\"10\" data-spcb=\"0\" data-partitionable=\"true\">10<\/td>\n<td class=\"spcbArticle footable-visible\"><\/td>\n<td class=\"groupingRuleArticle footable-visible\" data-grouping-label=\"Color Art\u00edculo\" data-grouping-value=\"Gris-Naranja\">Gris-Naranja<\/td>\n<td class=\"groupingRuleArticle footable-visible footable-last-column\" data-grouping-label=\"Talla Art\u00edculo\" data-grouping-value=\"3XL\">3XL<\/td>\n<\/tr>\n<\/tbody>\n<\/table>\n<\/div>\n<\/section>\n<\/div>\n<\/section>\n<section id=\"sectionNormes\" class=\"blocAccordion\">\n<div class=\"contentAccordion ui-accordion-content ui-accordion-content-active\">\n<section class=\"blocContenu row-fluid blocContenu-first groupeDirectives\">\n<div class=\"row-fluid norme\"><\/div>\n<\/section>\n<\/div>\n<\/section>\n<\/div>\n<\/section>\n<\/div>\n<\/section>\n","protected":false},"excerpt":{"rendered":"<p>CAMPERA LIVIANA DE POLI\u00c9STER IMPREGNADO PVC<\/p>\n<p>Talla del art\u00edculo: S, M, L, XL, XXL, 3XL<\/p>\n","protected":false},"featured_media":10390,"template":"","meta":{"_joinchat":[]},"product_cat":[786,633],"product_tag":[649],"class_list":{"0":"post-2909","1":"product","2":"type-product","3":"status-publish","4":"has-post-thumbnail","6":"product_cat-proteccion-cuerpo","7":"product_cat-proteccion-para-el-cuerpo","8":"product_tag-campera-liviana","10":"first","11":"instock","12":"taxable","13":"shipping-taxable","14":"product-type-simple"},"_links":{"self":[{"href":"https:\/\/lidertecsa.com.ar\/catalogo\/wp-json\/wp\/v2\/product\/2909"}],"collection":[{"href":"https:\/\/lidertecsa.com.ar\/catalogo\/wp-json\/wp\/v2\/product"}],"about":[{"href":"https:\/\/lidertecsa.com.ar\/catalogo\/wp-json\/wp\/v2\/types\/product"}],"wp:featuredmedia":[{"embeddable":true,"href":"https:\/\/lidertecsa.com.ar\/catalogo\/wp-json\/wp\/v2\/media\/10390"}],"wp:attachment":[{"href":"https:\/\/lidertecsa.com.ar\/catalogo\/wp-json\/wp\/v2\/media?parent=2909"}],"wp:term":[{"taxonomy":"product_cat","embeddable":true,"href":"https:\/\/lidertecsa.com.ar\/catalogo\/wp-json\/wp\/v2\/product_cat?post=2909"},{"taxonomy":"product_tag","embeddable":true,"href":"https:\/\/lidertecsa.com.ar\/catalogo\/wp-json\/wp\/v2\/product_tag?post=2909"}],"curies":[{"name":"wp","href":"https:\/\/api.w.org\/{rel}","templated":true}]}}