{"id":2895,"date":"2023-07-07T12:55:47","date_gmt":"2023-07-07T15:55:47","guid":{"rendered":"https:\/\/lidertecsa.com.ar\/catalogo\/?post_type=product&#038;p=2895"},"modified":"2024-12-13T16:34:14","modified_gmt":"2024-12-13T19:34:14","slug":"chaleco-acolchado-de-poliamida","status":"publish","type":"product","link":"https:\/\/lidertecsa.com.ar\/catalogo\/producto\/chaleco-acolchado-de-poliamida\/","title":{"rendered":"Chaleco Acolchado de Poliamida"},"content":{"rendered":"<section id=\"sectionCarac\" class=\"blocAccordion\">\n<div class=\"titreAccordion ui-accordion-header ui-accordion-header-active ui-state-active\">CARACTER\u00cdSTICAS DEL PRODUCTO<\/div>\n<div class=\"contentAccordion ui-accordion-content ui-accordion-content-active\">\n<section class=\"blocContenu blocContenu-first\">\n<div>Chaleco acolchado. Cierre por cremallera antifr\u00edo. Sisas con terminaci\u00f3n al bies. Protege-ri\u00f1ones. 3 bolsillos.<\/div>\n<\/section>\n<section class=\"blocContenu\">\n<div>Tejido poliamida Ripstop impregnado de Poliuretano.<br \/>\nForro Tafet\u00e1n poli\u00e9ster.<\/div>\n<\/section>\n<section class=\"blocContenu\">\n<div>\n<div class=\"titleh1\"><span class=\"titre\">Ref. :\u00a0<\/span><span class=\"lib\">GDOON<\/span><\/div>\n<div><\/div>\n<\/div>\n<\/section>\n<\/div>\n<\/section>\n<section id=\"sectionUtilisations\" class=\"blocAccordion\">\n<div class=\"titreAccordion ui-accordion-header ui-accordion-header-active ui-state-active\">USOS DEL PRODUCTO &#8211; RIESGOS<\/div>\n<div class=\"contentAccordion ui-accordion-content ui-accordion-content-active\">\n<div class=\"linePictos blocContenu\">\n<div class=\"blocProductUse\"><span id=\"picto_8575995\">-Second \u0153uvre \/ Artisans<\/span><\/div>\n<\/div>\n<div class=\"linePictos blocContenu\">-T\u00e9l\u00e9communication<\/div>\n<div class=\"linePictos blocContenu\">-Poste<\/div>\n<div class=\"linePictos blocContenu\">\n<div><\/div>\n<div class=\"blocProductUse\">-Fr\u00edo<\/div>\n<div><\/div>\n<\/div>\n<\/div>\n<\/section>\n<section id=\"sectionPlusProduits\" class=\"blocAccordion\">\n<div class=\"titreAccordion ui-accordion-header ui-accordion-header-active ui-state-active\">LOS PRODUCTOS + &#8211; BENEFICIOS PARA EL USUARIO<\/div>\n<div><\/div>\n<div class=\"contentAccordion ui-accordion-content ui-accordion-content-active\">\n<section class=\"blocContenu row-fluid benefit\">\n<div class=\"span5\">\n<p>-Caliente y ultraligero<\/p>\n<\/div>\n<\/section>\n<section class=\"blocContenu row-fluid benefit\">\n<div class=\"span5\">\n<p>&nbsp;<\/p>\n<\/div>\n<\/section>\n<\/div>\n<\/section>\n","protected":false},"excerpt":{"rendered":"<p>CHALECO DE POLI\u00c9STER PONGEE IMPREGNADO PVC<\/p>\n","protected":false},"featured_media":10387,"template":"","meta":{"_joinchat":[]},"product_cat":[786,633],"product_tag":[645],"class_list":{"0":"post-2895","1":"product","2":"type-product","3":"status-publish","4":"has-post-thumbnail","6":"product_cat-proteccion-cuerpo","7":"product_cat-proteccion-para-el-cuerpo","8":"product_tag-chaleco","10":"first","11":"instock","12":"taxable","13":"shipping-taxable","14":"product-type-simple"},"_links":{"self":[{"href":"https:\/\/lidertecsa.com.ar\/catalogo\/wp-json\/wp\/v2\/product\/2895"}],"collection":[{"href":"https:\/\/lidertecsa.com.ar\/catalogo\/wp-json\/wp\/v2\/product"}],"about":[{"href":"https:\/\/lidertecsa.com.ar\/catalogo\/wp-json\/wp\/v2\/types\/product"}],"wp:featuredmedia":[{"embeddable":true,"href":"https:\/\/lidertecsa.com.ar\/catalogo\/wp-json\/wp\/v2\/media\/10387"}],"wp:attachment":[{"href":"https:\/\/lidertecsa.com.ar\/catalogo\/wp-json\/wp\/v2\/media?parent=2895"}],"wp:term":[{"taxonomy":"product_cat","embeddable":true,"href":"https:\/\/lidertecsa.com.ar\/catalogo\/wp-json\/wp\/v2\/product_cat?post=2895"},{"taxonomy":"product_tag","embeddable":true,"href":"https:\/\/lidertecsa.com.ar\/catalogo\/wp-json\/wp\/v2\/product_tag?post=2895"}],"curies":[{"name":"wp","href":"https:\/\/api.w.org\/{rel}","templated":true}]}}