{"id":2874,"date":"2023-07-07T12:11:58","date_gmt":"2023-07-07T15:11:58","guid":{"rendered":"https:\/\/lidertecsa.com.ar\/catalogo\/?post_type=product&#038;p=2874"},"modified":"2024-12-13T16:34:12","modified_gmt":"2024-12-13T19:34:12","slug":"chaleco-de-alta-visivilidad-de-poliester","status":"publish","type":"product","link":"https:\/\/lidertecsa.com.ar\/catalogo\/producto\/chaleco-de-alta-visivilidad-de-poliester\/","title":{"rendered":"Chaleco de Alta Visivilidad de Poli\u00e9ster"},"content":{"rendered":"<section id=\"sectionCarac\" class=\"blocAccordion\">\n<div class=\"titreAccordion ui-accordion-header ui-accordion-header-active ui-state-active\">\n<section id=\"sectionCarac\" class=\"blocAccordion\">\n<div class=\"titreAccordion ui-accordion-header ui-accordion-header-active ui-state-active\">\n<section id=\"sectionCarac\" class=\"blocAccordion\">\n<div class=\"titreAccordion ui-accordion-header ui-accordion-header-active ui-state-active\">\n<section id=\"sectionCarac\" class=\"blocAccordion\">\n<div class=\"titreAccordion ui-accordion-header ui-accordion-header-active ui-state-active\">CARACTER\u00cdSTICAS DEL PRODUCTO<\/div>\n<div class=\"contentAccordion ui-accordion-content ui-accordion-content-active\">\n<section class=\"blocContenu blocContenu-first\">\n<div>Chaleco. Cierre por banda velcro. Alta visibilidad\u00a0: Clase 2. Montaje paralelo.<\/div>\n<\/section>\n<section class=\"blocContenu\">\n<div>Tejido poli\u00e9ster.<br \/>\nBandas retroreflectantes cosidas.<\/div>\n<\/section>\n<section class=\"blocContenu\">\n<div>\n<div class=\"titleh1\"><span class=\"titre\">Ref. :\u00a0<\/span><span class=\"lib\">GILP2<\/span><\/div>\n<div><\/div>\n<\/div>\n<\/section>\n<\/div>\n<\/section>\n<section id=\"sectionUtilisations\" class=\"blocAccordion\">\n<div class=\"titreAccordion ui-accordion-header ui-accordion-header-active ui-state-active\">USOS DEL PRODUCTO &#8211; RIESGOS<\/div>\n<div class=\"contentAccordion ui-accordion-content ui-accordion-content-active\">\n<div class=\"linePictos blocContenu\">\n<div class=\"blocProductUse\"><span id=\"picto_8575993\">-Travaux publics<\/span><\/div>\n<p>-Traitement des d\u00e9chets<br \/>\n-T\u00e9l\u00e9communication<br \/>\n-Poste<br \/>\n-Travailleurs temporaires \/ \u00c9ducation<\/p>\n<\/div>\n<div class=\"linePictos blocContenu\">\n<div class=\"blocProductUse\">-Alta visibilidad<\/div>\n<div><\/div>\n<\/div>\n<\/div>\n<\/section>\n<section id=\"sectionNormes\" class=\"blocAccordion\">\n<div class=\"titreAccordion ui-accordion-header ui-accordion-header-active ui-state-active\">CERTIFICACIONES &#8211; NORMAS<\/div>\n<div class=\"contentAccordion ui-accordion-content ui-accordion-content-active\">\n<section class=\"blocContenu row-fluid blocContenu-first groupeDirectives\">\n<div class=\"row-fluid legislation\">\n<div class=\"span12\">\n<p class=\"headerLegislation\"><span class=\"pictoLegislation LEG011\"><img decoding=\"async\" title=\"REGLAMENTACI\u00d3N (UE) 2016\/425\" src=\"https:\/\/www.deltaplus.com.ar\/documents\/10194\/11466796\/Picto+CE.jpg\/d8dafaa5-8c2b-4094-b6a5-907872154b9f?version=1.0&amp;t=1668767732612&amp;imageThumbnail=1\" alt=\"REGLAMENTACI\u00d3N (UE) 2016\/425\" \/>\u00a0<\/span><span class=\"libLegislation\">REGLAMENTACI\u00d3N (UE) 2016\/425<\/span><\/p>\n<\/div>\n<\/div>\n<div class=\"row-fluid norme\">\n<div class=\"span1 pictoNorme\"><\/div>\n<div class=\"span11 libNorme\">\n<p><span class=\"normLib\" data-norm-code=\"0\">EN ISO 13688:2013\u00a0Requisitos generales para prendas de protecci\u00f3n.\u00a0\u00a0<i class=\"icon-ord-info\"><\/i><\/span><\/p>\n<\/div>\n<\/div>\n<div class=\"row-fluid norme\">\n<div class=\"span1 pictoNorme\"><span data-norm-code=\"1\"><img decoding=\"async\" title=\"Ropa de se\u00f1alizaci\u00f3n de alta visibilidad para uso profesional - M\u00e9todos de ensayo y requisitos\" src=\"https:\/\/www.deltaplus.com.ar\/documents\/10194\/11466796\/HV+EN+ISO+20471.jpg\/ea80abb8-96e0-4383-9925-1433fcd8b5cf?version=1.0&amp;t=1668767585414&amp;imageThumbnail=1\" alt=\"Ropa de se\u00f1alizaci\u00f3n de alta visibilidad para uso profesional - M\u00e9todos de ensayo y requisitos\" \/><\/span><\/div>\n<div class=\"span11 libNorme\">\n<p><span class=\"normLib\" data-norm-code=\"1\">EN ISO 20471:2013 \/A1:2016\u00a0Ropa de se\u00f1alizaci\u00f3n de alta visibilidad para uso profesional &#8211; M\u00e9todos de ensayo y requisitos\u00a0\u00a0<i class=\"icon-ord-info\"><\/i><\/span><\/p>\n<table class=\"performanceNorme\">\n<tbody>\n<tr>\n<td class=\"shortLabelPerf\">CLASE<\/td>\n<td class=\"valeurPerf\">2<\/td>\n<td class=\"libPerf\">Clase de ropa (1 a 3)<\/td>\n<\/tr>\n<\/tbody>\n<\/table>\n<\/div>\n<\/div>\n<\/section>\n<\/div>\n<\/section>\n<\/div>\n<\/section>\n<section id=\"sectionNormes\" class=\"blocAccordion\">\n<div class=\"contentAccordion ui-accordion-content ui-accordion-content-active\">\n<section class=\"blocContenu row-fluid blocContenu-first groupeDirectives\">\n<div class=\"row-fluid norme\"><\/div>\n<\/section>\n<\/div>\n<\/section>\n<\/div>\n<\/section>\n<\/div>\n<\/section>\n","protected":false},"excerpt":{"rendered":"<p>CHALECO ALTA VISIBILIDAD DE POLI\u00c9STER &#8211; MONTAJE PARALELO<\/p>\n<p>Colores: Amarillo &#8211; Naranja<\/p>\n<p>&nbsp;<\/p>\n","protected":false},"featured_media":10385,"template":"","meta":{"_joinchat":[]},"product_cat":[786,633],"product_tag":[640],"class_list":{"0":"post-2874","1":"product","2":"type-product","3":"status-publish","4":"has-post-thumbnail","6":"product_cat-proteccion-cuerpo","7":"product_cat-proteccion-para-el-cuerpo","8":"product_tag-chaleco-refractario","10":"first","11":"instock","12":"taxable","13":"shipping-taxable","14":"product-type-simple"},"_links":{"self":[{"href":"https:\/\/lidertecsa.com.ar\/catalogo\/wp-json\/wp\/v2\/product\/2874"}],"collection":[{"href":"https:\/\/lidertecsa.com.ar\/catalogo\/wp-json\/wp\/v2\/product"}],"about":[{"href":"https:\/\/lidertecsa.com.ar\/catalogo\/wp-json\/wp\/v2\/types\/product"}],"wp:featuredmedia":[{"embeddable":true,"href":"https:\/\/lidertecsa.com.ar\/catalogo\/wp-json\/wp\/v2\/media\/10385"}],"wp:attachment":[{"href":"https:\/\/lidertecsa.com.ar\/catalogo\/wp-json\/wp\/v2\/media?parent=2874"}],"wp:term":[{"taxonomy":"product_cat","embeddable":true,"href":"https:\/\/lidertecsa.com.ar\/catalogo\/wp-json\/wp\/v2\/product_cat?post=2874"},{"taxonomy":"product_tag","embeddable":true,"href":"https:\/\/lidertecsa.com.ar\/catalogo\/wp-json\/wp\/v2\/product_tag?post=2874"}],"curies":[{"name":"wp","href":"https:\/\/api.w.org\/{rel}","templated":true}]}}