{"id":2852,"date":"2023-07-07T10:44:18","date_gmt":"2023-07-07T13:44:18","guid":{"rendered":"https:\/\/lidertecsa.com.ar\/catalogo\/?post_type=product&#038;p=2852"},"modified":"2024-12-13T16:34:09","modified_gmt":"2024-12-13T19:34:09","slug":"dispositivo-de-rescate","status":"publish","type":"product","link":"https:\/\/lidertecsa.com.ar\/catalogo\/producto\/dispositivo-de-rescate\/","title":{"rendered":"Dispositivo de Rescate"},"content":{"rendered":"<section id=\"sectionCarac\" class=\"blocAccordion\">\n<div class=\"titreAccordion ui-accordion-header ui-accordion-header-active ui-state-active ui-state-hover\">\n<section id=\"sectionCarac\" class=\"blocAccordion\">\n<div class=\"titreAccordion ui-accordion-header ui-accordion-header-active ui-state-active\">\n<section id=\"sectionCarac\" class=\"blocAccordion\">\n<div class=\"titreAccordion ui-accordion-header ui-accordion-header-active ui-state-active\">\n<section id=\"sectionCarac\" class=\"blocAccordion\">\n<div class=\"titreAccordion ui-accordion-header ui-accordion-header-active ui-state-active\">\n<section id=\"sectionCarac\" class=\"blocAccordion\">\n<div class=\"titreAccordion ui-accordion-header ui-accordion-header-active ui-state-active\">\n<section id=\"sectionCarac\" class=\"blocAccordion\">\n<div class=\"titreAccordion ui-accordion-header ui-accordion-header-active ui-state-active\">\n<section id=\"sectionCarac\" class=\"blocAccordion\">\n<div class=\"titreAccordion ui-accordion-header ui-accordion-header-active ui-state-active\">\n<section id=\"sectionCarac\" class=\"blocAccordion\">\n<div class=\"titreAccordion ui-accordion-header ui-accordion-header-active ui-state-active\">CARACTER\u00cdSTICAS DEL PRODUCTO<\/div>\n<div class=\"contentAccordion ui-accordion-content ui-accordion-content-active\">\n<section class=\"blocContenu blocContenu-first\">\n<div>Descendedor y aparato de salvamento para autosalvamento. Sistema de frenado autom\u00e1tico. 2 sistemas de freno de fuerza centr\u00edfuga. 3 mosquetones AM030. Soga TC064, vendida por separado por metros (longitud m\u00e1xima 300m), hebillas con guardacabos.<\/div>\n<\/section>\n<section class=\"blocContenu\">\n<div>\n<div class=\"titleh1\"><span class=\"titre\">Ref. :\u00a0<\/span><span class=\"lib\">TC062_<\/span><\/div>\n<\/div>\n<\/section>\n<div class=\"row-fluid\">\n<div class=\"span2\">\n<div class=\"row-fluid\"><\/div>\n<div class=\"row-fluid\">\n<div class=\"span12\"><\/div>\n<\/div>\n<\/div>\n<\/div>\n<\/div>\n<\/section>\n<section id=\"sectionUtilisations\" class=\"blocAccordion\">\n<div class=\"titreAccordion ui-accordion-header ui-accordion-header-active ui-state-active\">USOS DEL PRODUCTO &#8211; RIESGOS<\/div>\n<div class=\"contentAccordion ui-accordion-content ui-accordion-content-active\">\n<div class=\"linePictos blocContenu\">\n<div class=\"blocProductUse\"><span id=\"picto_8575992\">-Agriculture \/ Industrie foresti\u00e8re &amp; P\u00eache<\/span><\/div>\n<p>-B\u00e2timent<br \/>\n-Chimie \/ P\u00e9trochimie<br \/>\n-Stockage<br \/>\n-P\u00e9trole et gaz (extraction)<br \/>\n-Energie \u00e9olienne<\/p>\n<\/div>\n<div class=\"linePictos blocContenu\">\n<div class=\"blocProductUse\">-Ca\u00eddas<\/div>\n<\/div>\n<div class=\"linePictos blocContenu\">\n<div class=\"blocProductUse\">-Salvamento y evacuaci\u00f3n<\/div>\n<div><\/div>\n<\/div>\n<\/div>\n<\/section>\n<section id=\"sectionPlusProduits\" class=\"blocAccordion\">\n<div class=\"titreAccordion ui-accordion-header ui-accordion-header-active ui-state-active\">LOS PRODUCTOS + &#8211; BENEFICIOS PARA EL USUARIO<\/div>\n<div class=\"contentAccordion ui-accordion-content ui-accordion-content-active\">\n<section class=\"blocContenu row-fluid benefit\">\n<div class=\"span2 image\">\n<div class=\"row-fluid\">\n<div class=\"span10 offset1\"><\/div>\n<\/div>\n<\/div>\n<div class=\"span5\">\n<p>-Longitud m\u00e1xima de 300 m<\/p>\n<p>-1 persona, \u2264 150 kg<\/p>\n<p>-Velocidad ~ 0,8 m \/ seg(Independientemente de peso)<\/p>\n<\/div>\n<div class=\"span5\">\n<p>-2 frenos magn\u00e9ticos<\/p>\n<\/div>\n<\/section>\n<section class=\"blocContenu row-fluid benefit\">\n<div class=\"span5\">\n<p>-1,8 kg<\/p>\n<\/div>\n<\/section>\n<section class=\"blocContenu row-fluid benefit\">\n<div class=\"span5\">\n<p>&nbsp;<\/p>\n<\/div>\n<\/section>\n<\/div>\n<\/section>\n<section id=\"sectionReferences\" class=\"blocAccordion\">\n<div class=\"contentAccordion ui-accordion-content ui-accordion-content-active\"><\/div>\n<\/section>\n<section id=\"sectionNormes\" class=\"blocAccordion\">\n<div class=\"titreAccordion ui-accordion-header ui-accordion-header-active ui-state-active\">CERTIFICACIONES &#8211; NORMAS<\/div>\n<div class=\"contentAccordion ui-accordion-content ui-accordion-content-active\">\n<section class=\"blocContenu row-fluid blocContenu-first groupeDirectives\">\n<div class=\"row-fluid legislation\">\n<div class=\"span12\">\n<p class=\"headerLegislation\"><span class=\"pictoLegislation LEG011\"><img decoding=\"async\" title=\"REGLAMENTACI\u00d3N (UE) 2016\/425\" src=\"https:\/\/www.deltaplus.com.ar\/documents\/10194\/11466796\/Picto+CE.jpg\/d8dafaa5-8c2b-4094-b6a5-907872154b9f?version=1.0&amp;t=1668767732612&amp;imageThumbnail=1\" alt=\"REGLAMENTACI\u00d3N (UE) 2016\/425\" \/>\u00a0<\/span><span class=\"libLegislation\">REGLAMENTACI\u00d3N (UE) 2016\/425<\/span><\/p>\n<\/div>\n<\/div>\n<div class=\"row-fluid norme\">\n<div class=\"span1 pictoNorme\"><\/div>\n<div class=\"span11 libNorme\">\n<p>EN365 : 2004\u00a0Equipo de protecci\u00f3n individual contra las ca\u00eddas de altura: requisitos generales para el modo de uso, mantenimiento, revisi\u00f3n peri\u00f3dica, reparaci\u00f3n, marcaci\u00f3n y empaque.<\/p>\n<\/div>\n<\/div>\n<div class=\"row-fluid norme\">\n<div class=\"span1 pictoNorme\"><\/div>\n<div class=\"span11 libNorme\">\n<p>EN341 : 2011\u00a0Equipo de protecci{on individual contra las ca\u00eddas &#8211; Descendedores para salvataje<\/p>\n<table class=\"performanceNorme\">\n<tbody>\n<tr>\n<td class=\"shortLabelPerf\"><\/td>\n<td class=\"valeurPerf\">1<\/td>\n<td class=\"libPerf\">Descendedor tipo 1 &#8211; Autom\u00e1tico<\/td>\n<\/tr>\n<tr>\n<td class=\"shortLabelPerf\"><\/td>\n<td class=\"valeurPerf\">B<\/td>\n<td class=\"libPerf\">Descendedor clase B &#8211; Resistencia a la energ\u00eda W &gt; 1,5. 10\u2076 J<\/td>\n<\/tr>\n<\/tbody>\n<\/table>\n<\/div>\n<\/div>\n<\/section>\n<\/div>\n<\/section>\n<\/div>\n<\/section>\n<\/div>\n<\/section>\n<\/div>\n<\/section>\n<section id=\"sectionReferences\" class=\"blocAccordion\"><\/section>\n<\/div>\n<\/section>\n<\/div>\n<\/section>\n<section id=\"sectionReferences\" class=\"blocAccordion\"><\/section>\n<\/div>\n<\/section>\n<section id=\"sectionReferences\" class=\"blocAccordion\"><\/section>\n<\/div>\n<\/section>\n","protected":false},"excerpt":{"rendered":"<p>Descendedor y aparato de salvamento para autosalvamento.<\/p>\n","protected":false},"featured_media":10347,"template":"","meta":{"_joinchat":[]},"product_cat":[597],"product_tag":[630],"class_list":{"0":"post-2852","1":"product","2":"type-product","3":"status-publish","4":"has-post-thumbnail","6":"product_cat-sujecion","7":"product_tag-dispositivo-de-rescate","9":"first","10":"instock","11":"taxable","12":"shipping-taxable","13":"product-type-simple"},"_links":{"self":[{"href":"https:\/\/lidertecsa.com.ar\/catalogo\/wp-json\/wp\/v2\/product\/2852"}],"collection":[{"href":"https:\/\/lidertecsa.com.ar\/catalogo\/wp-json\/wp\/v2\/product"}],"about":[{"href":"https:\/\/lidertecsa.com.ar\/catalogo\/wp-json\/wp\/v2\/types\/product"}],"wp:featuredmedia":[{"embeddable":true,"href":"https:\/\/lidertecsa.com.ar\/catalogo\/wp-json\/wp\/v2\/media\/10347"}],"wp:attachment":[{"href":"https:\/\/lidertecsa.com.ar\/catalogo\/wp-json\/wp\/v2\/media?parent=2852"}],"wp:term":[{"taxonomy":"product_cat","embeddable":true,"href":"https:\/\/lidertecsa.com.ar\/catalogo\/wp-json\/wp\/v2\/product_cat?post=2852"},{"taxonomy":"product_tag","embeddable":true,"href":"https:\/\/lidertecsa.com.ar\/catalogo\/wp-json\/wp\/v2\/product_tag?post=2852"}],"curies":[{"name":"wp","href":"https:\/\/api.w.org\/{rel}","templated":true}]}}