{"id":2846,"date":"2023-07-06T19:19:05","date_gmt":"2023-07-06T22:19:05","guid":{"rendered":"https:\/\/lidertecsa.com.ar\/catalogo\/?post_type=product&#038;p=2846"},"modified":"2024-12-13T16:34:09","modified_gmt":"2024-12-13T19:34:09","slug":"anclaje-movil","status":"publish","type":"product","link":"https:\/\/lidertecsa.com.ar\/catalogo\/producto\/anclaje-movil\/","title":{"rendered":"Anclaje M\u00f3vil"},"content":{"rendered":"<section id=\"sectionCarac\" class=\"blocAccordion\">\n<div class=\"titreAccordion ui-accordion-header ui-accordion-header-active ui-state-active ui-state-hover\">\n<section id=\"sectionCarac\" class=\"blocAccordion\">\n<div class=\"titreAccordion ui-accordion-header ui-accordion-header-active ui-state-active\">\n<section id=\"sectionCarac\" class=\"blocAccordion\">\n<div class=\"titreAccordion ui-accordion-header ui-accordion-header-active ui-state-active\">\n<section id=\"sectionCarac\" class=\"blocAccordion\">\n<div class=\"titreAccordion ui-accordion-header ui-accordion-header-active ui-state-active\">\n<section id=\"sectionCarac\" class=\"blocAccordion\">\n<div class=\"titreAccordion ui-accordion-header ui-accordion-header-active ui-state-active\">\n<section id=\"sectionCarac\" class=\"blocAccordion\">\n<div class=\"titreAccordion ui-accordion-header ui-accordion-header-active ui-state-active\">CARACTER\u00cdSTICAS DEL PRODUCTO<\/div>\n<div class=\"contentAccordion ui-accordion-content ui-accordion-content-active\">\n<section class=\"blocContenu blocContenu-first\">\n<div>Anclaje m\u00f3vil para espacios confinados. Rotaci\u00f3n 360\u00ba. Altura regulable de 1,90 m a 2,50 m. Base vendida por separado. Posibilidad de fijar la placa de adaptaci\u00f3n TRA101 o TRA102.<\/div>\n<\/section>\n<section class=\"blocContenu\">\n<div>Acero galvanizado de lantano de alta resistencia.<\/div>\n<\/section>\n<section class=\"blocContenu\">\n<div>\n<div class=\"titleh1\"><span class=\"titre\">Ref. :\u00a0<\/span><span class=\"lib\">TRG20_<\/span><\/div>\n<div><\/div>\n<\/div>\n<\/section>\n<\/div>\n<\/section>\n<section id=\"sectionUtilisations\" class=\"blocAccordion\">\n<div class=\"titreAccordion ui-accordion-header ui-accordion-header-active ui-state-active\">USOS DEL PRODUCTO &#8211; RIESGOS<\/div>\n<div class=\"contentAccordion ui-accordion-content ui-accordion-content-active\">\n<div class=\"linePictos blocContenu\">\n<div class=\"blocProductUse\"><span id=\"picto_8575994\">-B\u00e2timent<\/span><\/div>\n<p>-Chimie \/ P\u00e9trochimie<br \/>\n-Stockage<br \/>\n-P\u00e9trole et gaz (extraction)<\/p>\n<\/div>\n<div class=\"linePictos blocContenu\">-Ca\u00eddas<\/div>\n<div class=\"linePictos blocContenu\">-Desplazamiento vertical, espacio confinado<\/div>\n<div class=\"linePictos blocContenu\">-Salvamento y evacuaci\u00f3n<\/div>\n<div><\/div>\n<\/div>\n<\/section>\n<section id=\"sectionPlusProduits\" class=\"blocAccordion\">\n<div class=\"titreAccordion ui-accordion-header ui-accordion-header-active ui-state-active\">LOS PRODUCTOS + &#8211; BENEFICIOS PARA EL USUARIO<\/div>\n<div class=\"contentAccordion ui-accordion-content ui-accordion-content-active\">\n<section class=\"blocContenu row-fluid benefit\">\n<div class=\"span2 image\">\n<div class=\"row-fluid\">\n<div class=\"span10 offset1\"><\/div>\n<\/div>\n<\/div>\n<\/section>\n<section class=\"blocContenu row-fluid benefit\">\n<div class=\"span5\">\n<p>Compatible<\/p>\n<p>-TRA101<\/p>\n<p>-TR01720<\/p>\n<\/div>\n<\/section>\n<section class=\"blocContenu row-fluid benefit\">\n<div class=\"span5\">\n<p>-TR01730<\/p>\n<\/div>\n<\/section>\n<section class=\"blocContenu row-fluid benefit\">\n<div class=\"span5\">\n<p>-TRA102<\/p>\n<\/div>\n<\/section>\n<section class=\"blocContenu row-fluid benefit\">\n<div class=\"span5\">\n<p>-TR003C<\/p>\n<p>-TR003K<\/p>\n<\/div>\n<\/section>\n<section class=\"blocContenu row-fluid benefit\">\n<div class=\"span5\">\n<p>-TRBAG3<\/p>\n<\/div>\n<div class=\"span5\">\n<p>&nbsp;<\/p>\n<\/div>\n<\/section>\n<\/div>\n<\/section>\n<section id=\"sectionReferences\" class=\"blocAccordion\">\n<div class=\"titreAccordion ui-accordion-header ui-accordion-header-active ui-state-active\">REFERENCIAS<\/div>\n<div class=\"contentAccordion ui-accordion-content ui-accordion-content-active\">\n<table id=\"tabReferences\" class=\"table table-hover footable toggle-circle default footable-loaded\">\n<thead>\n<tr>\n<th class=\"refArticle footable-visible footable-first-column\">REFERENCIA<\/th>\n<th class=\"eanArticle footable-visible\">C\u00d3DIGO DE BARRAS<\/th>\n<th class=\"pcbArticle footable-visible\"><\/th>\n<th class=\"spcbArticle footable-visible\"><\/th>\n<th class=\"groupingRuleArticle footable-visible\" data-hide=\"phone\" data-grouping-label=\"Color Art\u00edculo\">COLOR ART\u00cdCULO<\/th>\n<th class=\"groupingRuleArticle footable-visible footable-last-column\" data-hide=\"phone\" data-grouping-label=\"Talla Art\u00edculo\">TALLA ART\u00cdCULO<\/th>\n<\/tr>\n<\/thead>\n<tfoot><\/tfoot>\n<tbody>\n<tr>\n<td class=\"refArticle footable-visible footable-first-column\" data-ref=\"TRG20\">TRG20-GIRAFE TRG20<\/td>\n<td class=\"eanArticle footable-visible\">3295249224585<\/td>\n<td class=\"pcbArticle footable-visible\" data-vl=\"11\" data-pcb=\"1\" data-spcb=\"0\" data-partitionable=\"true\">1<\/td>\n<td class=\"spcbArticle footable-visible\"><\/td>\n<td class=\"groupingRuleArticle footable-visible\" data-grouping-label=\"Color Art\u00edculo\" data-grouping-value=\"Acero\">Acero<\/td>\n<td class=\"groupingRuleArticle footable-visible footable-last-column\" data-grouping-label=\"Talla Art\u00edculo\" data-grouping-value=\"Ajustable\">Ajustable<\/td>\n<\/tr>\n<\/tbody>\n<\/table>\n<p>&nbsp;<\/p>\n<\/div>\n<\/section>\n<section id=\"sectionNormes\" class=\"blocAccordion\">\n<div class=\"titreAccordion ui-accordion-header ui-accordion-header-active ui-state-active\">CERTIFICACIONES &#8211; NORMAS<\/div>\n<div class=\"contentAccordion ui-accordion-content ui-accordion-content-active\">\n<section class=\"blocContenu row-fluid blocContenu-first groupeDirectives\">\n<div class=\"row-fluid legislation\">\n<div class=\"span12\">\n<p class=\"headerLegislation\"><span class=\"pictoLegislation LEG011\"><img decoding=\"async\" title=\"REGLAMENTACI\u00d3N (UE) 2016\/425\" src=\"https:\/\/www.deltaplus.com.ar\/documents\/10194\/11466796\/Picto+CE.jpg\/d8dafaa5-8c2b-4094-b6a5-907872154b9f?version=1.0&amp;t=1668767732612&amp;imageThumbnail=1\" alt=\"REGLAMENTACI\u00d3N (UE) 2016\/425\" \/>\u00a0<\/span><span class=\"libLegislation\">REGLAMENTACI\u00d3N (UE) 2016\/425<\/span><\/p>\n<\/div>\n<\/div>\n<div class=\"row-fluid norme\">\n<div class=\"span1 pictoNorme\"><\/div>\n<div class=\"span11 libNorme\">\n<p>EN365 : 2004\u00a0Equipo de protecci\u00f3n individual contra las ca\u00eddas de altura: requisitos generales para el modo de uso, mantenimiento, revisi\u00f3n peri\u00f3dica, reparaci\u00f3n, marcaci\u00f3n y empaque.<\/p>\n<\/div>\n<\/div>\n<div class=\"row-fluid norme\">\n<div class=\"span1 pictoNorme\"><\/div>\n<div class=\"span11 libNorme\">\n<p><span class=\"normLib\" data-norm-code=\"1\">EN795:2012\u00a0Equipo de protecci\u00f3n individual contra las ca\u00eddas en altura &#8211; Dispositivos de anclaje\u00a0\u00a0<i class=\"icon-ord-info\"><\/i><\/span><\/p>\n<table class=\"performanceNorme\">\n<tbody>\n<tr>\n<td class=\"shortLabelPerf\"><\/td>\n<td class=\"valeurPerf\">B<\/td>\n<td class=\"libPerf\">Dispositivo de anclaje tipo B<\/td>\n<\/tr>\n<\/tbody>\n<\/table>\n<\/div>\n<\/div>\n<div class=\"row-fluid norme\">\n<div class=\"span1 pictoNorme\"><\/div>\n<div class=\"span11 libNorme\">\n<p>CEN-TS16415:2013\u00a0Recomendaciones para el dispositivo de anclaje para uso por parte de varias personas a la vez.<\/p>\n<table class=\"performanceNorme\">\n<tbody>\n<tr>\n<td class=\"shortLabelPerf\"><\/td>\n<td class=\"valeurPerf\">1<\/td>\n<td class=\"libPerf\">N\u00famero m\u00e1ximo de personas<\/td>\n<\/tr>\n<\/tbody>\n<\/table>\n<\/div>\n<\/div>\n<\/section>\n<\/div>\n<\/section>\n<\/div>\n<\/section>\n<section id=\"sectionReferences\" class=\"blocAccordion\"><\/section>\n<\/div>\n<\/section>\n<\/div>\n<\/section>\n<section id=\"sectionReferences\" class=\"blocAccordion\"><\/section>\n<\/div>\n<\/section>\n<section id=\"sectionReferences\" class=\"blocAccordion\"><\/section>\n<\/div>\n<\/section>\n","protected":false},"excerpt":{"rendered":"<p>Base m\u00f3vil para espacio confinado para fijaci\u00f3n del GIRAFE TRG20.<\/p>\n","protected":false},"featured_media":10336,"template":"","meta":{"_joinchat":[]},"product_cat":[597],"product_tag":[627],"class_list":{"0":"post-2846","1":"product","2":"type-product","3":"status-publish","4":"has-post-thumbnail","6":"product_cat-sujecion","7":"product_tag-anclaje","9":"first","10":"instock","11":"taxable","12":"shipping-taxable","13":"product-type-simple"},"_links":{"self":[{"href":"https:\/\/lidertecsa.com.ar\/catalogo\/wp-json\/wp\/v2\/product\/2846"}],"collection":[{"href":"https:\/\/lidertecsa.com.ar\/catalogo\/wp-json\/wp\/v2\/product"}],"about":[{"href":"https:\/\/lidertecsa.com.ar\/catalogo\/wp-json\/wp\/v2\/types\/product"}],"wp:featuredmedia":[{"embeddable":true,"href":"https:\/\/lidertecsa.com.ar\/catalogo\/wp-json\/wp\/v2\/media\/10336"}],"wp:attachment":[{"href":"https:\/\/lidertecsa.com.ar\/catalogo\/wp-json\/wp\/v2\/media?parent=2846"}],"wp:term":[{"taxonomy":"product_cat","embeddable":true,"href":"https:\/\/lidertecsa.com.ar\/catalogo\/wp-json\/wp\/v2\/product_cat?post=2846"},{"taxonomy":"product_tag","embeddable":true,"href":"https:\/\/lidertecsa.com.ar\/catalogo\/wp-json\/wp\/v2\/product_tag?post=2846"}],"curies":[{"name":"wp","href":"https:\/\/api.w.org\/{rel}","templated":true}]}}