{"id":2817,"date":"2023-07-06T18:56:05","date_gmt":"2023-07-06T21:56:05","guid":{"rendered":"https:\/\/lidertecsa.com.ar\/catalogo\/?post_type=product&#038;p=2817"},"modified":"2024-12-13T16:34:07","modified_gmt":"2024-12-13T19:34:07","slug":"platina-de-fijacion","status":"publish","type":"product","link":"https:\/\/lidertecsa.com.ar\/catalogo\/producto\/platina-de-fijacion\/","title":{"rendered":"Platina de Fijaci\u00f3n"},"content":{"rendered":"<section id=\"sectionCarac\" class=\"blocAccordion\">\n<div class=\"titreAccordion ui-accordion-header ui-accordion-header-active ui-state-active ui-state-hover\">CARACTER\u00cdSTICAS DEL PRODUCTO<\/div>\n<div class=\"contentAccordion ui-accordion-content ui-accordion-content-active\">\n<section class=\"blocContenu blocContenu-first\">\n<div>Platina de fijaci\u00f3n de aluminio para antica\u00eddas de retorno autom\u00e1tico. Se fija sobre TRG20, TRA20 y TRA30.<\/div>\n<\/section>\n<section class=\"blocContenu\">\n<div>Este art\u00edculo no es un EPP.<\/div>\n<\/section>\n<section class=\"blocContenu\">\n<div>\n<div class=\"titleh1\"><span class=\"titre\">Ref. :\u00a0<\/span><span class=\"lib\">TRA101_<\/span><\/div>\n<div><\/div>\n<\/div>\n<\/section>\n<\/div>\n<\/section>\n<section id=\"sectionUtilisations\" class=\"blocAccordion\">\n<div class=\"titreAccordion ui-accordion-header ui-accordion-header-active ui-state-active\">USOS DEL PRODUCTO &#8211; RIESGOS<\/div>\n<div class=\"contentAccordion ui-accordion-content ui-accordion-content-active\">\n<div class=\"linePictos blocContenu\">\n<div class=\"blocProductUse\"><span id=\"picto_8575994\">-B\u00e2timent<\/span><\/div>\n<p>-Chimie \/ P\u00e9trochimie<br \/>\n-Stockage<br \/>\n-P\u00e9trole et gaz (extraction)<\/p><\/div>\n<div class=\"linePictos blocContenu\">-Ca\u00eddas<\/div>\n<\/div>\n<\/section>\n","protected":false},"excerpt":{"rendered":"<p>Platina de fijaci\u00f3n de aluminio para antica\u00eddas de retorno autom\u00e1tico.<\/p>\n","protected":false},"featured_media":2825,"template":"","meta":{"_joinchat":[]},"product_cat":[597],"product_tag":[622],"class_list":{"0":"post-2817","1":"product","2":"type-product","3":"status-publish","4":"has-post-thumbnail","6":"product_cat-sujecion","7":"product_tag-platina","9":"first","10":"instock","11":"taxable","12":"shipping-taxable","13":"product-type-simple"},"_links":{"self":[{"href":"https:\/\/lidertecsa.com.ar\/catalogo\/wp-json\/wp\/v2\/product\/2817"}],"collection":[{"href":"https:\/\/lidertecsa.com.ar\/catalogo\/wp-json\/wp\/v2\/product"}],"about":[{"href":"https:\/\/lidertecsa.com.ar\/catalogo\/wp-json\/wp\/v2\/types\/product"}],"wp:featuredmedia":[{"embeddable":true,"href":"https:\/\/lidertecsa.com.ar\/catalogo\/wp-json\/wp\/v2\/media\/2825"}],"wp:attachment":[{"href":"https:\/\/lidertecsa.com.ar\/catalogo\/wp-json\/wp\/v2\/media?parent=2817"}],"wp:term":[{"taxonomy":"product_cat","embeddable":true,"href":"https:\/\/lidertecsa.com.ar\/catalogo\/wp-json\/wp\/v2\/product_cat?post=2817"},{"taxonomy":"product_tag","embeddable":true,"href":"https:\/\/lidertecsa.com.ar\/catalogo\/wp-json\/wp\/v2\/product_tag?post=2817"}],"curies":[{"name":"wp","href":"https:\/\/api.w.org\/{rel}","templated":true}]}}