{"id":2402,"date":"2023-07-04T02:24:24","date_gmt":"2023-07-04T05:24:24","guid":{"rendered":"https:\/\/lidertecsa.com.ar\/catalogo\/?post_type=product&#038;p=2402"},"modified":"2024-12-13T16:33:24","modified_gmt":"2024-12-13T19:33:24","slug":"mascara-completa-respiratoria-d-silicona-strap-galaxy","status":"publish","type":"product","link":"https:\/\/lidertecsa.com.ar\/catalogo\/producto\/mascara-completa-respiratoria-d-silicona-strap-galaxy\/","title":{"rendered":"M\u00e1scara Completa Respiratoria D\/ Silicona &#8211; Strap Galaxy"},"content":{"rendered":"<section id=\"sectionCarac\" class=\"blocAccordion\">\n<div class=\"titreAccordion ui-accordion-header ui-accordion-header-active ui-state-active\">CARACTER\u00cdSTICAS DEL PRODUCTO<\/div>\n<div class=\"contentAccordion ui-accordion-content ui-accordion-content-active\">\n<section class=\"blocContenu blocContenu-first\">\n<div>M\u00e1scara completa respiratoria de silicona ajustable con bandas. Ocular de policarbonato con campo de visi\u00f3n extra ancho (210\u00b0). Semim\u00e1scara interior de silicona para limitar la niebla y m\u00e1s confort (3 v\u00e1lvulas de inspiraci\u00f3n, una v\u00e1lvula de exhalaci\u00f3n, dispositivo f\u00f3nico). Talla ajustable ajustable. Bandolera de transporte de m\u00e1scara en reposo. Compatible con filtros de tipo EN148-1, como la serie M9000, vendidos por separado. Bolsa de transporte incluido.<\/div>\n<\/section>\n<section class=\"blocContenu\">\n<div>Silicona<br \/>\nOcular : policarbonato<\/div>\n<\/section>\n<section class=\"blocContenu\"><img decoding=\"async\" class=\"pictosST50 pictosStruct\" title=\"Premium\" src=\"https:\/\/www.deltaplus.com.ar\/documents\/10194\/11468382\/logo+premium.jpg\/c2d3a0a0-b346-4ab5-8142-87d0380240f2?version=1.0&amp;t=1668767799887&amp;imageThumbnail=1\" alt=\"Premium\" \/><\/section>\n<section class=\"blocContenu\">\n<div>\n<div class=\"titleh1\"><span class=\"titre\">Ref. :\u00a0<\/span><span class=\"lib\">M9300<\/span><\/div>\n<div><\/div>\n<\/div>\n<\/section>\n<\/div>\n<\/section>\n<section id=\"sectionUtilisations\" class=\"blocAccordion\">\n<div class=\"titreAccordion ui-accordion-header ui-accordion-header-active ui-state-active\">USOS DEL PRODUCTO &#8211; RIESGOS:<\/div>\n<div class=\"contentAccordion ui-accordion-content ui-accordion-content-active\">\n<div class=\"linePictos blocContenu\">\n<div class=\"blocProductUse\"><span id=\"picto_8575995\">Second \u0153uvre \/ Artisans<\/span><\/div>\n<div class=\"blocProductUse\"><span id=\"picto_8575992\">Agriculture \/ Industrie foresti\u00e8re &amp; P\u00eache<\/span><\/div>\n<div class=\"blocProductUse\"><span id=\"picto_8576005\">Maintenance<\/span><\/div>\n<div class=\"blocProductUse\"><span id=\"picto_8576499\">Transport \/ Transport maritime<\/span><\/div>\n<div class=\"blocProductUse\"><span id=\"picto_8576928\">Travailleurs temporaires \/ \u00c9ducation<\/span><\/div>\n<\/div>\n<div class=\"linePictos blocContenu\">\n<div class=\"blocProductUse\">Biol\u00f3gicos<\/div>\n<div class=\"blocProductUse\">Particules<\/div>\n<\/div>\n<section class=\"blocContenu\"><a href=\"http:\/\/respiratory.deltaplus.eu\/fr\/\" target=\"_blank\" rel=\"noopener\"><img decoding=\"async\" src=\"https:\/\/www.deltaplus.eu\/documents\/6040686\/11732304\/bouton+D-finder+fiole+chimique+jaune+OK.jpg\/4eb07505-cdc9-4dd0-9c0f-8835906e914e?t=1474538535429\" alt=\"\" width=\"200\" height=\"45\" \/><\/a><\/section>\n<\/div>\n<\/section>\n<section id=\"sectionPlusProduits\" class=\"blocAccordion\">\n<div class=\"titreAccordion ui-accordion-header ui-accordion-header-active ui-state-active\">LOS PRODUCTOS + &#8211; BENEFICIOS PARA EL USUARIO<\/div>\n<div class=\"contentAccordion ui-accordion-content ui-accordion-content-active\">\n<section class=\"blocContenu row-fluid benefit\">\n<div class=\"span2 image\">\n<div class=\"row-fluid\">\n<div class=\"span10 offset1\"><img decoding=\"async\" title=\"\" src=\"https:\/\/www.deltaplus.com.ar\/documents\/10194\/11530246\/M9300+STRAP+GALAXY+straps.jpg\/1037ad03-6021-49aa-bfb3-ceadd936ddca?version=1.0&amp;t=1668773272823&amp;imageThumbnail=1\" alt=\"\" data-src=\"\" \/><\/div>\n<\/div>\n<\/div>\n<div class=\"span5\">\n<p>bandas de fijaci\u00f3n de silicona<\/p>\n<\/div>\n<div class=\"span5\">\n<p>&nbsp;<\/p>\n<\/div>\n<\/section>\n<section class=\"blocContenu row-fluid benefit\">\n<div class=\"span2 image\">\n<div class=\"row-fluid\">\n<div class=\"span10 offset1\"><\/div>\n<\/div>\n<\/div>\n<div class=\"span5\">\n<p>Utilizable con casco de obra<br \/>\nM9300 STRAP GALAXY<\/p>\n<\/div>\n<div class=\"span5\">\n<p>&nbsp;<\/p>\n<\/div>\n<\/section>\n<section class=\"blocContenu row-fluid benefit\">\n<div class=\"span2 image\">\n<div class=\"row-fluid\">\n<div class=\"span10 offset1\"><img decoding=\"async\" title=\"\" src=\"https:\/\/www.deltaplus.com.ar\/documents\/10194\/11530246\/M9200+ROTOR+GALAXY+large+vision.jpg\/376f6b4d-c340-44cb-8657-c00e2ad96539?version=1.0&amp;t=1668772968623&amp;imageThumbnail=1\" alt=\"\" data-src=\"\" \/><\/div>\n<\/div>\n<\/div>\n<div class=\"span5\">\n<p>Campo de visi\u00f3n m\u00e1s amplio (210\u00b0)<\/p>\n<\/div>\n<div class=\"span5\">\n<p>&nbsp;<\/p>\n<\/div>\n<\/section>\n<section class=\"blocContenu row-fluid benefit\">\n<div class=\"span2 image\">\n<div class=\"row-fluid\">\n<div class=\"span10 offset1\"><img decoding=\"async\" title=\"\" src=\"https:\/\/www.deltaplus.com.ar\/documents\/10194\/11530246\/M9200+ROTOR+GALAXY+bag.jpg\/c238c438-9736-4606-918c-830781ff27dd?version=1.0&amp;t=1668772887902&amp;imageThumbnail=1\" alt=\"\" data-src=\"\" \/><\/div>\n<\/div>\n<\/div>\n<div class=\"span5\">\n<p>&nbsp;<\/p>\n<\/div>\n<div class=\"span5\">\n<p>&nbsp;<\/p>\n<\/div>\n<\/section>\n<\/div>\n<\/section>\n<section id=\"sectionReferences\" class=\"blocAccordion\">\n<div class=\"titreAccordion ui-accordion-header ui-accordion-header-active ui-state-active\">REFERENCIAS<\/div>\n<div class=\"contentAccordion ui-accordion-content ui-accordion-content-active\">\n<table id=\"tabReferences\" class=\"table table-hover footable toggle-circle default footable-loaded\">\n<thead>\n<tr>\n<th class=\"refArticle footable-visible footable-first-column\">REFERENCIA<\/th>\n<th class=\"eanArticle footable-visible\">C\u00d3DIGO DE BARRAS<\/th>\n<th class=\"pcbArticle footable-visible\"><\/th>\n<th class=\"spcbArticle footable-visible\"><\/th>\n<th class=\"groupingRuleArticle footable-visible\" data-hide=\"phone\" data-grouping-label=\"Color Art\u00edculo\">COLOR ART\u00cdCULO<\/th>\n<th class=\"groupingRuleArticle footable-visible footable-last-column\" data-hide=\"phone\" data-grouping-label=\"Talla Art\u00edculo\">TALLA ART\u00cdCULO<\/th>\n<\/tr>\n<\/thead>\n<tfoot><\/tfoot>\n<tbody>\n<tr>\n<td class=\"refArticle footable-visible footable-first-column\" data-ref=\"M9300NO\">M9300NO-M9300 STRAP GAL<\/td>\n<td class=\"eanArticle footable-visible\">3295249154837<\/td>\n<td class=\"pcbArticle footable-visible\" data-vl=\"11\" data-pcb=\"6\" data-spcb=\"1\" data-partitionable=\"true\">6<\/td>\n<td class=\"spcbArticle footable-visible\">1<\/td>\n<td class=\"groupingRuleArticle footable-visible\" data-grouping-label=\"Color Art\u00edculo\" data-grouping-value=\"Negro-Naranja\">Negro-Naranja<\/td>\n<td class=\"groupingRuleArticle footable-visible footable-last-column\" data-grouping-label=\"Talla Art\u00edculo\" data-grouping-value=\"Ajustable\">Ajustable<\/td>\n<\/tr>\n<\/tbody>\n<\/table>\n<\/div>\n<\/section>\n<section id=\"sectionNormes\" class=\"blocAccordion\">\n<div class=\"titreAccordion ui-accordion-header ui-accordion-header-active ui-state-active\">CERTIFICACIONES &#8211; NORMAS<\/div>\n<div class=\"contentAccordion ui-accordion-content ui-accordion-content-active\">\n<section class=\"blocContenu row-fluid blocContenu-first groupeDirectives\">\n<div class=\"row-fluid legislation\">\n<div class=\"span12\">\n<p class=\"headerLegislation\"><span class=\"pictoLegislation LEG011\"><img decoding=\"async\" title=\"REGLAMENTACI\u00d3N (UE) 2016\/425\" src=\"https:\/\/www.deltaplus.com.ar\/documents\/10194\/11466796\/Picto+CE.jpg\/d8dafaa5-8c2b-4094-b6a5-907872154b9f?version=1.0&amp;t=1668767732612&amp;imageThumbnail=1\" alt=\"REGLAMENTACI\u00d3N (UE) 2016\/425\" \/>\u00a0<\/span><span class=\"libLegislation\">REGLAMENTACI\u00d3N (UE) 2016\/425<\/span><\/p>\n<\/div>\n<\/div>\n<div class=\"row-fluid norme\">\n<div class=\"span1 pictoNorme\"><\/div>\n<div class=\"span11 libNorme\">\n<p><span class=\"normLib\" data-norm-code=\"0\">EN136:1998\u00a0Exigencias minimales de las mascaras completas\u00a0\u00a0<i class=\"icon-ord-info\"><\/i><\/span><\/p>\n<table class=\"performanceNorme\">\n<tbody>\n<tr>\n<td class=\"shortLabelPerf\">CLASE<\/td>\n<td class=\"valeurPerf\">3<\/td>\n<td class=\"libPerf\">Clase<\/td>\n<\/tr>\n<\/tbody>\n<\/table>\n<\/div>\n<\/div>\n<div class=\"row-fluid norme\">\n<div class=\"span1 pictoNorme\"><\/div>\n<div class=\"span11 libNorme\">\n<p><span class=\"normLib\" data-norm-code=\"1\">EN148-1:1999\u00a0Aparatos de protecci\u00f3n respiratoria &#8211; Roscas para piezas faciales &#8211; Parte 1: Conector de rosca est\u00e1ndar\u00a0\u00a0<\/span><\/p>\n<\/div>\n<\/div>\n<\/section>\n<\/div>\n<\/section>\n","protected":false},"excerpt":{"rendered":"<p>M\u00e1scara completa respiratoria de silicona ajustable con bandas. Ocular de policarbonato con campo de visi\u00f3n extra ancho (210\u00b0)<\/p>\n","protected":false},"featured_media":9941,"template":"","meta":{"_joinchat":[]},"product_cat":[787,567],"product_tag":[569],"class_list":{"0":"post-2402","1":"product","2":"type-product","3":"status-publish","4":"has-post-thumbnail","6":"product_cat-proteccion-de-cabeza","7":"product_cat-proteccion-respiratoria","8":"product_tag-proteccion-reutilizable","10":"first","11":"instock","12":"taxable","13":"shipping-taxable","14":"product-type-simple"},"_links":{"self":[{"href":"https:\/\/lidertecsa.com.ar\/catalogo\/wp-json\/wp\/v2\/product\/2402"}],"collection":[{"href":"https:\/\/lidertecsa.com.ar\/catalogo\/wp-json\/wp\/v2\/product"}],"about":[{"href":"https:\/\/lidertecsa.com.ar\/catalogo\/wp-json\/wp\/v2\/types\/product"}],"wp:featuredmedia":[{"embeddable":true,"href":"https:\/\/lidertecsa.com.ar\/catalogo\/wp-json\/wp\/v2\/media\/9941"}],"wp:attachment":[{"href":"https:\/\/lidertecsa.com.ar\/catalogo\/wp-json\/wp\/v2\/media?parent=2402"}],"wp:term":[{"taxonomy":"product_cat","embeddable":true,"href":"https:\/\/lidertecsa.com.ar\/catalogo\/wp-json\/wp\/v2\/product_cat?post=2402"},{"taxonomy":"product_tag","embeddable":true,"href":"https:\/\/lidertecsa.com.ar\/catalogo\/wp-json\/wp\/v2\/product_tag?post=2402"}],"curies":[{"name":"wp","href":"https:\/\/api.w.org\/{rel}","templated":true}]}}