{"id":2394,"date":"2023-07-04T02:18:00","date_gmt":"2023-07-04T05:18:00","guid":{"rendered":"https:\/\/lidertecsa.com.ar\/catalogo\/?post_type=product&#038;p=2394"},"modified":"2024-12-13T16:33:24","modified_gmt":"2024-12-13T19:33:24","slug":"semi-mascara-de-pp-sobreinyeccion-en-termoplastico-jupiter","status":"publish","type":"product","link":"https:\/\/lidertecsa.com.ar\/catalogo\/producto\/semi-mascara-de-pp-sobreinyeccion-en-termoplastico-jupiter\/","title":{"rendered":"Semi-M\u00e1scara De Pp &#8211; Sobreinyecci\u00f3n En Termopl\u00e1stico Jupiter"},"content":{"rendered":"<section id=\"sectionCarac\" class=\"blocAccordion\">\n<div class=\"titreAccordion ui-accordion-header ui-accordion-header-active ui-state-active\">CARACTER\u00cdSTICAS DEL PRODUCTO<\/div>\n<div class=\"contentAccordion ui-accordion-content ui-accordion-content-active\">\n<section class=\"blocContenu blocContenu-first\">\n<div>Semim\u00e1scara confort, 2 filros : Cuerpo de la m\u00e1scara en polipropileno (PP) &#8211; sobreinyecci\u00f3n en termopl\u00e1stico (TPE). Correas el\u00e1sticas. Para uso con 2 filtros de la serie M6000, vendidos por separado. Embalaje en bl\u00edster.<\/div>\n<\/section>\n<section class=\"blocContenu\">\n<div>Semi m\u00e1scara : polipropileno con sobreinyecci\u00f3n en termopl\u00e1stico<br \/>\nCorreas : Elastano.<\/div>\n<\/section>\n<section class=\"blocContenu\"><img decoding=\"async\" class=\"pictosST50 pictosStruct\" title=\"Evolution\" src=\"https:\/\/www.deltaplus.com.ar\/documents\/10194\/11468382\/logo+evolution.jpg\/33e01a8f-3db9-44d5-b841-606d74785f94?version=1.0&amp;t=1668767793662&amp;imageThumbnail=1\" alt=\"Evolution\" \/><\/section>\n<section class=\"blocContenu\">\n<div>\n<div class=\"titleh1\"><span class=\"titre\">Ref. :\u00a0<\/span><span class=\"lib\">M6400JUPITER<\/span><\/div>\n<\/div>\n<\/section>\n<\/div>\n<\/section>\n<section id=\"sectionUtilisations\" class=\"blocAccordion\">\n<div class=\"titreAccordion ui-accordion-header ui-accordion-header-active ui-state-active\">USOS DEL PRODUCTO &#8211; RIESGOS<\/div>\n<div class=\"contentAccordion ui-accordion-content ui-accordion-content-active\">\n<div class=\"linePictos blocContenu\">\n<div class=\"blocProductUse\"><img decoding=\"async\" class=\"pictosST70 pictosStruct\" title=\"Second \u0153uvre \/ Artisans\" src=\"https:\/\/www.deltaplus.com.ar\/documents\/10194\/11466796\/Picto+jobs.jpg\/128234e7-7b4a-4fa4-a0d9-d331be61cb14?version=1.0&amp;t=1668767694159&amp;imageThumbnail=1\" alt=\"Second \u0153uvre \/ Artisans\" \/><span id=\"picto_8575995\">Second \u0153uvre \/ Artisans<\/span><\/div>\n<div class=\"blocProductUse\"><img decoding=\"async\" class=\"pictosST70 pictosStruct\" title=\"Agriculture \/ Industrie foresti\u00e8re &amp; P\u00eache\" src=\"https:\/\/www.deltaplus.com.ar\/documents\/10194\/11466796\/Picto+jobs.jpg\/128234e7-7b4a-4fa4-a0d9-d331be61cb14?version=1.0&amp;t=1668767694159&amp;imageThumbnail=1\" alt=\"Agriculture \/ Industrie foresti\u00e8re &amp; P\u00eache\" \/><span id=\"picto_8575992\">Agriculture \/ Industrie foresti\u00e8re &amp; P\u00eache<\/span><\/div>\n<div class=\"blocProductUse\"><img decoding=\"async\" class=\"pictosST70 pictosStruct\" title=\"Maintenance\" src=\"https:\/\/www.deltaplus.com.ar\/documents\/10194\/11466796\/Picto+jobs.jpg\/128234e7-7b4a-4fa4-a0d9-d331be61cb14?version=1.0&amp;t=1668767694159&amp;imageThumbnail=1\" alt=\"Maintenance\" \/><span id=\"picto_8576005\">Maintenance<\/span><\/div>\n<div class=\"blocProductUse\"><img decoding=\"async\" class=\"pictosST70 pictosStruct\" title=\"Transport \/ Transport maritime\" src=\"https:\/\/www.deltaplus.com.ar\/documents\/10194\/11466796\/Picto+jobs.jpg\/128234e7-7b4a-4fa4-a0d9-d331be61cb14?version=1.0&amp;t=1668767694159&amp;imageThumbnail=1\" alt=\"Transport \/ Transport maritime\" \/><span id=\"picto_8576499\">Transport \/ Transport maritime<\/span><\/div>\n<div class=\"blocProductUse\"><img decoding=\"async\" class=\"pictosST70 pictosStruct\" title=\"Travailleurs temporaires \/ \u00c9ducation\" src=\"https:\/\/www.deltaplus.com.ar\/documents\/10194\/11466796\/Picto+jobs.jpg\/128234e7-7b4a-4fa4-a0d9-d331be61cb14?version=1.0&amp;t=1668767694159&amp;imageThumbnail=1\" alt=\"Travailleurs temporaires \/ \u00c9ducation\" \/><span id=\"picto_8576928\">Travailleurs temporaires \/ \u00c9ducation<\/span><\/div>\n<div class=\"blocProductUse\"><img decoding=\"async\" class=\"pictosST70 pictosStruct\" title=\"Autres industries extractives\" src=\"https:\/\/www.deltaplus.com.ar\/documents\/10194\/11466796\/Picto+jobs.jpg\/128234e7-7b4a-4fa4-a0d9-d331be61cb14?version=1.0&amp;t=1668767694159&amp;imageThumbnail=1\" alt=\"Autres industries extractives\" \/><span id=\"picto_8576008\">Autres industries extractives<\/span><\/div>\n<\/div>\n<div class=\"linePictos blocContenu\">\n<div class=\"blocProductUse\"><img decoding=\"async\" class=\"pictosST60 pictosStruct\" title=\"Biol\u00f3gicos\" src=\"https:\/\/www.deltaplus.com.ar\/documents\/10194\/11466796\/Biological.jpg\/730613ec-05dd-4710-a41c-6cf7da9c73bc?version=1.0&amp;t=1668767645720&amp;imageThumbnail=1\" alt=\"Biol\u00f3gicos\" \/>Biol\u00f3gicos<\/div>\n<div class=\"blocProductUse\"><img decoding=\"async\" class=\"pictosST60 pictosStruct\" title=\"Particules\" src=\"https:\/\/www.deltaplus.com.ar\/documents\/10194\/11466796\/Particule.jpg\/a1e3876f-ede0-4bba-bfd2-15e5ff45cc0e?version=1.0&amp;t=1668767699871&amp;imageThumbnail=1\" alt=\"Particules\" \/>Particules<\/div>\n<\/div>\n<section class=\"blocContenu\"><a href=\"http:\/\/respiratory.deltaplus.eu\/fr\/\" target=\"_blank\" rel=\"noopener\"><img decoding=\"async\" src=\"https:\/\/www.deltaplus.eu\/documents\/6040686\/11732304\/bouton+D-finder+fiole+chimique+jaune+OK.jpg\/4eb07505-cdc9-4dd0-9c0f-8835906e914e?t=1474538535429\" alt=\"\" width=\"200\" height=\"45\" \/><\/a><\/section>\n<\/div>\n<\/section>\n<section id=\"sectionPlusProduits\" class=\"blocAccordion\">\n<div class=\"titreAccordion ui-accordion-header ui-accordion-header-active ui-state-active\">LOS PRODUCTOS + &#8211; BENEFICIOS PARA EL USUARIO<\/div>\n<div class=\"contentAccordion ui-accordion-content ui-accordion-content-active\">\n<section class=\"blocContenu row-fluid benefit\">\n<div class=\"span2 image\">\n<div class=\"row-fluid\">\n<div class=\"span10 offset1\"><img decoding=\"async\" title=\"\" src=\"https:\/\/www.deltaplus.com.ar\/documents\/10194\/11530246\/M6200+anchorage.jpg\/7896dfba-ec41-462f-9bb9-2b5385016a84?version=1.0&amp;t=1668772623726&amp;imageThumbnail=1\" alt=\"\" data-src=\"\" \/><\/div>\n<\/div>\n<\/div>\n<div class=\"span5\">\n<p>Ajuste con muesca a presi\u00f3n<br \/>\nM6100 &#8211; M6200<\/p>\n<\/div>\n<div class=\"span5\">\n<p>&nbsp;<\/p>\n<\/div>\n<\/section>\n<\/div>\n<\/section>\n<section id=\"sectionReferences\" class=\"blocAccordion\">\n<div class=\"titreAccordion ui-accordion-header ui-accordion-header-active ui-state-active\">REFERENCIAS<\/div>\n<div class=\"contentAccordion ui-accordion-content ui-accordion-content-active\">\n<table id=\"tabReferences\" class=\"table table-hover footable toggle-circle default footable-loaded\">\n<thead>\n<tr>\n<th class=\"refArticle footable-visible footable-first-column\">REFERENCIA<\/th>\n<th class=\"eanArticle footable-visible\">C\u00d3DIGO DE BARRAS<\/th>\n<th class=\"pcbArticle footable-visible\"><\/th>\n<th class=\"spcbArticle footable-visible\"><\/th>\n<th class=\"groupingRuleArticle footable-visible\" data-hide=\"phone\" data-grouping-label=\"Color Art\u00edculo\">COLOR ART\u00cdCULO<\/th>\n<th class=\"groupingRuleArticle footable-visible footable-last-column\" data-hide=\"phone\" data-grouping-label=\"Talla Art\u00edculo\">TALLA ART\u00cdCULO<\/th>\n<\/tr>\n<\/thead>\n<tfoot><\/tfoot>\n<tbody>\n<tr>\n<td class=\"refArticle footable-visible footable-first-column\" data-ref=\"M6400GT\">M6400GT-M6400 JUPITER<\/td>\n<td class=\"eanArticle footable-visible\">3295249198503<\/td>\n<td class=\"pcbArticle footable-visible\" data-vl=\"11\" data-pcb=\"20\" data-spcb=\"0\" data-partitionable=\"true\">20<\/td>\n<td class=\"spcbArticle footable-visible\"><\/td>\n<td class=\"groupingRuleArticle footable-visible\" data-grouping-label=\"Color Art\u00edculo\" data-grouping-value=\"Negro-Gris\">Negro-Gris<\/td>\n<td class=\"groupingRuleArticle footable-visible footable-last-column\" data-grouping-label=\"Talla Art\u00edculo\" data-grouping-value=\"M\/L\">M\/L<\/td>\n<\/tr>\n<\/tbody>\n<\/table>\n<\/div>\n<\/section>\n<section id=\"sectionNormes\" class=\"blocAccordion\">\n<div class=\"titreAccordion ui-accordion-header ui-accordion-header-active ui-state-active\">CERTIFICACIONES &#8211; NORMAS<\/div>\n<div class=\"contentAccordion ui-accordion-content ui-accordion-content-active\">\n<section class=\"blocContenu row-fluid blocContenu-first groupeDirectives\">\n<div class=\"row-fluid legislation\">\n<div class=\"span12\">\n<p class=\"headerLegislation\"><span class=\"pictoLegislation LEG011\"><img decoding=\"async\" title=\"REGLAMENTACI\u00d3N (UE) 2016\/425\" src=\"https:\/\/www.deltaplus.com.ar\/documents\/10194\/11466796\/Picto+CE.jpg\/d8dafaa5-8c2b-4094-b6a5-907872154b9f?version=1.0&amp;t=1668767732612&amp;imageThumbnail=1\" alt=\"REGLAMENTACI\u00d3N (UE) 2016\/425\" \/>\u00a0<\/span><span class=\"libLegislation\">REGLAMENTACI\u00d3N (UE) 2016\/425<\/span><\/p>\n<\/div>\n<\/div>\n<div class=\"row-fluid norme\">\n<div class=\"span1 pictoNorme\"><\/div>\n<div class=\"span11 libNorme\">\n<p><span class=\"normLib\" data-norm-code=\"0\">EN140:1998\u00a0Exigencias minimales de las semi m\u00e1scaras \u00f3 cuartos de mascaras\u00a0\u00a0<\/span><\/p>\n<\/div>\n<\/div>\n<\/section>\n<\/div>\n<\/section>\n","protected":false},"excerpt":{"rendered":"<p>Semim\u00e1scara confort, 2 filros : Cuerpo de la m\u00e1scara en polipropileno (PP) &#8211; sobreinyecci\u00f3n en termopl\u00e1stico (TPE). Correas el\u00e1sticas. Para uso con 2 filtros de la serie M6000, vendidos por separado. Embalaje en bl\u00edster<\/p>\n","protected":false},"featured_media":9977,"template":"","meta":{"_joinchat":[]},"product_cat":[787,567],"product_tag":[569],"class_list":{"0":"post-2394","1":"product","2":"type-product","3":"status-publish","4":"has-post-thumbnail","6":"product_cat-proteccion-de-cabeza","7":"product_cat-proteccion-respiratoria","8":"product_tag-proteccion-reutilizable","10":"first","11":"instock","12":"taxable","13":"shipping-taxable","14":"product-type-simple"},"_links":{"self":[{"href":"https:\/\/lidertecsa.com.ar\/catalogo\/wp-json\/wp\/v2\/product\/2394"}],"collection":[{"href":"https:\/\/lidertecsa.com.ar\/catalogo\/wp-json\/wp\/v2\/product"}],"about":[{"href":"https:\/\/lidertecsa.com.ar\/catalogo\/wp-json\/wp\/v2\/types\/product"}],"wp:featuredmedia":[{"embeddable":true,"href":"https:\/\/lidertecsa.com.ar\/catalogo\/wp-json\/wp\/v2\/media\/9977"}],"wp:attachment":[{"href":"https:\/\/lidertecsa.com.ar\/catalogo\/wp-json\/wp\/v2\/media?parent=2394"}],"wp:term":[{"taxonomy":"product_cat","embeddable":true,"href":"https:\/\/lidertecsa.com.ar\/catalogo\/wp-json\/wp\/v2\/product_cat?post=2394"},{"taxonomy":"product_tag","embeddable":true,"href":"https:\/\/lidertecsa.com.ar\/catalogo\/wp-json\/wp\/v2\/product_tag?post=2394"}],"curies":[{"name":"wp","href":"https:\/\/api.w.org\/{rel}","templated":true}]}}