{"id":2369,"date":"2023-07-04T01:52:07","date_gmt":"2023-07-04T04:52:07","guid":{"rendered":"https:\/\/lidertecsa.com.ar\/catalogo\/?post_type=product&#038;p=2369"},"modified":"2024-12-13T16:33:22","modified_gmt":"2024-12-13T19:33:22","slug":"tapones-auditivos-reutilizables-silicona-c-condon-100un","status":"publish","type":"product","link":"https:\/\/lidertecsa.com.ar\/catalogo\/producto\/tapones-auditivos-reutilizables-silicona-c-condon-100un\/","title":{"rendered":"Tapones Auditivos Reutilizables Silicona C\/ Condon (100UN)"},"content":{"rendered":"<section id=\"sectionCarac\" class=\"blocAccordion\">\n<div class=\"titreAccordion ui-accordion-header ui-accordion-header-active ui-state-active\">CARACTER\u00cdSTICAS DEL PRODUCTO<\/div>\n<div class=\"contentAccordion ui-accordion-content ui-accordion-content-active\">\n<section class=\"blocContenu blocContenu-first\">\n<div>Caja distribuidora de 100 pares de tapones auditivos de silicona reutilizables, con cord\u00f3n PVC. Utilizables con o sin cord\u00f3n. Saquito de pl\u00e1stico individual de 2 tapones.<\/div>\n<\/section>\n<section class=\"blocContenu\">\n<div>Silicona flexible.<br \/>\nCordoncito : PVC.<\/div>\n<\/section>\n<section class=\"blocContenu\"><img decoding=\"async\" class=\"pictosST50 pictosStruct\" title=\"Evolution\" src=\"https:\/\/www.deltaplus.com.ar\/documents\/10194\/11468382\/logo+evolution.jpg\/33e01a8f-3db9-44d5-b841-606d74785f94?version=1.0&amp;t=1668767793662&amp;imageThumbnail=1\" alt=\"Evolution\" \/><\/section>\n<section class=\"blocContenu\">\n<div>\n<div class=\"titleh1\"><span class=\"titre\">Ref. :\u00a0<\/span><span class=\"lib\">CONICFIT100<\/span><\/div>\n<\/div>\n<\/section>\n<\/div>\n<\/section>\n<section id=\"sectionUtilisations\" class=\"blocAccordion\">\n<div class=\"titreAccordion ui-accordion-header ui-accordion-header-active ui-state-active\">USOS DEL PRODUCTO &#8211; RIESGOS<\/div>\n<div class=\"contentAccordion ui-accordion-content ui-accordion-content-active\">\n<div class=\"linePictos blocContenu\">\n<div class=\"blocProductUse\"><img decoding=\"async\" class=\"pictosST70 pictosStruct\" title=\"Automobile\" src=\"https:\/\/www.deltaplus.com.ar\/documents\/10194\/11466796\/Picto+jobs.jpg\/128234e7-7b4a-4fa4-a0d9-d331be61cb14?version=1.0&amp;t=1668767694159&amp;imageThumbnail=1\" alt=\"Automobile\" \/><span id=\"picto_8576001\">Automobile<\/span><\/div>\n<div class=\"blocProductUse\"><img decoding=\"async\" class=\"pictosST70 pictosStruct\" title=\"Poste\" src=\"https:\/\/www.deltaplus.com.ar\/documents\/10194\/11466796\/Picto+jobs.jpg\/128234e7-7b4a-4fa4-a0d9-d331be61cb14?version=1.0&amp;t=1668767694159&amp;imageThumbnail=1\" alt=\"Poste\" \/><span id=\"picto_8576921\">Poste<\/span><\/div>\n<div class=\"blocProductUse\"><img decoding=\"async\" class=\"pictosST70 pictosStruct\" title=\"Travailleurs temporaires \/ \u00c9ducation\" src=\"https:\/\/www.deltaplus.com.ar\/documents\/10194\/11466796\/Picto+jobs.jpg\/128234e7-7b4a-4fa4-a0d9-d331be61cb14?version=1.0&amp;t=1668767694159&amp;imageThumbnail=1\" alt=\"Travailleurs temporaires \/ \u00c9ducation\" \/><span id=\"picto_8576928\">Travailleurs temporaires \/ \u00c9ducation<\/span><\/div>\n<div class=\"blocProductUse\"><img decoding=\"async\" class=\"pictosST70 pictosStruct\" title=\"Second \u0153uvre \/ Artisans\" src=\"https:\/\/www.deltaplus.com.ar\/documents\/10194\/11466796\/Picto+jobs.jpg\/128234e7-7b4a-4fa4-a0d9-d331be61cb14?version=1.0&amp;t=1668767694159&amp;imageThumbnail=1\" alt=\"Second \u0153uvre \/ Artisans\" \/><span id=\"picto_8575995\">Second \u0153uvre \/ Artisans<\/span><\/div>\n<div class=\"blocProductUse\"><img decoding=\"async\" class=\"pictosST70 pictosStruct\" title=\"T\u00e9l\u00e9communication\" src=\"https:\/\/www.deltaplus.com.ar\/documents\/10194\/11466796\/Picto+jobs.jpg\/128234e7-7b4a-4fa4-a0d9-d331be61cb14?version=1.0&amp;t=1668767694159&amp;imageThumbnail=1\" alt=\"T\u00e9l\u00e9communication\" \/><span id=\"picto_8575999\">T\u00e9l\u00e9communication<\/span><\/div>\n<\/div>\n<\/div>\n<\/section>\n<section id=\"sectionPlusProduits\" class=\"blocAccordion\">\n<div class=\"titreAccordion ui-accordion-header ui-accordion-header-active ui-state-active\">LOS PRODUCTOS + &#8211; BENEFICIOS PARA EL USUARIO<\/div>\n<div class=\"contentAccordion ui-accordion-content ui-accordion-content-active\">\n<section class=\"blocContenu row-fluid benefit\">\n<div class=\"span2 image\">\n<div class=\"row-fluid\">\n<div class=\"span10 offset1\"><img decoding=\"async\" title=\"\" src=\"https:\/\/www.deltaplus.com.ar\/documents\/10194\/11530246\/SNR_orange_30-35dB.jpg\/83340da7-baf1-45af-991e-f47970f165e8?version=1.0&amp;t=1668773235532&amp;imageThumbnail=1\" alt=\"\" data-src=\"\" \/><\/div>\n<\/div>\n<\/div>\n<div class=\"span5\">\n<p>&nbsp;<\/p>\n<\/div>\n<div class=\"span5\">\n<p>&nbsp;<\/p>\n<\/div>\n<\/section>\n<section class=\"blocContenu row-fluid benefit\">\n<div class=\"span2 image\">\n<div class=\"row-fluid\">\n<div class=\"span10 offset1\"><\/div>\n<\/div>\n<\/div>\n<div class=\"span5\">\n<p>&nbsp;<\/p>\n<\/div>\n<div class=\"span5\">\n<p>&nbsp;<\/p>\n<\/div>\n<\/section>\n<\/div>\n<\/section>\n<section id=\"sectionReferences\" class=\"blocAccordion\">\n<div class=\"titreAccordion ui-accordion-header ui-accordion-header-active ui-state-active\">REFERENCIAS<\/div>\n<div class=\"contentAccordion ui-accordion-content ui-accordion-content-active\">\n<table id=\"tabReferences\" class=\"table table-hover footable toggle-circle default footable-loaded\">\n<thead>\n<tr>\n<th class=\"refArticle footable-visible footable-first-column\">REFERENCIA<\/th>\n<th class=\"eanArticle footable-visible\">C\u00d3DIGO DE BARRAS<\/th>\n<th class=\"pcbArticle footable-visible\"><\/th>\n<th class=\"spcbArticle footable-visible\"><\/th>\n<th class=\"groupingRuleArticle footable-visible\" data-hide=\"phone\" data-grouping-label=\"Color Art\u00edculo\">COLOR ART\u00cdCULO<\/th>\n<th class=\"groupingRuleArticle footable-visible footable-last-column\" data-hide=\"phone\" data-grouping-label=\"Talla Art\u00edculo\">TALLA ART\u00cdCULO<\/th>\n<\/tr>\n<\/thead>\n<tfoot><\/tfoot>\n<\/table>\n<\/div>\n<\/section>\n<section id=\"sectionNormes\" class=\"blocAccordion\">\n<div class=\"titreAccordion ui-accordion-header ui-accordion-header-active ui-state-active\">CERTIFICACIONES &#8211; NORMAS<\/div>\n<div class=\"contentAccordion ui-accordion-content ui-accordion-content-active\">\n<section class=\"blocContenu row-fluid blocContenu-first groupeDirectives\">\n<div class=\"row-fluid legislation\">\n<div class=\"span12\">\n<p class=\"headerLegislation\"><span class=\"pictoLegislation LEG300\"><img decoding=\"async\" title=\"Certif. sello S Resoluci\u00f3n 896\/99\" src=\"https:\/\/www.deltaplus.com.ar\/documents\/10194\/11468382\/LOGO+IRAM+S+PARA+GUANTES.jpg\/7f981917-2bd9-40d8-9f54-16815214e026?version=1.0&amp;t=1668767788510&amp;imageThumbnail=1\" alt=\"Certif. sello S Resoluci\u00f3n 896\/99\" \/>\u00a0<\/span><span class=\"libLegislation\">CERTIF. SELLO S RESOLUCI\u00d3N 896\/99<\/span><\/p>\n<\/div>\n<\/div>\n<div class=\"row-fluid norme\">\n<div class=\"span1 pictoNorme\"><\/div>\n<div class=\"span11 libNorme\">\n<p><span class=\"normLib\" data-norm-code=\"0\">EN352-2\u00a0Protecciones auditivas : Tapones de oido\u00a0\u00a0<i class=\"icon-ord-info\"><\/i><\/span><\/p>\n<\/div>\n<\/div>\n<div class=\"row-fluid legislation\">\n<div class=\"span12\">\n<p class=\"headerLegislation\"><span class=\"libLegislation\">USA STANDARDS<\/span><\/p>\n<\/div>\n<\/div>\n<div class=\"row-fluid norme\">\n<div class=\"span1 pictoNorme\"><span data-norm-code=\"0\"><img decoding=\"async\" title=\"Instituto americano de normalizaci\u00f3n\" src=\"https:\/\/www.deltaplus.com.ar\/documents\/10194\/11466796\/ANSI.jpg\/2fb255aa-64ff-4d30-9a92-5012ee710762?version=1.0&amp;t=1668767745648&amp;imageThumbnail=1\" alt=\"Instituto americano de normalizaci\u00f3n\" \/><\/span><\/div>\n<div class=\"span11 libNorme\">\n<p><span class=\"normLib\" data-norm-code=\"0\">ANSI S3.19-1974\u00a0Instituto americano de normalizaci\u00f3n\u00a0\u00a0<i class=\"icon-ord-info\"><\/i><\/span><\/p>\n<table class=\"performanceNorme\">\n<tbody>\n<tr>\n<td class=\"shortLabelPerf\"><\/td>\n<td class=\"valeurPerf\">NRR 26 dB<\/td>\n<td class=\"libPerf\">NRR (Noise Reduction Rating &#8211; \u00cdndice de reducci\u00f3n del ruido)<\/td>\n<\/tr>\n<\/tbody>\n<\/table>\n<\/div>\n<\/div>\n<div class=\"row-fluid legislation\">\n<div class=\"span12\">\n<p class=\"headerLegislation\"><span class=\"pictoLegislation LEG011\"><img decoding=\"async\" title=\"REGLAMENTACI\u00d3N (UE) 2016\/425\" src=\"https:\/\/www.deltaplus.com.ar\/documents\/10194\/11466796\/Picto+CE.jpg\/d8dafaa5-8c2b-4094-b6a5-907872154b9f?version=1.0&amp;t=1668767732612&amp;imageThumbnail=1\" alt=\"REGLAMENTACI\u00d3N (UE) 2016\/425\" \/>\u00a0<\/span><span class=\"libLegislation\">REGLAMENTACI\u00d3N (UE) 2016\/425<\/span><\/p>\n<\/div>\n<\/div>\n<div class=\"row-fluid norme\">\n<div class=\"span1 pictoNorme\"><\/div>\n<div class=\"span11 libNorme\">\n<p><span class=\"normLib\" data-norm-code=\"0\">EN352-2:2002\u00a0Protecciones auditivas : Tapones de oido\u00a0\u00a0<i class=\"icon-ord-info\"><\/i><\/span><\/p>\n<table class=\"performanceNorme\">\n<tbody>\n<tr>\n<td class=\"shortLabelPerf\"><\/td>\n<td class=\"valeurPerf\">SNR 32 dB<\/td>\n<td class=\"libPerf\">Atenuaci\u00f3n promedio de ruido<\/td>\n<\/tr>\n<tr>\n<td class=\"shortLabelPerf\"><\/td>\n<td class=\"valeurPerf\">H 32<\/td>\n<td class=\"libPerf\">Atenuaci\u00f3n de alta frecuencia<\/td>\n<\/tr>\n<tr>\n<td class=\"shortLabelPerf\"><\/td>\n<td class=\"valeurPerf\">M 29<\/td>\n<td class=\"libPerf\">Atenuaci\u00f3n de frecuencia media<\/td>\n<\/tr>\n<tr>\n<td class=\"shortLabelPerf\"><\/td>\n<td class=\"valeurPerf\">L 28<\/td>\n<td class=\"libPerf\">Atenuaci\u00f3n de baja frecuencia<\/td>\n<\/tr>\n<tr>\n<td class=\"shortLabelPerf\"><\/td>\n<td class=\"valeurPerf\">\u00d8 8-12 mm<\/td>\n<td class=\"libPerf\">Tallas \/ Dimensiones<\/td>\n<\/tr>\n<\/tbody>\n<\/table>\n<\/div>\n<\/div>\n<\/section>\n<\/div>\n<\/section>\n","protected":false},"excerpt":{"rendered":"<p>Caja distribuidora de 100 pares de tapones auditivos de silicona reutilizables, con cord\u00f3n PVC. Utilizables con o sin cord\u00f3n. Saquito de pl\u00e1stico individual de 2 tapones.<\/p>\n","protected":false},"featured_media":9969,"template":"","meta":{"_joinchat":[]},"product_cat":[787,563],"product_tag":[566],"class_list":{"0":"post-2369","1":"product","2":"type-product","3":"status-publish","4":"has-post-thumbnail","6":"product_cat-proteccion-de-cabeza","7":"product_cat-proteccion-auditiva","8":"product_tag-tapones-auditivos-reutilizables","10":"first","11":"instock","12":"taxable","13":"shipping-taxable","14":"product-type-simple"},"_links":{"self":[{"href":"https:\/\/lidertecsa.com.ar\/catalogo\/wp-json\/wp\/v2\/product\/2369"}],"collection":[{"href":"https:\/\/lidertecsa.com.ar\/catalogo\/wp-json\/wp\/v2\/product"}],"about":[{"href":"https:\/\/lidertecsa.com.ar\/catalogo\/wp-json\/wp\/v2\/types\/product"}],"wp:featuredmedia":[{"embeddable":true,"href":"https:\/\/lidertecsa.com.ar\/catalogo\/wp-json\/wp\/v2\/media\/9969"}],"wp:attachment":[{"href":"https:\/\/lidertecsa.com.ar\/catalogo\/wp-json\/wp\/v2\/media?parent=2369"}],"wp:term":[{"taxonomy":"product_cat","embeddable":true,"href":"https:\/\/lidertecsa.com.ar\/catalogo\/wp-json\/wp\/v2\/product_cat?post=2369"},{"taxonomy":"product_tag","embeddable":true,"href":"https:\/\/lidertecsa.com.ar\/catalogo\/wp-json\/wp\/v2\/product_tag?post=2369"}],"curies":[{"name":"wp","href":"https:\/\/api.w.org\/{rel}","templated":true}]}}