{"id":2319,"date":"2023-07-04T00:43:47","date_gmt":"2023-07-04T03:43:47","guid":{"rendered":"https:\/\/lidertecsa.com.ar\/catalogo\/?post_type=product&#038;p=2319"},"modified":"2024-12-13T16:33:18","modified_gmt":"2024-12-13T19:33:18","slug":"gafas-panoramicas-d-policarbonato-ruiz-ajustable","status":"publish","type":"product","link":"https:\/\/lidertecsa.com.ar\/catalogo\/producto\/gafas-panoramicas-d-policarbonato-ruiz-ajustable\/","title":{"rendered":"Gafas Panor\u00e1micas D\/ Policarbonato &#8211; Ruiz Ajustable"},"content":{"rendered":"<section id=\"sectionCarac\" class=\"blocAccordion\">\n<div class=\"titreAccordion ui-accordion-header ui-accordion-header-active ui-state-active\">CARACTER\u00cdSTICAS DEL PRODUCTO<\/div>\n<div class=\"contentAccordion ui-accordion-content ui-accordion-content-active\">\n<section class=\"blocContenu blocContenu-first\">\n<div>Gafas panor\u00e1micas de policarbonato incoloro. Montura flexible de PVC. Ventilaci\u00f3n directa. Cinta el\u00e1stica tejida.<\/div>\n<\/section>\n<section class=\"blocContenu\">\n<div>Montura : PVC flexible<br \/>\nPantalla : policarbonato<\/div>\n<\/section>\n<section class=\"blocContenu\"><img decoding=\"async\" class=\"pictosST50 pictosStruct\" title=\"Essential\" src=\"https:\/\/www.deltaplus.com.ar\/documents\/10194\/11468382\/logo+essential.jpg\/54bcc756-a023-45d3-a84c-8ec4b9db2c8c?version=1.0&amp;t=1668767788604&amp;imageThumbnail=1\" alt=\"Essential\" \/><\/section>\n<section class=\"blocContenu\">\n<div>\n<div class=\"titleh1\"><span class=\"titre\">Ref. :\u00a0<\/span><span class=\"lib\">MURIA1<\/span><\/div>\n<\/div>\n<\/section>\n<\/div>\n<\/section>\n<section id=\"sectionUtilisations\" class=\"blocAccordion\">\n<div class=\"titreAccordion ui-accordion-header ui-accordion-header-active ui-state-active\">USOS DEL PRODUCTO &#8211; RIESGOS:<\/div>\n<div class=\"contentAccordion ui-accordion-content ui-accordion-content-active\">\n<div class=\"linePictos blocContenu\">\n<ul>\n<li class=\"blocProductUse\">Golpes<\/li>\n<\/ul>\n<\/div>\n<\/div>\n<\/section>\n<section id=\"sectionReferences\" class=\"blocAccordion\">\n<div class=\"titreAccordion ui-accordion-header ui-accordion-header-active ui-state-active\">REFERENCIAS<\/div>\n<div class=\"contentAccordion ui-accordion-content ui-accordion-content-active\">\n<table id=\"tabReferences\" class=\"table table-hover footable toggle-circle default footable-loaded\">\n<thead>\n<tr>\n<th class=\"refArticle footable-visible footable-first-column\">REFERENCIA<\/th>\n<th class=\"eanArticle footable-visible\">C\u00d3DIGO DE BARRAS<\/th>\n<th class=\"pcbArticle footable-visible\"><\/th>\n<th class=\"spcbArticle footable-visible\"><\/th>\n<th class=\"groupingRuleArticle footable-visible\" data-hide=\"phone\" data-grouping-label=\"Color Art\u00edculo\">COLOR ART\u00cdCULO<\/th>\n<th class=\"groupingRuleArticle footable-visible footable-last-column\" data-hide=\"phone\" data-grouping-label=\"Talla Art\u00edculo\">TALLA ART\u00cdCULO<\/th>\n<\/tr>\n<\/thead>\n<tfoot><\/tfoot>\n<tbody>\n<tr>\n<td class=\"refArticle footable-visible footable-first-column\" data-ref=\"MURIA1VD\">MURIA1VD-MURIA 1<\/td>\n<td class=\"eanArticle footable-visible\">3295249137908<\/td>\n<td class=\"pcbArticle footable-visible\" data-vl=\"11\" data-pcb=\"60\" data-spcb=\"10\" data-partitionable=\"true\">60<\/td>\n<td class=\"spcbArticle footable-visible\">10<\/td>\n<td class=\"groupingRuleArticle footable-visible\" data-grouping-label=\"Color Art\u00edculo\" data-grouping-value=\"Incoloro\">Incoloro<\/td>\n<td class=\"groupingRuleArticle footable-visible footable-last-column\" data-grouping-label=\"Talla Art\u00edculo\" data-grouping-value=\"Ajustable\">Ajustable<\/td>\n<\/tr>\n<\/tbody>\n<\/table>\n<\/div>\n<\/section>\n<section id=\"sectionNormes\" class=\"blocAccordion\">\n<div class=\"titreAccordion ui-accordion-header ui-accordion-header-active ui-state-active\">CERTIFICACIONES &#8211; NORMAS<\/div>\n<div class=\"contentAccordion ui-accordion-content ui-accordion-content-active\">\n<section class=\"blocContenu row-fluid blocContenu-first groupeDirectives\">\n<div class=\"row-fluid legislation\">\n<div class=\"span12\">\n<p class=\"headerLegislation\"><span class=\"pictoLegislation LEG300\"><img decoding=\"async\" title=\"Certif. sello S Resoluci\u00f3n 896\/99\" src=\"https:\/\/www.deltaplus.com.ar\/documents\/10194\/11468382\/LOGO+IRAM+S+PARA+GUANTES.jpg\/7f981917-2bd9-40d8-9f54-16815214e026?version=1.0&amp;t=1668767788510&amp;imageThumbnail=1\" alt=\"Certif. sello S Resoluci\u00f3n 896\/99\" \/>\u00a0<\/span><span class=\"libLegislation\">CERTIF. SELLO S RESOLUCI\u00d3N 896\/9<\/span><\/p>\n<\/div>\n<\/div>\n<div class=\"row-fluid norme\">\n<div class=\"span11 libNorme\">\n<p><span class=\"normLib\" data-norm-code=\"0\">EN166 Protecci\u00f3n individual de los ojos &#8211; Especificaciones\u00a0\u00a0<i class=\"icon-ord-info\"><\/i><\/span><\/p>\n<table class=\"performanceNorme\">\n<tbody>\n<tr>\n<td class=\"shortLabelPerf\"><\/td>\n<td class=\"valeurPerf\">1 B<\/td>\n<td class=\"libPerf\">Cristales<\/td>\n<\/tr>\n<\/tbody>\n<\/table>\n<\/div>\n<\/div>\n<div class=\"row-fluid legislation\">\n<div class=\"span12\">\n<p class=\"headerLegislation\"><span class=\"libLegislation\">USA STANDARDS<\/span><\/p>\n<\/div>\n<\/div>\n<div class=\"row-fluid norme\">\n<div class=\"span11 libNorme\">\n<p>ANSI-ISEA Z87.1:2015\u00a0Instituto Nacional Estadounidense de Est\u00e1ndares: Dispositivos profesionales y de capacitaci\u00f3n de protecci\u00f3n para los ojos y el rostro<\/p>\n<table class=\"performanceNorme\">\n<tbody>\n<tr>\n<td class=\"shortLabelPerf\"><\/td>\n<td class=\"valeurPerf\">Z87+ \/ Z87<\/td>\n<td class=\"libPerf\">Desempe\u00f1o<\/td>\n<\/tr>\n<\/tbody>\n<\/table>\n<\/div>\n<\/div>\n<div class=\"row-fluid legislation\">\n<div class=\"span12\">\n<p class=\"headerLegislation\"><span class=\"pictoLegislation LEG011\"><img decoding=\"async\" title=\"REGLAMENTACI\u00d3N (UE) 2016\/425\" src=\"https:\/\/www.deltaplus.com.ar\/documents\/10194\/11466796\/Picto+CE.jpg\/d8dafaa5-8c2b-4094-b6a5-907872154b9f?version=1.0&amp;t=1668767732612&amp;imageThumbnail=1\" alt=\"REGLAMENTACI\u00d3N (UE) 2016\/425\" \/>\u00a0<\/span><span class=\"libLegislation\">REGLAMENTACI\u00d3N (UE) 2016\/425<\/span><\/p>\n<\/div>\n<\/div>\n<div class=\"row-fluid norme\">\n<div class=\"span11 libNorme\">\n<p><span class=\"normLib\" data-norm-code=\"0\">EN166:2001\u00a0Protecci\u00f3n individual de los ojos &#8211; Especificaciones\u00a0\u00a0<i class=\"icon-ord-info\"><\/i><\/span><\/p>\n<table class=\"performanceNorme\">\n<tbody>\n<tr>\n<td class=\"shortLabelPerf\"><\/td>\n<td class=\"valeurPerf\">1 B<\/td>\n<td class=\"libPerf\">Cristales<\/td>\n<\/tr>\n<tr>\n<td class=\"shortLabelPerf\"><\/td>\n<td class=\"valeurPerf\">B<\/td>\n<td class=\"libPerf\">Monturas<\/td>\n<\/tr>\n<\/tbody>\n<\/table>\n<\/div>\n<\/div>\n<\/section>\n<\/div>\n<\/section>\n","protected":false},"excerpt":{"rendered":"<p>Gafas panor\u00e1micas de policarbonato incoloro. Montura flexible de PVC. Ventilaci\u00f3n directa. Cinta el\u00e1stica tejida.<\/p>\n","protected":false},"featured_media":9936,"template":"","meta":{"_joinchat":[]},"product_cat":[549],"product_tag":[557],"class_list":{"0":"post-2319","1":"product","2":"type-product","3":"status-publish","4":"has-post-thumbnail","6":"product_cat-ocular","7":"product_tag-gafas-panoramicas","9":"first","10":"instock","11":"taxable","12":"shipping-taxable","13":"product-type-simple"},"_links":{"self":[{"href":"https:\/\/lidertecsa.com.ar\/catalogo\/wp-json\/wp\/v2\/product\/2319"}],"collection":[{"href":"https:\/\/lidertecsa.com.ar\/catalogo\/wp-json\/wp\/v2\/product"}],"about":[{"href":"https:\/\/lidertecsa.com.ar\/catalogo\/wp-json\/wp\/v2\/types\/product"}],"wp:featuredmedia":[{"embeddable":true,"href":"https:\/\/lidertecsa.com.ar\/catalogo\/wp-json\/wp\/v2\/media\/9936"}],"wp:attachment":[{"href":"https:\/\/lidertecsa.com.ar\/catalogo\/wp-json\/wp\/v2\/media?parent=2319"}],"wp:term":[{"taxonomy":"product_cat","embeddable":true,"href":"https:\/\/lidertecsa.com.ar\/catalogo\/wp-json\/wp\/v2\/product_cat?post=2319"},{"taxonomy":"product_tag","embeddable":true,"href":"https:\/\/lidertecsa.com.ar\/catalogo\/wp-json\/wp\/v2\/product_tag?post=2319"}],"curies":[{"name":"wp","href":"https:\/\/api.w.org\/{rel}","templated":true}]}}