{"id":2310,"date":"2023-07-04T00:36:44","date_gmt":"2023-07-04T03:36:44","guid":{"rendered":"https:\/\/lidertecsa.com.ar\/catalogo\/?post_type=product&#038;p=2310"},"modified":"2024-12-13T16:33:18","modified_gmt":"2024-12-13T19:33:18","slug":"gafas-panoramicas-d-policarbonato-galeras-smoke","status":"publish","type":"product","link":"https:\/\/lidertecsa.com.ar\/catalogo\/producto\/gafas-panoramicas-d-policarbonato-galeras-smoke\/","title":{"rendered":"Gafas Panor\u00e1micas D\/ Policarbonato &#8211; Galeras Smoke"},"content":{"rendered":"<section id=\"sectionCarac\" class=\"blocAccordion\">\n<div class=\"titreAccordion ui-accordion-header ui-accordion-header-active ui-state-active\">CARACTER\u00cdSTICAS DEL PRODUCTO<\/div>\n<div class=\"contentAccordion ui-accordion-content ui-accordion-content-active\">\n<section class=\"blocContenu blocContenu-first\">\n<div>Gafas panor\u00e1micas de policarbonato incoloro. Ventilaci\u00f3n indirecta. Montura flexible de PVC y nylon. Pantalla panor\u00e1mica. Adaptada a las gafas de vista y a la semi-m\u00e1scara respiratoria de uso corto. Cinta el\u00e1stica de Muy buena sujeci\u00f3n.<\/div>\n<\/section>\n<section class=\"blocContenu\">\n<div>Montura : PVC<br \/>\nPantalla : Policarbonato<\/div>\n<\/section>\n<section class=\"blocContenu\"><img decoding=\"async\" class=\"pictosST50 pictosStruct\" title=\"Evolution\" src=\"https:\/\/www.deltaplus.com.ar\/documents\/10194\/11468382\/logo+evolution.jpg\/33e01a8f-3db9-44d5-b841-606d74785f94?version=1.0&amp;t=1668767793662&amp;imageThumbnail=1\" alt=\"Evolution\" \/>\u00a0<img decoding=\"async\" class=\"pictosST90 pictosStruct\" title=\"Anti-bu\u00e9e\" src=\"https:\/\/www.deltaplus.com.ar\/documents\/10194\/11466796\/Picto+Antimist.jpg\/012d3968-8a47-43ce-9fb9-faf175fce71b?version=1.0&amp;t=1668767752291&amp;imageThumbnail=1\" alt=\"Anti-bu\u00e9e\" \/>\u00a0<img decoding=\"async\" class=\"pictosST90 pictosStruct\" title=\"Anti-rayures\" src=\"https:\/\/www.deltaplus.com.ar\/documents\/10194\/11466796\/Picto+Antiscratch.jpg\/30ed917e-4d73-4a87-9a07-067b6c8e1fa9?version=1.1&amp;t=1625767220362&amp;imageThumbnail=1\" alt=\"Anti-rayures\" \/>\u00a0<img decoding=\"async\" class=\"pictosST90 pictosStruct\" title=\"UV400\" src=\"https:\/\/www.deltaplus.com.ar\/documents\/10194\/11466796\/picto+UV400.jpg\/bfd9934c-96c3-42b9-95b3-e0bcc2403a13?version=1.0&amp;t=1668767621750&amp;imageThumbnail=1\" alt=\"UV400\" \/><\/section>\n<section class=\"blocContenu\">\n<div>\n<div class=\"titleh1\"><span class=\"titre\">Ref. :\u00a0<\/span><span class=\"lib\">GALERVF<\/span><\/div>\n<\/div>\n<\/section>\n<\/div>\n<\/section>\n<section id=\"sectionUtilisations\" class=\"blocAccordion\">\n<div class=\"titreAccordion ui-accordion-header ui-accordion-header-active ui-state-active\">USOS DEL PRODUCTO &#8211; RIESGOS<\/div>\n<div class=\"contentAccordion ui-accordion-content ui-accordion-content-active\">\n<div class=\"linePictos blocContenu\">\n<div class=\"blocProductUse\"><span id=\"picto_8575993\">Travaux publics<\/span><\/div>\n<div class=\"blocProductUse\"><span id=\"picto_8576004\">Chimie \/ P\u00e9trochimie<\/span><\/div>\n<div class=\"blocProductUse\"><span id=\"picto_8576006\">P\u00e9trole et gaz (extraction)\u00a0<\/span><\/div>\n<\/div>\n<div class=\"linePictos blocContenu\">\n<div class=\"blocProductUse\">Golpes<\/div>\n<div class=\"blocProductUse\">Particules<\/div>\n<div class=\"blocProductUse\">Biol\u00f3gicos<\/div>\n<\/div>\n<\/div>\n<\/section>\n<section id=\"sectionPlusProduits\" class=\"blocAccordion\">\n<div class=\"titreAccordion ui-accordion-header ui-accordion-header-active ui-state-active\">LOS PRODUCTOS + &#8211; BENEFICIOS PARA EL USUARIO<\/div>\n<div class=\"contentAccordion ui-accordion-content ui-accordion-content-active\">\n<section class=\"blocContenu row-fluid benefit\">\n<div class=\"span2 image\">\n<div class=\"row-fluid\">\n<div class=\"span10 offset1\"><img decoding=\"async\" title=\"\" src=\"https:\/\/www.deltaplus.com.ar\/documents\/10194\/11530246\/GALERAS+elastic.jpg\/f6898a4d-9e15-4280-a205-9b1c81cd3a45?version=1.0&amp;t=1668772627732&amp;imageThumbnail=1\" alt=\"\" data-src=\"\" \/><\/div>\n<\/div>\n<\/div>\n<\/section>\n<section class=\"blocContenu row-fluid benefit\">\n<div class=\"span2 image\">\n<div class=\"row-fluid\">\n<div class=\"span10 offset1\"><img decoding=\"async\" title=\"\" src=\"https:\/\/www.deltaplus.com.ar\/documents\/10194\/11530246\/FILM+GOGGLE2.jpg\/1f2d4d04-ca17-4f13-b2a5-c06c4793e54c?version=1.0&amp;t=1668772986347&amp;imageThumbnail=1\" alt=\"\" data-src=\"\" \/><\/div>\n<\/div>\n<\/div>\n<\/section>\n<\/div>\n<\/section>\n<section id=\"sectionReferences\" class=\"blocAccordion\">\n<div class=\"titreAccordion ui-accordion-header ui-accordion-header-active ui-state-active\">REFERENCIAS<\/div>\n<div class=\"contentAccordion ui-accordion-content ui-accordion-content-active\">\n<table id=\"tabReferences\" class=\"table table-hover footable toggle-circle default footable-loaded\">\n<thead>\n<tr>\n<th class=\"refArticle footable-visible footable-first-column\">REFERENCIA<\/th>\n<th class=\"eanArticle footable-visible\">C\u00d3DIGO DE BARRAS<\/th>\n<th class=\"pcbArticle footable-visible\"><\/th>\n<th class=\"spcbArticle footable-visible\"><\/th>\n<th class=\"groupingRuleArticle footable-visible\" data-hide=\"phone\" data-grouping-label=\"Color Art\u00edculo\">COLOR ART\u00cdCULO<\/th>\n<th class=\"groupingRuleArticle footable-visible footable-last-column\" data-hide=\"phone\" data-grouping-label=\"Talla Art\u00edculo\">TALLA ART\u00cdCULO<\/th>\n<\/tr>\n<\/thead>\n<tfoot><\/tfoot>\n<tbody>\n<tr>\n<td class=\"refArticle footable-visible footable-first-column\" data-ref=\"GALERVF\">GALERVF-GALERAS<\/td>\n<td class=\"eanArticle footable-visible\">3295249199265<\/td>\n<td class=\"pcbArticle footable-visible\" data-vl=\"11\" data-pcb=\"60\" data-spcb=\"10\" data-partitionable=\"true\">60<\/td>\n<td class=\"spcbArticle footable-visible\">10<\/td>\n<td class=\"groupingRuleArticle footable-visible\" data-grouping-label=\"Color Art\u00edculo\" data-grouping-value=\"Ahumado\">Ahumado<\/td>\n<td class=\"groupingRuleArticle footable-visible footable-last-column\" data-grouping-label=\"Talla Art\u00edculo\" data-grouping-value=\"Ajustable\">Ajustable<\/td>\n<\/tr>\n<\/tbody>\n<\/table>\n<\/div>\n<\/section>\n<section id=\"sectionNormes\" class=\"blocAccordion\">\n<div class=\"titreAccordion ui-accordion-header ui-accordion-header-active ui-state-active\">CERTIFICACIONES &#8211; NORMAS<\/div>\n<div class=\"contentAccordion ui-accordion-content ui-accordion-content-active\">\n<section class=\"blocContenu row-fluid blocContenu-first groupeDirectives\">\n<div class=\"row-fluid legislation\">\n<div class=\"span12\">\n<p class=\"headerLegislation\"><span class=\"pictoLegislation LEG300\"><img decoding=\"async\" title=\"Certif. sello S Resoluci\u00f3n 896\/99\" src=\"https:\/\/www.deltaplus.com.ar\/documents\/10194\/11468382\/LOGO+IRAM+S+PARA+GUANTES.jpg\/7f981917-2bd9-40d8-9f54-16815214e026?version=1.0&amp;t=1668767788510&amp;imageThumbnail=1\" alt=\"Certif. sello S Resoluci\u00f3n 896\/99\" \/>\u00a0<\/span><span class=\"libLegislation\">CERTIF. SELLO S RESOLUCI\u00d3N 896\/9<\/span><\/p>\n<\/div>\n<\/div>\n<div class=\"row-fluid norme\">\n<div class=\"span11 libNorme\">\n<p><span class=\"normLib\" data-norm-code=\"0\">EN166\u00a0Protecci\u00f3n individual de los ojos &#8211; Especificaciones\u00a0\u00a0<i class=\"icon-ord-info\"><\/i><\/span><\/p>\n<table class=\"performanceNorme\">\n<tbody>\n<tr>\n<td class=\"shortLabelPerf\"><\/td>\n<td class=\"valeurPerf\">1 BT<\/td>\n<td class=\"libPerf\">Cristales<\/td>\n<\/tr>\n<tr>\n<td class=\"shortLabelPerf\"><\/td>\n<td class=\"valeurPerf\">34 BT<\/td>\n<td class=\"libPerf\">Monturas<\/td>\n<\/tr>\n<\/tbody>\n<\/table>\n<\/div>\n<\/div>\n<div class=\"row-fluid legislation\">\n<div class=\"span12\">\n<p class=\"headerLegislation\"><span class=\"libLegislation\">USA STANDARDS<\/span><\/p>\n<\/div>\n<\/div>\n<div class=\"row-fluid norme\">\n<div class=\"span1 pictoNorme\"><img decoding=\"async\" title=\"Instituto Nacional Estadounidense de Est\u00e1ndares: Dispositivos profesionales y de capacitaci\u00f3n de protecci\u00f3n para los ojos y el rostro\" src=\"https:\/\/www.deltaplus.com.ar\/documents\/10194\/11466796\/ANSI.jpg\/2fb255aa-64ff-4d30-9a92-5012ee710762?version=1.0&amp;t=1668767745648&amp;imageThumbnail=1\" alt=\"Instituto Nacional Estadounidense de Est\u00e1ndares: Dispositivos profesionales y de capacitaci\u00f3n de protecci\u00f3n para los ojos y el rostro\" \/><\/div>\n<div class=\"span11 libNorme\">\n<p>ANSI-ISEA Z87.1:2015\u00a0Instituto Nacional Estadounidense de Est\u00e1ndares: Dispositivos profesionales y de capacitaci\u00f3n de protecci\u00f3n para los ojos y el rostro<\/p>\n<table class=\"performanceNorme\">\n<tbody>\n<tr>\n<td class=\"shortLabelPerf\"><\/td>\n<td class=\"valeurPerf\">Z87+ U6 L3 D3<\/td>\n<td class=\"libPerf\">Desempe\u00f1o<\/td>\n<\/tr>\n<\/tbody>\n<\/table>\n<\/div>\n<\/div>\n<div class=\"row-fluid legislation\">\n<div class=\"span12\">\n<p class=\"headerLegislation\"><span class=\"pictoLegislation LEG011\"><img decoding=\"async\" title=\"REGLAMENTACI\u00d3N (UE) 2016\/425\" src=\"https:\/\/www.deltaplus.com.ar\/documents\/10194\/11466796\/Picto+CE.jpg\/d8dafaa5-8c2b-4094-b6a5-907872154b9f?version=1.0&amp;t=1668767732612&amp;imageThumbnail=1\" alt=\"REGLAMENTACI\u00d3N (UE) 2016\/425\" \/>\u00a0<\/span><span class=\"libLegislation\">REGLAMENTACI\u00d3N (UE) 2016\/425<\/span><\/p>\n<\/div>\n<\/div>\n<div class=\"row-fluid norme\">\n<div class=\"span11 libNorme\">\n<p><span class=\"normLib\" data-norm-code=\"0\">EN166:2001\u00a0Protecci\u00f3n individual de los ojos &#8211; Especificaciones\u00a0\u00a0<i class=\"icon-ord-info\"><\/i><\/span><\/p>\n<table class=\"performanceNorme\">\n<tbody>\n<tr>\n<td class=\"shortLabelPerf\"><\/td>\n<td class=\"valeurPerf\">1 BT<\/td>\n<td class=\"libPerf\">Cristales<\/td>\n<\/tr>\n<tr>\n<td class=\"shortLabelPerf\"><\/td>\n<td class=\"valeurPerf\">34 BT<\/td>\n<td class=\"libPerf\">Monturas<\/td>\n<\/tr>\n<\/tbody>\n<\/table>\n<\/div>\n<\/div>\n<div class=\"row-fluid norme\">\n<div class=\"span11 libNorme\">\n<p><span class=\"normLib\" data-norm-code=\"1\">EN172:1994\/A1:2000\/A2:2001\u00a0Filtros de protecci\u00f3n solar para uso laboral\u00a0\u00a0<i class=\"icon-ord-info\"><\/i><\/span><\/p>\n<table class=\"performanceNorme\">\n<tbody>\n<tr>\n<td class=\"shortLabelPerf\"><\/td>\n<td class=\"valeurPerf\">UV 5-3.1<\/td>\n<td class=\"libPerf\">Nivel<\/td>\n<\/tr>\n<\/tbody>\n<\/table>\n<\/div>\n<\/div>\n<\/section>\n<\/div>\n<\/section>\n","protected":false},"excerpt":{"rendered":"<p>Gafas panor\u00e1micas de policarbonato incoloro. Ventilaci\u00f3n indirecta. Montura flexible de PVC y nylon. Pantalla panor\u00e1mica. Adaptada a las gafas de vista y a la semi-m\u00e1scara respiratoria de uso corto. Cinta el\u00e1stica.<\/p>\n","protected":false},"featured_media":9933,"template":"","meta":{"_joinchat":[]},"product_cat":[549],"product_tag":[557],"class_list":{"0":"post-2310","1":"product","2":"type-product","3":"status-publish","4":"has-post-thumbnail","6":"product_cat-ocular","7":"product_tag-gafas-panoramicas","9":"first","10":"instock","11":"taxable","12":"shipping-taxable","13":"product-type-simple"},"_links":{"self":[{"href":"https:\/\/lidertecsa.com.ar\/catalogo\/wp-json\/wp\/v2\/product\/2310"}],"collection":[{"href":"https:\/\/lidertecsa.com.ar\/catalogo\/wp-json\/wp\/v2\/product"}],"about":[{"href":"https:\/\/lidertecsa.com.ar\/catalogo\/wp-json\/wp\/v2\/types\/product"}],"wp:featuredmedia":[{"embeddable":true,"href":"https:\/\/lidertecsa.com.ar\/catalogo\/wp-json\/wp\/v2\/media\/9933"}],"wp:attachment":[{"href":"https:\/\/lidertecsa.com.ar\/catalogo\/wp-json\/wp\/v2\/media?parent=2310"}],"wp:term":[{"taxonomy":"product_cat","embeddable":true,"href":"https:\/\/lidertecsa.com.ar\/catalogo\/wp-json\/wp\/v2\/product_cat?post=2310"},{"taxonomy":"product_tag","embeddable":true,"href":"https:\/\/lidertecsa.com.ar\/catalogo\/wp-json\/wp\/v2\/product_tag?post=2310"}],"curies":[{"name":"wp","href":"https:\/\/api.w.org\/{rel}","templated":true}]}}