{"id":225,"date":"2023-06-13T14:40:04","date_gmt":"2023-06-13T17:40:04","guid":{"rendered":"https:\/\/lidertecsa.com.ar\/catalogo\/?post_type=product&#038;p=225"},"modified":"2024-12-13T16:30:27","modified_gmt":"2024-12-13T19:30:27","slug":"torno-lapiz-en-kit","status":"publish","type":"product","link":"https:\/\/lidertecsa.com.ar\/catalogo\/producto\/torno-lapiz-en-kit\/","title":{"rendered":"TORNO L\u00c1PIZ EN KIT"},"content":{"rendered":"<p>Para trabajos d eterminaci\u00f3n delicada enartesanias, pulido y limpieza metal\u00fargica.<br \/>\nConsumo de aire: 0.22 m3\/min.<br \/>\nMandril 1\/8&#8243;.<\/p>\n<p>El kit incluye:<br \/>\nA &#8211; 10 piedras montadas.<br \/>\nB &#8211; Acople tipo racord de 1\/4&#8243;.<br \/>\nC &#8211; Lubricador de aceite autom\u00e1tico.<br \/>\nD &#8211; 2 llaves para reemplazo de piedras.<br \/>\nE &#8211; Manual con despiece<\/p>\n","protected":false},"excerpt":{"rendered":"<table border=\"0\" width=\"870\" align=\"center\">\n<tbody>\n<tr>\n<td height=\"23\">\n<div align=\"left\"><strong><span style=\"font-family: Arial, Helvetica, sans-serif\">AK900<\/span><\/strong><\/div>\n<\/td>\n<td height=\"23\"><\/td>\n<td>\n<div align=\"center\"><span style=\"font-family: Arial, Helvetica, sans-serif;font-size: small\">M\u00e1x. RPM: 58000<br \/>\nEntrada de aire: 1\/4&#8243;<\/span><\/div>\n<\/td>\n<\/tr>\n<\/tbody>\n<\/table>\n","protected":false},"featured_media":226,"template":"","meta":{"_joinchat":[]},"product_cat":[72,284],"product_tag":[285],"class_list":{"0":"post-225","1":"product","2":"type-product","3":"status-publish","4":"has-post-thumbnail","6":"product_cat-mota","7":"product_cat-herramientas-neumaticas","8":"product_tag-minitorno-tipo-lapiz","10":"first","11":"instock","12":"taxable","13":"shipping-taxable","14":"product-type-simple"},"_links":{"self":[{"href":"https:\/\/lidertecsa.com.ar\/catalogo\/wp-json\/wp\/v2\/product\/225"}],"collection":[{"href":"https:\/\/lidertecsa.com.ar\/catalogo\/wp-json\/wp\/v2\/product"}],"about":[{"href":"https:\/\/lidertecsa.com.ar\/catalogo\/wp-json\/wp\/v2\/types\/product"}],"wp:featuredmedia":[{"embeddable":true,"href":"https:\/\/lidertecsa.com.ar\/catalogo\/wp-json\/wp\/v2\/media\/226"}],"wp:attachment":[{"href":"https:\/\/lidertecsa.com.ar\/catalogo\/wp-json\/wp\/v2\/media?parent=225"}],"wp:term":[{"taxonomy":"product_cat","embeddable":true,"href":"https:\/\/lidertecsa.com.ar\/catalogo\/wp-json\/wp\/v2\/product_cat?post=225"},{"taxonomy":"product_tag","embeddable":true,"href":"https:\/\/lidertecsa.com.ar\/catalogo\/wp-json\/wp\/v2\/product_tag?post=225"}],"curies":[{"name":"wp","href":"https:\/\/api.w.org\/{rel}","templated":true}]}}