{"id":2177,"date":"2023-07-02T16:05:40","date_gmt":"2023-07-02T19:05:40","guid":{"rendered":"https:\/\/lidertecsa.com.ar\/catalogo\/?post_type=product&#038;p=2177"},"modified":"2024-12-13T16:33:07","modified_gmt":"2024-12-13T19:33:07","slug":"lapiz-carpintero","status":"publish","type":"product","link":"https:\/\/lidertecsa.com.ar\/catalogo\/producto\/lapiz-carpintero\/","title":{"rendered":"L\u00e1piz Carpintero"},"content":{"rendered":"<p>L\u00e1piz de carpintero con un largo de 180mm.<\/p>\n<p>Ideal para alba\u00f1iler\u00eda, carpinter\u00eda, herrer\u00eda, construcci\u00f3n en seco.<br \/>\nGrafito de alta resistencia al desgaste.<br \/>\nAdaptable a diferentes superficies.<\/p>\n","protected":false},"excerpt":{"rendered":"<p>L\u00e1piz de carpintero con un largo de 180mm.<\/p>\n","protected":false},"featured_media":2178,"template":"","meta":{"_joinchat":[]},"product_cat":[537],"product_tag":[538],"class_list":{"0":"post-2177","1":"product","2":"type-product","3":"status-publish","4":"has-post-thumbnail","6":"product_cat-marcacion","7":"product_tag-lapiz","9":"first","10":"instock","11":"taxable","12":"shipping-taxable","13":"product-type-simple"},"_links":{"self":[{"href":"https:\/\/lidertecsa.com.ar\/catalogo\/wp-json\/wp\/v2\/product\/2177"}],"collection":[{"href":"https:\/\/lidertecsa.com.ar\/catalogo\/wp-json\/wp\/v2\/product"}],"about":[{"href":"https:\/\/lidertecsa.com.ar\/catalogo\/wp-json\/wp\/v2\/types\/product"}],"wp:featuredmedia":[{"embeddable":true,"href":"https:\/\/lidertecsa.com.ar\/catalogo\/wp-json\/wp\/v2\/media\/2178"}],"wp:attachment":[{"href":"https:\/\/lidertecsa.com.ar\/catalogo\/wp-json\/wp\/v2\/media?parent=2177"}],"wp:term":[{"taxonomy":"product_cat","embeddable":true,"href":"https:\/\/lidertecsa.com.ar\/catalogo\/wp-json\/wp\/v2\/product_cat?post=2177"},{"taxonomy":"product_tag","embeddable":true,"href":"https:\/\/lidertecsa.com.ar\/catalogo\/wp-json\/wp\/v2\/product_tag?post=2177"}],"curies":[{"name":"wp","href":"https:\/\/api.w.org\/{rel}","templated":true}]}}