{"id":209,"date":"2023-06-13T14:09:41","date_gmt":"2023-06-13T17:09:41","guid":{"rendered":"https:\/\/lidertecsa.com.ar\/catalogo\/?post_type=product&#038;p=209"},"modified":"2024-12-13T16:30:26","modified_gmt":"2024-12-13T19:30:26","slug":"sistema-gravedad-alta-viscosidad","status":"publish","type":"product","link":"https:\/\/lidertecsa.com.ar\/catalogo\/producto\/sistema-gravedad-alta-viscosidad\/","title":{"rendered":"PISTOLA DE PINTAR CON SISTEMA GRAVEDAD ALTA VISCOSIDAD"},"content":{"rendered":"<p>Pistola de pintar de alta calidad.<br \/>\nIndicada especialmente para aplicar pinturas de alta viscosidad.<br \/>\nEspec\u00edfica para pintado de maquinarias, embarcaciones, etc.<br \/>\nCuerpo de aluminio.<br \/>\nEl kit incluye: Dep\u00f3sito pl\u00e1stico graduado con tapa, pico 3,0 mm, filtro pl\u00e1stico, acople racord hembra, kit de desarme y limpieza, manual con despiece.<\/p>\n","protected":false},"excerpt":{"rendered":"<table border=\"0\" width=\"870\" align=\"center\">\n<tbody>\n<tr>\n<td width=\"8%\" height=\"23\">\n<div align=\"left\"><strong><span style=\"font-family: Arial, Helvetica, sans-serif\">P900<\/span><\/strong><\/div>\n<\/td>\n<td width=\"26%\"><\/td>\n<td>\n<div align=\"center\"><span style=\"font-size: x-large\"><span style=\"font-family: Arial, Helvetica, sans-serif;font-size: small\">Presi\u00f3n de trabajo: 3.5 BAR M\u00e1x.<br \/>\nDep\u00f3sito: 600cc<\/span><\/span><\/div>\n<\/td>\n<\/tr>\n<\/tbody>\n<\/table>\n","protected":false},"featured_media":210,"template":"","meta":{"_joinchat":[]},"product_cat":[73],"product_tag":[75],"class_list":{"0":"post-209","1":"product","2":"type-product","3":"status-publish","4":"has-post-thumbnail","6":"product_cat-pistolas-de-pintar","7":"product_tag-profesional","9":"first","10":"instock","11":"taxable","12":"shipping-taxable","13":"product-type-simple"},"_links":{"self":[{"href":"https:\/\/lidertecsa.com.ar\/catalogo\/wp-json\/wp\/v2\/product\/209"}],"collection":[{"href":"https:\/\/lidertecsa.com.ar\/catalogo\/wp-json\/wp\/v2\/product"}],"about":[{"href":"https:\/\/lidertecsa.com.ar\/catalogo\/wp-json\/wp\/v2\/types\/product"}],"wp:featuredmedia":[{"embeddable":true,"href":"https:\/\/lidertecsa.com.ar\/catalogo\/wp-json\/wp\/v2\/media\/210"}],"wp:attachment":[{"href":"https:\/\/lidertecsa.com.ar\/catalogo\/wp-json\/wp\/v2\/media?parent=209"}],"wp:term":[{"taxonomy":"product_cat","embeddable":true,"href":"https:\/\/lidertecsa.com.ar\/catalogo\/wp-json\/wp\/v2\/product_cat?post=209"},{"taxonomy":"product_tag","embeddable":true,"href":"https:\/\/lidertecsa.com.ar\/catalogo\/wp-json\/wp\/v2\/product_tag?post=209"}],"curies":[{"name":"wp","href":"https:\/\/api.w.org\/{rel}","templated":true}]}}