{"id":204,"date":"2023-06-13T14:06:00","date_gmt":"2023-06-13T17:06:00","guid":{"rendered":"https:\/\/lidertecsa.com.ar\/catalogo\/?post_type=product&#038;p=204"},"modified":"2024-12-13T16:30:26","modified_gmt":"2024-12-13T19:30:26","slug":"sistema-de-succion-media-presion","status":"publish","type":"product","link":"https:\/\/lidertecsa.com.ar\/catalogo\/producto\/sistema-de-succion-media-presion\/","title":{"rendered":"PISTOLA DE PINTAR CON SISTEMA DE SUCCI\u00d3N MEDIA PRESI\u00d3N"},"content":{"rendered":"<p>Alto volumen. Media presi\u00f3n.<br \/>\nAhorra pintura y preserva el medio ambiente.<br \/>\nResiste pintura de base acuosa y a base de solvente.<br \/>\nPico y aguja de acero inoxidable.<br \/>\nCuerpo de aluminio.<br \/>\nEl kit incluye: Dep\u00f3sito met\u00e1lico con tapa y bafle pl\u00e1stico, pico 1,7 mm, filtro met\u00e1lico, acople racord hembra, llave de desarme, manual con despiece.<\/p>\n","protected":false},"excerpt":{"rendered":"<table border=\"0\" width=\"870\" align=\"center\">\n<tbody>\n<tr>\n<td height=\"23\">\n<div align=\"left\"><strong><span style=\"font-family: Arial, Helvetica, sans-serif\">P600<\/span><\/strong><\/div>\n<\/td>\n<td height=\"23\"><\/td>\n<td>\n<div align=\"center\"><span style=\"font-size: x-large\"><span style=\"font-family: Arial, Helvetica, sans-serif;font-size: small\">Presi\u00f3n de trabajo: 3,5 BAR M\u00e1x.<br \/>\nDep\u00f3sito: 1000cc<\/span><\/span><\/div>\n<\/td>\n<\/tr>\n<\/tbody>\n<\/table>\n","protected":false},"featured_media":205,"template":"","meta":{"_joinchat":[]},"product_cat":[73],"product_tag":[75],"class_list":{"0":"post-204","1":"product","2":"type-product","3":"status-publish","4":"has-post-thumbnail","6":"product_cat-pistolas-de-pintar","7":"product_tag-profesional","9":"first","10":"instock","11":"taxable","12":"shipping-taxable","13":"product-type-simple"},"_links":{"self":[{"href":"https:\/\/lidertecsa.com.ar\/catalogo\/wp-json\/wp\/v2\/product\/204"}],"collection":[{"href":"https:\/\/lidertecsa.com.ar\/catalogo\/wp-json\/wp\/v2\/product"}],"about":[{"href":"https:\/\/lidertecsa.com.ar\/catalogo\/wp-json\/wp\/v2\/types\/product"}],"wp:featuredmedia":[{"embeddable":true,"href":"https:\/\/lidertecsa.com.ar\/catalogo\/wp-json\/wp\/v2\/media\/205"}],"wp:attachment":[{"href":"https:\/\/lidertecsa.com.ar\/catalogo\/wp-json\/wp\/v2\/media?parent=204"}],"wp:term":[{"taxonomy":"product_cat","embeddable":true,"href":"https:\/\/lidertecsa.com.ar\/catalogo\/wp-json\/wp\/v2\/product_cat?post=204"},{"taxonomy":"product_tag","embeddable":true,"href":"https:\/\/lidertecsa.com.ar\/catalogo\/wp-json\/wp\/v2\/product_tag?post=204"}],"curies":[{"name":"wp","href":"https:\/\/api.w.org\/{rel}","templated":true}]}}